{"id":3178,"date":"2024-07-20T08:39:59","date_gmt":"2024-07-20T08:39:59","guid":{"rendered":"https:\/\/www.peregrino.online\/camino-de-invierno\/"},"modified":"2026-02-23T07:32:41","modified_gmt":"2026-02-23T07:32:41","slug":"camino-invierno","status":"publish","type":"page","link":"https:\/\/www.peregrino.online\/it\/camino-invierno\/","title":{"rendered":"Cammino di Inverno"},"content":{"rendered":"<div id=\"pl-3178\"  class=\"panel-layout\" ><div id=\"pg-3178-0\"  class=\"panel-grid panel-no-style\" ><div id=\"pgc-3178-0-0\"  class=\"panel-grid-cell\" ><div id=\"panel-3178-0-0-0\" class=\"so-panel widget widget_sow-editor panel-first-child widgetopts-SO\" data-index=\"0\" ><div\n\t\t\t\n\t\t\tclass=\"so-widget-sow-editor so-widget-sow-editor-base\"\n\t\t\t\n\t\t>\n<div class=\"siteorigin-widget-tinymce textwidget\">\n\t<p>&nbsp;<\/p>\n<h2 class=\"etapa-heading\">Cammino di Inverno \u2013 Guida completa, tappe, pianificazione e consigli<\/h2>\n<\/div>\n<\/div><\/div><div id=\"panel-3178-0-0-1\" class=\"so-panel widget widget_sow-editor panel-last-child\" data-index=\"1\" ><div\n\t\t\t\n\t\t\tclass=\"so-widget-sow-editor so-widget-sow-editor-base\"\n\t\t\t\n\t\t>\n<div class=\"siteorigin-widget-tinymce textwidget\">\n\t<p><img loading=\"lazy\" decoding=\"async\" class=\"aligncenter wp-image-42850 size-full\" src=\"https:\/\/www.peregrino.online\/wp-content\/uploads\/2026\/02\/inicioit.jpg\" alt=\"\" width=\"600\" height=\"400\" srcset=\"https:\/\/www.peregrino.online\/wp-content\/uploads\/2026\/02\/inicioit.jpg 600w, https:\/\/www.peregrino.online\/wp-content\/uploads\/2026\/02\/inicioit-300x200.jpg 300w, https:\/\/www.peregrino.online\/wp-content\/uploads\/2026\/02\/inicioit-272x182.jpg 272w\" sizes=\"auto, (max-width: 600px) 100vw, 600px\" \/><\/p>\n<h2 style=\"text-align: center;\">Tappe del Cammino di Inverno<\/h2>\n<\/div>\n<\/div><\/div><\/div><\/div><div id=\"pg-3178-1\"  class=\"panel-grid panel-no-style\" ><div id=\"pgc-3178-1-0\"  class=\"panel-grid-cell\" ><div id=\"panel-3178-1-0-0\" class=\"so-panel widget widget_sow-editor panel-first-child panel-last-child\" data-index=\"2\" ><div\n\t\t\t\n\t\t\tclass=\"so-widget-sow-editor so-widget-sow-editor-base\"\n\t\t\t\n\t\t>\n<div class=\"siteorigin-widget-tinymce textwidget\">\n\t<h3><\/h3>\n<h3 style=\"text-align: center;\"><a href=\"https:\/\/www.peregrino.online\/it\/cammino-inverno\/etapas\/1-ponferrada-las-medulas\/\">1.Ponferrada-Las Medulas<\/a><\/h3>\n<div style=\"text-align: center;\"><a href=\"https:\/\/www.peregrino.online\/it\/cammino-inverno\/etapas\/1-ponferrada-las-medulas\/\"><br \/>\n<img decoding=\"async\" style=\"width: 300px; height: 145px;\" src=\"https:\/\/peregrino.online\/camino-de-santiago\/invierno\/fotos\/Perfiles\/1.jpg\" alt=\"Profilo 1.Ponferrada-Las Medulas\"><br \/>\n<\/a><\/div>\n<\/div>\n<\/div><\/div><\/div><div id=\"pgc-3178-1-1\"  class=\"panel-grid-cell\" ><div id=\"panel-3178-1-1-0\" class=\"so-panel widget widget_sow-editor panel-first-child panel-last-child\" data-index=\"3\" ><div\n\t\t\t\n\t\t\tclass=\"so-widget-sow-editor so-widget-sow-editor-base\"\n\t\t\t\n\t\t>\n<div class=\"siteorigin-widget-tinymce textwidget\">\n\t<h3 style=\"text-align: center;\"><a href=\"https:\/\/www.peregrino.online\/it\/cammino-inverno\/etapas\/2-las-medulas-puente-de-domingo-florez\/\">2.Las Medulas-Puente de Domingo Florez<\/a><\/h3>\n<div style=\"text-align: center;\"><a href=\"https:\/\/www.peregrino.online\/it\/cammino-inverno\/etapas\/2-las-medulas-puente-de-domingo-florez\/\"><br \/>\n<img decoding=\"async\" style=\"width: 300px; height: 145px;\" src=\"https:\/\/peregrino.online\/camino-de-santiago\/invierno\/fotos\/Perfiles\/2.jpg\" alt=\"Profilo 2.Las Medulas-Puente de Domingo Florez\"><br \/>\n<\/a><\/div>\n<\/div>\n<\/div><\/div><\/div><div id=\"pgc-3178-1-2\"  class=\"panel-grid-cell\" ><div id=\"panel-3178-1-2-0\" class=\"so-panel widget widget_sow-editor panel-first-child panel-last-child\" data-index=\"4\" ><div\n\t\t\t\n\t\t\tclass=\"so-widget-sow-editor so-widget-sow-editor-base\"\n\t\t\t\n\t\t>\n<div class=\"siteorigin-widget-tinymce textwidget\">\n\t<h3 style=\"text-align: center;\"><a href=\"https:\/\/www.peregrino.online\/it\/cammino-inverno\/etapas\/3-puente-o-barco-de-valdeorras\/\">3.Puente-O Barco de Valdeorras<\/a><\/h3>\n<div style=\"text-align: center;\"><a href=\"https:\/\/www.peregrino.online\/it\/cammino-inverno\/etapas\/3-puente-o-barco-de-valdeorras\/\"><br \/>\n<img decoding=\"async\" style=\"width: 300px; height: 145px;\" src=\"https:\/\/peregrino.online\/camino-de-santiago\/invierno\/fotos\/Perfiles\/3.jpg\" alt=\"Profilo 3.Puente-O Barco de Valdeorras\"><br \/>\n<\/a><\/div>\n<\/div>\n<\/div><\/div><\/div><\/div><div id=\"pg-3178-2\"  class=\"panel-grid panel-no-style\" ><div id=\"pgc-3178-2-0\"  class=\"panel-grid-cell\" ><div id=\"panel-3178-2-0-0\" class=\"so-panel widget widget_sow-editor panel-first-child panel-last-child\" data-index=\"5\" ><div\n\t\t\t\n\t\t\tclass=\"so-widget-sow-editor so-widget-sow-editor-base\"\n\t\t\t\n\t\t>\n<div class=\"siteorigin-widget-tinymce textwidget\">\n\t<h3 style=\"text-align: center;\"><a href=\"https:\/\/www.peregrino.online\/it\/cammino-inverno\/etapas\/4-o-barco-a-rua\/\">4.O Barco-A Rua<\/a><\/h3>\n<div style=\"text-align: center;\"><a href=\"https:\/\/www.peregrino.online\/it\/cammino-inverno\/etapas\/4-o-barco-a-rua\/\"><br \/>\n<img decoding=\"async\" style=\"width: 300px; height: 145px;\" src=\"https:\/\/peregrino.online\/camino-de-santiago\/invierno\/fotos\/Perfiles\/4.jpg\" alt=\"Profilo 4.O Barco-A Rua\"><br \/>\n<\/a><\/div>\n<\/div>\n<\/div><\/div><\/div><div id=\"pgc-3178-2-1\"  class=\"panel-grid-cell\" ><div id=\"panel-3178-2-1-0\" class=\"so-panel widget widget_sow-editor panel-first-child panel-last-child\" data-index=\"6\" ><div\n\t\t\t\n\t\t\tclass=\"so-widget-sow-editor so-widget-sow-editor-base\"\n\t\t\t\n\t\t>\n<div class=\"siteorigin-widget-tinymce textwidget\">\n\t<h3 style=\"text-align: center;\"><a href=\"https:\/\/www.peregrino.online\/it\/cammino-inverno\/etapas\/5-a-rua-quiroga\/\">5.A Rua-Quiroga<\/a><\/h3>\n<div style=\"text-align: center;\"><a href=\"https:\/\/www.peregrino.online\/it\/cammino-inverno\/etapas\/5-a-rua-quiroga\/\"><br \/>\n<img decoding=\"async\" style=\"width: 300px; height: 145px;\" src=\"https:\/\/peregrino.online\/camino-de-santiago\/invierno\/fotos\/Perfiles\/5.jpg\" alt=\"Profilo 5.A Rua-Quiroga\"><br \/>\n<\/a><\/div>\n<\/div>\n<\/div><\/div><\/div><div id=\"pgc-3178-2-2\"  class=\"panel-grid-cell\" ><div id=\"panel-3178-2-2-0\" class=\"so-panel widget widget_sow-editor panel-first-child panel-last-child\" data-index=\"7\" ><div\n\t\t\t\n\t\t\tclass=\"so-widget-sow-editor so-widget-sow-editor-base\"\n\t\t\t\n\t\t>\n<div class=\"siteorigin-widget-tinymce textwidget\">\n\t<h3 style=\"text-align: center;\"><a href=\"https:\/\/www.peregrino.online\/it\/cammino-inverno\/etapas\/6-quiroga-monforte\/\">6.Quiroga-Monforte<\/a><\/h3>\n<div style=\"text-align: center;\"><a href=\"https:\/\/www.peregrino.online\/it\/cammino-inverno\/etapas\/6-quiroga-monforte\/\"><br \/>\n<img decoding=\"async\" style=\"width: 300px; height: 145px;\" src=\"https:\/\/peregrino.online\/camino-de-santiago\/invierno\/fotos\/Perfiles\/6.jpg\" alt=\"Profilo 6.Quiroga-Monforte\"><br \/>\n<\/a><\/div>\n<\/div>\n<\/div><\/div><\/div><\/div><div id=\"pg-3178-3\"  class=\"panel-grid panel-no-style\" ><div id=\"pgc-3178-3-0\"  class=\"panel-grid-cell\" ><div id=\"panel-3178-3-0-0\" class=\"so-panel widget widget_sow-editor panel-first-child panel-last-child\" data-index=\"8\" ><div\n\t\t\t\n\t\t\tclass=\"so-widget-sow-editor so-widget-sow-editor-base\"\n\t\t\t\n\t\t>\n<div class=\"siteorigin-widget-tinymce textwidget\">\n\t<h3 style=\"text-align: center;\"><a href=\"https:\/\/www.peregrino.online\/it\/cammino-inverno\/etapas\/7-monforte-chantada\/\">7.Monforte-Chantada<\/a><\/h3>\n<div style=\"text-align: center;\"><a href=\"https:\/\/www.peregrino.online\/it\/cammino-inverno\/etapas\/7-monforte-chantada\/\"><br \/>\n<img decoding=\"async\" style=\"width: 300px; height: 145px;\" src=\"https:\/\/peregrino.online\/camino-de-santiago\/invierno\/fotos\/Perfiles\/7.jpg\" alt=\"Profilo 7.Monforte-Chantada\"><br \/>\n<\/a><\/div>\n<\/div>\n<\/div><\/div><\/div><div id=\"pgc-3178-3-1\"  class=\"panel-grid-cell\" ><div id=\"panel-3178-3-1-0\" class=\"so-panel widget widget_sow-editor panel-first-child panel-last-child\" data-index=\"9\" ><div\n\t\t\t\n\t\t\tclass=\"so-widget-sow-editor so-widget-sow-editor-base\"\n\t\t\t\n\t\t>\n<div class=\"siteorigin-widget-tinymce textwidget\">\n\t<h3 style=\"text-align: center;\"><a href=\"https:\/\/www.peregrino.online\/it\/cammino-inverno\/etapas\/8-chantada-rodeiro\/\">8.Chantada-Rodeiro<\/a><\/h3>\n<div style=\"text-align: center;\"><a href=\"https:\/\/www.peregrino.online\/it\/cammino-inverno\/etapas\/8-chantada-rodeiro\/\"><br \/>\n<img decoding=\"async\" style=\"width: 300px; height: 145px;\" src=\"https:\/\/peregrino.online\/camino-de-santiago\/invierno\/fotos\/Perfiles\/8.jpg\" alt=\"Profilo 8.Chantada-Rodeiro\"><br \/>\n<\/a><\/div>\n<\/div>\n<\/div><\/div><\/div><div id=\"pgc-3178-3-2\"  class=\"panel-grid-cell\" ><div id=\"panel-3178-3-2-0\" class=\"so-panel widget widget_sow-editor panel-first-child panel-last-child\" data-index=\"10\" ><div\n\t\t\t\n\t\t\tclass=\"so-widget-sow-editor so-widget-sow-editor-base\"\n\t\t\t\n\t\t>\n<div class=\"siteorigin-widget-tinymce textwidget\">\n\t<h3 style=\"text-align: center;\"><a href=\"https:\/\/www.peregrino.online\/it\/cammino-inverno\/etapas\/9-rodeiro-a-laxe\/\">9.Rodeiro-A Laxe<\/a><\/h3>\n<div style=\"text-align: center;\"><a href=\"https:\/\/www.peregrino.online\/it\/cammino-inverno\/etapas\/9-rodeiro-a-laxe\/\"><br \/>\n<img decoding=\"async\" style=\"width: 300px; height: 145px;\" src=\"https:\/\/peregrino.online\/camino-de-santiago\/invierno\/fotos\/Perfiles\/9.jpg\" alt=\"Profilo 9.Rodeiro-A Laxe\"><br \/>\n<\/a><\/div>\n<\/div>\n<\/div><\/div><\/div><\/div><div id=\"pg-3178-4\"  class=\"panel-grid panel-no-style\" ><div id=\"pgc-3178-4-0\"  class=\"panel-grid-cell\" ><div id=\"panel-3178-4-0-0\" class=\"so-panel widget widget_sow-editor panel-first-child panel-last-child\" data-index=\"11\" ><div\n\t\t\t\n\t\t\tclass=\"so-widget-sow-editor so-widget-sow-editor-base\"\n\t\t\t\n\t\t>\n<div class=\"siteorigin-widget-tinymce textwidget\">\n\t<h2 style=\"text-align: center;\">Cammino di Inverno - Camino Sanabres<\/h2>\n<\/div>\n<\/div><\/div><\/div><\/div><div id=\"pg-3178-5\"  class=\"panel-grid panel-no-style\" ><div id=\"pgc-3178-5-0\"  class=\"panel-grid-cell\" ><div id=\"panel-3178-5-0-0\" class=\"so-panel widget widget_sow-editor panel-first-child panel-last-child\" data-index=\"12\" ><div\n\t\t\t\n\t\t\tclass=\"so-widget-sow-editor so-widget-sow-editor-base\"\n\t\t\t\n\t\t>\n<div class=\"siteorigin-widget-tinymce textwidget\">\n\t<p>\t&nbsp;<\/p>\n<h3 style=\"text-align: center;\"><a href=\"https:\/\/www.peregrino.online\/it\/cammino-sanabrese\/etapas\/18-a-laxe-ponte-ulla\/\">18.A Laxe-Ponte Ulla<\/a><\/h3>\n<div style=\"text-align: center;\"><a href=\"https:\/\/www.peregrino.online\/it\/cammino-sanabrese\/etapas\/18-a-laxe-ponte-ulla\/\"><br \/>\n<img decoding=\"async\" style=\"width: 300px; height: 145px;\" src=\"https:\/\/peregrino.online\/camino-de-santiago\/sanabres\/fotos\/Perfiles\/18.jpg\" alt=\"Profilo 18.A Laxe-Ponte Ulla\"><br \/>\n<\/a><\/div>\n<\/div>\n<\/div><\/div><\/div><div id=\"pgc-3178-5-1\"  class=\"panel-grid-cell panel-grid-cell-mobile-last\" ><div id=\"panel-3178-5-1-0\" class=\"so-panel widget widget_sow-editor panel-first-child panel-last-child\" data-index=\"13\" ><div\n\t\t\t\n\t\t\tclass=\"so-widget-sow-editor so-widget-sow-editor-base\"\n\t\t\t\n\t\t>\n<div class=\"siteorigin-widget-tinymce textwidget\">\n\t<p>\t&nbsp;<\/p>\n<h3 style=\"text-align: center;\"><a href=\"https:\/\/www.peregrino.online\/it\/cammino-sanabrese\/etapas\/19-ponte-ulla-santiago\/\">19.Ponte Ulla-Santiago<\/a><\/h3>\n<div style=\"text-align: center;\"><a href=\"https:\/\/www.peregrino.online\/it\/cammino-sanabrese\/etapas\/19-ponte-ulla-santiago\/\"><br \/>\n<img decoding=\"async\" style=\"width: 300px; height: 145px;\" src=\"https:\/\/peregrino.online\/camino-de-santiago\/sanabres\/fotos\/Perfiles\/19.jpg\" alt=\"Profilo 19.Ponte Ulla-Santiago\"><br \/>\n<\/a><\/div>\n<\/div>\n<\/div><\/div><\/div><div id=\"pgc-3178-5-2\"  class=\"panel-grid-cell panel-grid-cell-empty\" ><\/div><\/div><div id=\"pg-3178-6\"  class=\"panel-grid panel-no-style\" ><div id=\"pgc-3178-6-0\"  class=\"panel-grid-cell\" ><div id=\"panel-3178-6-0-0\" class=\"so-panel widget widget_sow-editor panel-first-child panel-last-child\" data-index=\"14\" ><div\n\t\t\t\n\t\t\tclass=\"so-widget-sow-editor so-widget-sow-editor-base\"\n\t\t\t\n\t\t>\n<div class=\"siteorigin-widget-tinymce textwidget\">\n\t<section id=\"camino-ingles-pilar\" class=\"camino-pilar\">\n<h1>Guida completa al Cammino di Inverno<\/h2>\n<p>Il <strong>Cammino di Inverno<\/strong> \u00e8 uno dei percorsi storici meno conosciuti del <strong>Cammino di Santiago<\/strong>. Nacque come <strong>alternativa al Camino Franc\u00e9s<\/strong> durante i mesi pi\u00f9 freddi dell'anno, quando i pellegrini evitavano le dure condizioni climatiche e la neve nei passi di montagna di <strong>O Cebreiro<\/strong>.<\/p>\n<p>Questo itinerario percorre principalmente l'interno della Galizia, attraversando regioni di grande valore paesaggistico, vinicolo e patrimoniale, come <strong>El Bierzo<\/strong>, la <strong>Ribeira Sacra<\/strong> e la valle del fiume Mi\u00f1o. \u00c8 un cammino pi\u00f9 lungo, solitario ed esigente rispetto ad altri percorsi giacobei, ideale per pellegrini con esperienza o per chi cerca un'esperienza autentica, tranquilla e profondamente legata al territorio.<\/p>\n<p>Il Cammino di Inverno offre un'esperienza diversa: meno affollamento, maggiore contatto con la natura e un forte carattere storico e rurale.<\/p>\n<hr>\n<h2>Da dove inizia il Cammino di Inverno?<\/h2>\n<h3>Cammino di Inverno da Ponferrada<\/h3>\n<ul>\n<li><strong>Distanza approssimativa:<\/strong> 260 km<\/li>\n<li><strong>Numero di tappe:<\/strong> 10\u201312<\/li>\n<li><strong>Diritto alla Compostela:<\/strong> S\u00ec<\/li>\n<li><strong>Tipo di percorso:<\/strong> interno, rurale e montuoso<\/li>\n<li><strong>Profilo:<\/strong> pellegrini con tempo ed esperienza<\/li>\n<\/ul>\n<hr>\n<h2>Tappe del Cammino di Inverno<\/h2>\n<p>Il <strong>Cammino di Inverno da Ponferrada<\/strong> ha una lunghezza approssimativa di <strong>260 chilometri<\/strong> e si organizza solitamente in <strong>10-12 tappe<\/strong>, a seconda del ritmo del pellegrino e della pianificazione del percorso.<\/p>\n<table style=\"width: 100%; border-collapse: collapse; margin: 20px 0;\" border=\"1\" cellspacing=\"0\" cellpadding=\"8\">\n<thead>\n<tr>\n<th>Tappa<\/th>\n<th>Tratto<\/th>\n<th>Distanza appross.<\/th>\n<\/tr>\n<\/thead>\n<tbody>\n<tr>\n<td>1<\/td>\n<td><a href=\"https:\/\/www.peregrino.online\/it\/cammino-inverno\/etapas\/1-ponferrada-las-medulas\/\"><br \/>\nPonferrada \u2013 Las M\u00e9dulas<br \/>\n<\/a><\/td>\n<td>27,9 km<\/td>\n<\/tr>\n<tr>\n<td>2<\/td>\n<td><a href=\"https:\/\/www.peregrino.online\/it\/cammino-inverno\/etapas\/2-las-medulas-puente-de-domingo-florez\/\"><br \/>\nLas M\u00e9dulas \u2013 Puente de Domingo Fl\u00f3rez<br \/>\n<\/a><\/td>\n<td>10,0 km<\/td>\n<\/tr>\n<tr>\n<td>3<\/td>\n<td><a href=\"https:\/\/www.peregrino.online\/it\/cammino-inverno\/etapas\/3-puente-o-barco-de-valdeorras\/\"><br \/>\nPuente de Domingo Fl\u00f3rez \u2013 O Barco de Valdeorras<br \/>\n<\/a><\/td>\n<td>17,6 km<\/td>\n<\/tr>\n<tr>\n<td>4<\/td>\n<td><a href=\"https:\/\/www.peregrino.online\/it\/cammino-inverno\/etapas\/4-o-barco-a-rua\/\"><br \/>\nO Barco de Valdeorras \u2013 A R\u00faa<br \/>\n<\/a><\/td>\n<td>14,2 km<\/td>\n<\/tr>\n<tr>\n<td>5<\/td>\n<td><a href=\"https:\/\/www.peregrino.online\/it\/cammino-inverno\/etapas\/5-a-rua-quiroga\/\"><br \/>\nA R\u00faa \u2013 Quiroga<br \/>\n<\/a><\/td>\n<td>25,9 km<\/td>\n<\/tr>\n<tr>\n<td>6<\/td>\n<td><a href=\"https:\/\/www.peregrino.online\/it\/cammino-inverno\/etapas\/6-quiroga-monforte\/\"><br \/>\nQuiroga \u2013 Monforte de Lemos<br \/>\n<\/a><\/td>\n<td>35,5 km<\/td>\n<\/tr>\n<tr>\n<td>7<\/td>\n<td><a href=\"https:\/\/www.peregrino.online\/it\/cammino-inverno\/etapas\/7-monforte-chantada\/\"><br \/>\nMonforte de Lemos \u2013 Chantada<br \/>\n<\/a><\/td>\n<td>29,3 km<\/td>\n<\/tr>\n<tr>\n<td>8<\/td>\n<td><a href=\"https:\/\/www.peregrino.online\/it\/cammino-inverno\/etapas\/8-chantada-rodeiro\/\"><br \/>\nChantada \u2013 Rodeiro<br \/>\n<\/a><\/td>\n<td>25,6 km<\/td>\n<\/tr>\n<tr>\n<td>9<\/td>\n<td><a href=\"https:\/\/www.peregrino.online\/it\/cammino-inverno\/etapas\/9-rodeiro-a-laxe\/\"><br \/>\nRodeiro \u2013 A Laxe<br \/>\n<\/a><\/td>\n<td>27,7 km<\/td>\n<\/tr>\n<tr>\n<td>10<\/td>\n<td><a href=\"https:\/\/www.peregrino.online\/it\/cammino-sanabrese\/etapas\/18-a-laxe-ponte-ulla\/\"><br \/>\nA Laxe \u2013 Ponte Ulla<br \/>\n<\/a><\/td>\n<td>29,9 km<\/td>\n<\/tr>\n<tr>\n<td>11<\/td>\n<td><a href=\"https:\/\/www.peregrino.online\/it\/cammino-sanabrese\/etapas\/19-ponte-ulla-santiago\/\"><br \/>\nPonte Ulla \u2013 Santiago de Compostela<br \/>\n<\/a><\/td>\n<td>20,5 km<\/td>\n<\/tr>\n<tr>\n<td colspan=\"2\"><strong>Distanza totale del Cammino di Inverno<\/strong><\/td>\n<td><strong>264,1 km<\/strong><\/td>\n<\/tr>\n<\/tbody>\n<\/table>\n<hr>\n<h2>Domande frequenti sul Cammino di Inverno<\/h2>\n<h3>Quanti chilometri ha il Cammino di Inverno?<\/h3>\n<p>Il Cammino di Inverno ha una distanza approssimativa di <strong>250-270 chilometri<\/strong>, a seconda delle varianti e delle deviazioni.<\/p>\n<h3>Quanti giorni ci vogliono per fare il Cammino di Inverno?<\/h3>\n<p>Il pi\u00f9 comune \u00e8 percorrerlo in <strong>10-12 giorni<\/strong>.<\/p>\n<h3>Il Cammino di Inverno \u00e8 difficile?<\/h3>\n<p>\u00c8 considerato di <strong>difficolt\u00e0 medio-alta<\/strong>, con dislivelli importanti, tappe lunghe e tratti di montagna.<\/p>\n<h3>Si pu\u00f2 ottenere la Compostela?<\/h3>\n<p>S\u00ec. Supera ampiamente i <strong>100 km minimi<\/strong> richiesti.<\/p>\n<h3>Qual \u00e8 il periodo migliore per farlo?<\/h3>\n<p>Primavera e autunno. L'inverno \u00e8 possibile, ma richiede una buona pianificazione ed esperienza.<\/p>\n<hr>\n<h2>Statistiche del Cammino di Inverno<\/h2>\n<p>Il <strong>Cammino di Inverno<\/strong> \u00e8 uno dei percorsi pi\u00f9 recenti del <strong>Cammino di Santiago<\/strong>. Il suo recupero e la segnaletica moderna sono iniziati nell'anno <strong>2009<\/strong> e, sebbene la sua crescita sia stata progressiva, negli ultimi anni ha sperimentato un aumento costante del numero di pellegrini.<\/p>\n<p>Nell'anno <strong>2025<\/strong>, un totale di <strong>2.750 pellegrini<\/strong> hanno percorso il Cammino di Inverno. Sebbene questa cifra rimanga ridotta rispetto ad altri percorsi giacobei pi\u00f9 consolidati, rappresenta un <strong>incremento molto significativo<\/strong> rispetto ai circa <strong>1.000 pellegrini registrati nel 2019<\/strong>, confermando il crescente interesse per questa alternativa meno affollata.<\/p>\n<h3>Origine dei pellegrini del Cammino di Inverno<\/h3>\n<p>Per quanto riguarda la provenienza, il <strong>66% dei pellegrini che hanno realizzato il Cammino di Inverno nel 2025 erano spagnoli<\/strong>. Questa chiara predominanza nazionale si spiega, in gran parte, per il fatto che si tratta di un cammino ancora <strong>poco conosciuto all'estero<\/strong>.<\/p>\n<p>Tra le nazionalit\u00e0 internazionali pi\u00f9 presenti si trovano, a grande distanza dagli spagnoli, <strong>Portogallo, Italia, Stati Uniti, Polonia e Germania<\/strong>, il che riflette un potenziale di crescita futura a livello internazionale.<\/p>\n<h3>Punti di partenza del Cammino di Inverno<\/h3>\n<p>La <strong>grande maggioranza dei pellegrini ha iniziato il Cammino di Inverno a Ponferrada<\/strong>. In particolare, <strong>pi\u00f9 di 1.500 persone<\/strong> hanno iniziato l\u00ec il loro pellegrinaggio, il che rappresenta <strong>pi\u00f9 del 67% del totale<\/strong>.<\/p>\n<p>Il secondo punto di partenza pi\u00f9 importante \u00e8 <strong>Monforte de Lemos<\/strong>, con <strong>pi\u00f9 di 850 pellegrini<\/strong>. Trovandosi Monforte a circa <strong>130 chilometri da Santiago de Compostela<\/strong>, permette di soddisfare il requisito minimo di distanza per ottenere la <strong>Compostela<\/strong>. Le altre localit\u00e0 di partenza presentano cifre chiaramente minoritarie.<\/p>\n<h3>Mesi con maggiore affluenza di pellegrini<\/h3>\n<p>I mesi con <strong>maggiore affluenza di pellegrini sul Cammino di Inverno<\/strong> sono <strong>maggio, giugno e luglio<\/strong>, con una media approssimativa di <strong>tra 400 e 500 pellegrini al mese<\/strong>. Questa maggiore concentrazione coincide con condizioni meteorologiche pi\u00f9 favorevoli e periodi di vacanza.<\/p>\n<h3>Modalit\u00e0 di pellegrinaggio<\/h3>\n<p>La <strong>quasi totalit\u00e0 dei pellegrini realizza il Cammino di Inverno a piedi<\/strong>. Tuttavia, nell'anno <strong>2025<\/strong>, circa <strong>100 pellegrini<\/strong> hanno completato il percorso <strong>in bicicletta<\/strong>, il che rappresenta approssimativamente il <strong>4% del totale<\/strong>.<\/p>\n<hr>\n<h2>Come arrivare a Ponferrada<\/h2>\n<p>Ponferrada \u00e8 il punto di partenza tradizionale del Cammino di Inverno.<\/p>\n<h3>In treno<\/h3>\n<p>Ha una stazione ferroviaria con collegamenti da Le\u00f3n, Galizia e Madrid.<\/p>\n<h3>In autobus<\/h3>\n<p>Linee regolari di autobus collegano Ponferrada con le principali citt\u00e0 del nord-ovest.<\/p>\n<h3>In auto<\/h3>\n<p>Buon accesso stradale da Le\u00f3n, Galizia e Asturie.<\/p>\n<hr>\n<h2>Pianificare il Cammino di Inverno<\/h2>\n<h3>Giorni necessari<\/h3>\n<p>Tra 10 e 14 giorni.<\/p>\n<h3>Livello di difficolt\u00e0<\/h3>\n<p>Medio-alto.<\/p>\n<h3>Infrastruttura<\/h3>\n<ul>\n<li>Ostelli limitati<\/li>\n<li>Servizi irregolari<\/li>\n<li>Tratti lunghi senza centri abitati<\/li>\n<\/ul>\n<hr>\n<h2>Preparazione del pellegrino<\/h2>\n<ul>\n<li>Buona condizione fisica<\/li>\n<li>Calzature tecniche da montagna<\/li>\n<li>Zaino leggero ma completo<\/li>\n<li>Abbigliamento termico e antipioggia<\/li>\n<li>Credenziale del pellegrino<\/li>\n<\/ul>\n<hr>\n<h2>Per chi \u00e8 ideale il Cammino di Inverno?<\/h2>\n<ul>\n<li>Pellegrini con esperienza<\/li>\n<li>Amanti della montagna e della natura<\/li>\n<li>Chi cerca solitudine e autenticit\u00e0<\/li>\n<li>Pellegrini che evitano percorsi affollati<\/li>\n<\/ul>\n<hr>\n<h2>Vantaggi del Cammino di Inverno<\/h2>\n<ul>\n<li>Bassissimo affollamento<\/li>\n<li>Alta ricchezza paesaggistica<\/li>\n<li>Valore storico e culturale<\/li>\n<li>Contatto diretto con l'ambiente rurale<\/li>\n<\/ul>\n<hr>\n<h2>Il Cammino di Inverno nel Cammino di Santiago<\/h2>\n<p>Il Cammino di Inverno fa parte della rete ufficiale dei percorsi giacobei. \u00c8 un'alternativa storica al Camino Franc\u00e9s e uno dei percorsi pi\u00f9 autentici ed esigenti del Cammino di Santiago.<\/p>\n<hr>\n<h2>Il Cammino di Inverno in immagini<\/h2>\n<div class=\"camino-galeria\">\n<figure><img decoding=\"async\" src=\"https:\/\/peregrino.online\/camino-de-santiago\/invierno\/fotos\/fetap\/1\/2km0,7.jpg\" alt=\"Ponferrada, inizio del Cammino di Inverno\"><figcaption>Ponferrada, inizio del Cammino di Inverno<\/figcaption><\/figure>\n<figure><img decoding=\"async\" src=\"https:\/\/peregrino.online\/camino-de-santiago\/invierno\/fotos\/fetap\/1\/15km16,6.jpg\" alt=\"Castello di Cornatel vicino a Las M\u00e9dulas sul Cammino di Inverno\"><figcaption>Castello di Cornatel vicino a Las M\u00e9dulas sul Cammino di Inverno<\/figcaption><\/figure>\n<figure><img decoding=\"async\" src=\"https:\/\/peregrino.online\/camino-de-santiago\/invierno\/fotos\/fetap\/2\/5km3,8.jpg\" alt=\"Segnaletica ufficiale del Cammino di Inverno\"><figcaption>Segnaletica ufficiale del Cammino di Inverno<\/figcaption><\/figure>\n<figure><img decoding=\"async\" src=\"https:\/\/peregrino.online\/camino-de-santiago\/invierno\/fotos\/fetap\/3\/3km1,1.jpg\" alt=\"Pellegrino vicino al confine con la Galizia\"><figcaption>Pellegrino vicino al confine con la Galizia<\/figcaption><\/figure>\n<figure><img decoding=\"async\" src=\"https:\/\/peregrino.online\/camino-de-santiago\/invierno\/fotos\/fetap\/5\/18km17,9.jpg\" alt=\"Fiume Mi\u00f1o vicino a Quiroga\"><figcaption>Fiume Mi\u00f1o vicino a Quiroga<\/figcaption><\/figure>\n<figure><img decoding=\"async\" src=\"https:\/\/peregrino.online\/camino-de-santiago\/invierno\/fotos\/fetap\/7\/1km0,0.jpg\" alt=\"Fiume Mi\u00f1o vicino a Quiroga\"><figcaption>Monforte de Lemos, nucleo chiave del Cammino di Inverno<\/figcaption><\/figure>\n<figure><img decoding=\"async\" src=\"https:\/\/peregrino.online\/camino-de-santiago\/invierno\/fotos\/fetap\/8\/11km15,2.jpg\" alt=\"Paesaggio rurale tra Chantada e Rodeiro\"><figcaption>Paesaggio rurale del Cammino di Inverno tra Chantada e Rodeiro<\/figcaption><\/figure>\n<figure><img decoding=\"async\" src=\"https:\/\/peregrino.online\/camino-de-santiago\/invierno\/fotos\/fetap\/9\/25km27,1.jpg\" alt=\"A Laxe, collegamento con il Camino Sanabr\u00e9s\"><figcaption>A Laxe, punto di collegamento con il Camino Sanabr\u00e9s<\/figcaption><\/figure>\n<\/div>\n<\/section>\n<\/div>\n<\/div><\/div><\/div><\/div><\/div>","protected":false},"excerpt":{"rendered":"<p>&nbsp; Cammino di Inverno \u2013 Guida completa, tappe, pianificazione e consigli Tappe del Cammino di Inverno 1.Ponferrada-Las Medulas 2.Las Medulas-Puente de Domingo Florez 3.Puente-O Barco de Valdeorras<\/p>\n","protected":false},"author":1,"featured_media":0,"parent":0,"menu_order":0,"comment_status":"closed","ping_status":"closed","template":"","meta":{"footnotes":""},"class_list":["post-3178","page","type-page","status-publish"],"_links":{"self":[{"href":"https:\/\/www.peregrino.online\/it\/wp-json\/wp\/v2\/pages\/3178","targetHints":{"allow":["GET"]}}],"collection":[{"href":"https:\/\/www.peregrino.online\/it\/wp-json\/wp\/v2\/pages"}],"about":[{"href":"https:\/\/www.peregrino.online\/it\/wp-json\/wp\/v2\/types\/page"}],"author":[{"embeddable":true,"href":"https:\/\/www.peregrino.online\/it\/wp-json\/wp\/v2\/users\/1"}],"replies":[{"embeddable":true,"href":"https:\/\/www.peregrino.online\/it\/wp-json\/wp\/v2\/comments?post=3178"}],"version-history":[{"count":0,"href":"https:\/\/www.peregrino.online\/it\/wp-json\/wp\/v2\/pages\/3178\/revisions"}],"wp:attachment":[{"href":"https:\/\/www.peregrino.online\/it\/wp-json\/wp\/v2\/media?parent=3178"}],"curies":[{"name":"wp","href":"https:\/\/api.w.org\/{rel}","templated":true}]}}