{"id":693,"date":"2018-10-04T23:06:53","date_gmt":"2018-10-04T23:06:53","guid":{"rendered":"http:\/\/www.peregrino.online\/?page_id=693"},"modified":"2018-10-04T23:10:31","modified_gmt":"2018-10-04T23:10:31","slug":"location-velo-pelerin-saint-jacques-questions-frequentes","status":"publish","type":"page","link":"https:\/\/www.peregrino.online\/fr\/location-velo-pelerin-saint-jacques-questions-frequentes\/","title":{"rendered":"Location velo pelerin saint jacques questions frequentes"},"content":{"rendered":"<p><strong>Les v\u00e9los sont neufs?<\/strong>\u00a0Les v\u00e9los se louent pour une dur\u00e9e maximum de 45 jours depuis son achat. Cela signifie que si vous louez un v\u00e9lo pour 15 jours, dans le pire des cas ce v\u00e9lo aura \u00e9t\u00e9 lou\u00e9 30 jours. De cette fa\u00e7on nous nous assurons que les v\u00e9los soient toujours en parfait \u00e9tat.<\/p>\n<p><strong>Qu\u2019est ce qui est inclus avec le v\u00e9lo?<\/strong>\u00a0Le v\u00e9lo est \u00e9quip\u00e9 de portes bagages et avec la location du v\u00e9lo nous vous envoyons deux sacoches, un porte bidon pour l\u2019eau (le bidon n\u2019est pas inclus), une trousse \u00e0 outils, une pompe, une chambre \u00e0 air et un antivol.<\/p>\n<p><strong>Le v\u00e9lo dispose de p\u00e9dales automatiques?<\/strong>\u00a0Non, nous vous donnons le v\u00e9lo avec des p\u00e9dales standard mais si vous voulez mettre vos propres p\u00e9dales, il n\u2019y a pas de probleme.<\/p>\n<p><strong>O\u00f9 r\u00e9cuperer le v\u00e9lo?<\/strong>\u00a0Dites-nous o\u00f9 vous souhaitez commencer le chemin et nous vous envoyons le v\u00e9lo \u00e0 l\u2019auberge d\u2019o\u00f9 vous partirez. Nous avons plusieurs accords avec des auberges du Chemin de St Jacques.<\/p>\n<p><strong>Envoyez-vous des v\u00e9los partout en Espagne, Portugal ou en France?<\/strong>\u00a0En Espagne, oui. Au Portugal il y a un suppl\u00e9ment de 15\u20ac, nous n\u2019envoyons pas en France.<\/p>\n<p><strong>Pouvons nous commencer le chemin \u00e0 Saint Jean de Pied de Port?<\/strong>\u00a0Nous n\u2019envoyons pas de v\u00e9los en France mais nous pouvons les envoyer \u00e0 Roncesvalles, la ville espagnole la plus proche de Saint Jean de Pied de Port.<\/p>\n<p><strong>O\u00f9 se d\u00e9livre les v\u00e9los une fois \u00e0 St Jacques?<\/strong>\u00a0Dans la boutique Ultreia, Rua Nova 36-B Tel: 0034 981 580 021 (dans la rue derriere le bureau des p\u00e9lerins) Horaire: 10h30-14h et 17h-20h30 du lundi au samedi, dimanche de 10h30 \u00e0 14h.<\/p>\n<p><strong>Vous louez d\u2019autres accessoires pour v\u00e9los?<\/strong>\u00a0Non, mais nous pouvons vous les vendre et vous les envoyer avec le v\u00e9lo. Prix: Bidon d\u2019eau-5\u20ac ; Casque-25\u20ac si vous avez besoin d\u2019autres chose, demandez-nous et nous vous ferons une proposition.<\/p>\n<p><strong>Les sacoches sont imperm\u00e9ables?<\/strong>\u00a0oui. Les sacoches que nous louons sont les \u201cortlieb back-roller city\u201d, les meilleurs du march\u00e9. Vous les fermez et vous n\u2019avez plus \u00e0 vous soucier de la pluie.<\/p>\n<p><strong>Quel type de v\u00e9los louez-vous?<\/strong>\u00a0Nous avons choisi le modele Conor AFX 2.0, un v\u00e9lo fiable pour que vous n\u2019ayez aucun probleme sur le chemin de Saint Jacques.<\/p>\n<p><strong>Qu\u2019arrive-t-il si le v\u00e9lo se casse sur le chemin?<\/strong>\u00a0le v\u00e9lo est livr\u00e9 en parfait \u00e9tat. Il est de votre responsabilit\u00e9 d\u2019examiner et de v\u00e9rifier que le v\u00e9lo est en parfait \u00e9tat. S\u2019il ya un probl\u00e8me, vous devrez nous contacter pour \u00e9claircir ou r\u00e9gler tous les probl\u00e8mes. Une fois le chemin commenc\u00e9, il est de la responsabilit\u00e9 du cycliste de rendre le v\u00e9lo dans le m\u00eame \u00e9tat qu\u2019il l\u2019a trouv\u00e9. Si le v\u00e9lo se casse, le cycliste devra r\u00e9parer le v\u00e9lo.<\/p>\n<p><strong>Faut-il payer une caution?<\/strong>\u00a0Oui. Pour la location de chaque v\u00e9lo il est demand\u00e9 une caution de 200\u20ac pour vol ou dommages subis qui ne soient pas produit par l\u2019usage normal du v\u00e9lo (chute, piece manquante,..). Cette caution sera rendu au moment o\u00f9 nous recevons le v\u00e9lo et que nous ayons v\u00e9rifi\u00e9 qu\u2019il soit en parfait \u00e9tat.<\/p>\n<p><strong>Comment procede-t-on pour le paiement?<\/strong>\u00a0une fois que le nombre de v\u00e9los, les dates et le lieu de l\u2019envoie sont pr\u00e9cis\u00e9s, il vous sera envoy\u00e9 un email avec un lien s\u00e9curis\u00e9 Paypal. Sur cette page vous pourrez payer avec n\u2019importe quelle carte Visa ou Mastercard. Le paiement est totalement s\u00fbr. La plateforme est g\u00e9r\u00e9e par Paypal, nous ne pouvons pas, \u00e0 n\u2019importe quel moment, acc\u00e9der au numero de votre carte.<\/p>\n<p><strong>Faut-il rendre le v\u00e9lo propre?<\/strong>\u00a0Le v\u00e9lo vous est livr\u00e9 propre et doit \u00eatre rendu propre. Sinon il y aura un supplement de 10\u20ac pour le nettoyage.<\/p>\n<p><strong>Avec combien de temps en avance dois-je r\u00e9server le v\u00e9lo?<\/strong>\u00a0Avec le plus d\u2019avance possible. Ainsi vous serez s\u00fbr que nous avons un v\u00e9lo disponible pour vous. Dans tous les cas vous devrez r\u00e9server avec minimum 7-10 jours avant votre d\u00e9part. Pr\u00e9parer et envoyer le v\u00e9lo prend habituellement 4 ou 5 jours, mais il est pr\u00e9f\u00e9rable de donner une marge au transporteur pour vous assurez que le v\u00e9lo sera l\u00e0 le jour de votre d\u00e9part.<\/p>\n","protected":false},"excerpt":{"rendered":"<p>Les v\u00e9los sont neufs?\u00a0Les v\u00e9los se louent pour une dur\u00e9e maximum de 45 jours depuis son achat. Cela signifie que si vous louez un v\u00e9lo pour 15 jours, dans le pire des cas ce v\u00e9lo aura \u00e9t\u00e9 lou\u00e9 30 jours. De cette fa\u00e7on nous nous assurons que les v\u00e9los soient toujours en parfait \u00e9tat. Qu\u2019est &#8230; <a title=\"Location velo pelerin saint jacques questions frequentes\" class=\"read-more\" href=\"https:\/\/www.peregrino.online\/fr\/location-velo-pelerin-saint-jacques-questions-frequentes\/\">Read more<\/a><\/p>\n","protected":false},"author":1,"featured_media":0,"parent":0,"menu_order":0,"comment_status":"open","ping_status":"closed","template":"","meta":{"footnotes":""},"class_list":["post-693","page","type-page","status-publish"],"_links":{"self":[{"href":"https:\/\/www.peregrino.online\/fr\/wp-json\/wp\/v2\/pages\/693","targetHints":{"allow":["GET"]}}],"collection":[{"href":"https:\/\/www.peregrino.online\/fr\/wp-json\/wp\/v2\/pages"}],"about":[{"href":"https:\/\/www.peregrino.online\/fr\/wp-json\/wp\/v2\/types\/page"}],"author":[{"embeddable":true,"href":"https:\/\/www.peregrino.online\/fr\/wp-json\/wp\/v2\/users\/1"}],"replies":[{"embeddable":true,"href":"https:\/\/www.peregrino.online\/fr\/wp-json\/wp\/v2\/comments?post=693"}],"version-history":[{"count":0,"href":"https:\/\/www.peregrino.online\/fr\/wp-json\/wp\/v2\/pages\/693\/revisions"}],"wp:attachment":[{"href":"https:\/\/www.peregrino.online\/fr\/wp-json\/wp\/v2\/media?parent=693"}],"curies":[{"name":"wp","href":"https:\/\/api.w.org\/{rel}","templated":true}]}}