{"id":3311,"date":"2024-07-20T10:42:31","date_gmt":"2024-07-20T10:42:31","guid":{"rendered":"https:\/\/www.peregrino.online\/app-para-android-y-iphone\/"},"modified":"2026-01-10T14:40:18","modified_gmt":"2026-01-10T14:40:18","slug":"application-pour-android-et-iphone","status":"publish","type":"page","link":"https:\/\/www.peregrino.online\/fr\/application-pour-android-et-iphone\/","title":{"rendered":"Android et Iphone"},"content":{"rendered":"<div id=\"pl-3311\"  class=\"panel-layout\" ><div id=\"pg-3311-0\"  class=\"panel-grid panel-no-style\" ><div id=\"pgc-3311-0-0\"  class=\"panel-grid-cell\" ><div id=\"panel-3311-0-0-0\" class=\"so-panel widget widget_sow-editor panel-first-child panel-last-child widgetopts-SO\" data-index=\"0\" ><div\n\t\t\t\n\t\t\tclass=\"so-widget-sow-editor so-widget-sow-editor-base\"\n\t\t\t\n\t\t>\n<div class=\"siteorigin-widget-tinymce textwidget\">\n\t<p>.<br \/>\n.<\/p>\n<h2 class=\"etapa-heading\">Application pour Android et iPhone<\/h2>\n<\/div>\n<\/div><\/div><\/div><\/div><div id=\"pg-3311-1\"  class=\"panel-grid panel-no-style\" ><div id=\"pgc-3311-1-0\"  class=\"panel-grid-cell\" ><div id=\"panel-3311-1-0-0\" class=\"so-panel widget widget_sow-editor panel-first-child panel-last-child widgetopts-SO\" data-index=\"1\" ><div\n\t\t\t\n\t\t\tclass=\"so-widget-sow-editor so-widget-sow-editor-base\"\n\t\t\t\n\t\t>\n<div class=\"siteorigin-widget-tinymce textwidget\">\n\t<p><img loading=\"lazy\" decoding=\"async\" class=\"alignnone wp-image-3602 size-full\" src=\"https:\/\/www.peregrino.online\/wp-content\/uploads\/2024\/07\/cartelperegrino5002.jpg\" alt=\"\" width=\"500\" height=\"500\" srcset=\"https:\/\/www.peregrino.online\/wp-content\/uploads\/2024\/07\/cartelperegrino5002.jpg 500w, https:\/\/www.peregrino.online\/wp-content\/uploads\/2024\/07\/cartelperegrino5002-300x300.jpg 300w, https:\/\/www.peregrino.online\/wp-content\/uploads\/2024\/07\/cartelperegrino5002-150x150.jpg 150w\" sizes=\"auto, (max-width: 500px) 100vw, 500px\" \/><\/p>\n<\/div>\n<\/div><\/div><\/div><div id=\"pgc-3311-1-1\"  class=\"panel-grid-cell\" ><div id=\"panel-3311-1-1-0\" class=\"so-panel widget widget_sow-editor panel-first-child panel-last-child widgetopts-SO\" data-index=\"2\" ><div\n\t\t\t\n\t\t\tclass=\"so-widget-sow-editor so-widget-sow-editor-base\"\n\t\t\t\n\t\t>\n<div class=\"siteorigin-widget-tinymce textwidget\">\n\t<h3 style=\"text-align: center;\">Application Peregrino Online<\/h3>\n<p style=\"text-align: justify;\">Disponible pour Android et iPhone, les guides de Peregrino Online. Dans l'application, vous avez les chemins suivants disponibles :<\/p>\n<p style=\"text-align: justify;\"><strong>Chemin Fran\u00e7ais, <\/strong><strong>Chemin Portugais Central, <\/strong><strong>Chemin Portugais C\u00f4tier, <\/strong><strong>Via de la Plata, <\/strong><strong>Chemin Sanabres, <\/strong><strong>Chemin Anglais, <\/strong><strong>Chemin d'Hiver et <\/strong><strong>Chemin de Madrid<\/strong><\/p>\n<p style=\"text-align: justify;\">Le guide est gratuit et vous pouvez l'emporter sur la route. Il dispose de cartes en ligne, d'une option pour t\u00e9l\u00e9charger la carte et l'avoir sur votre t\u00e9l\u00e9phone, de toutes les informations sur les auberges et les h\u00f4tels, ...<\/p>\n<p style=\"text-align: justify;\">Vous pouvez t\u00e9l\u00e9charger le guide \u00e0 partir des QR codes sur l'image ou en utilisant les liens suivants :<\/p>\n<p style=\"text-align: justify;\">Android: <a href=\"https:\/\/play.google.com\/store\/apps\/details?id=com.independentrip.viadelaplata\">Link android<\/a><\/p>\n<p style=\"text-align: justify;\">iPhone: <a href=\"https:\/\/apps.apple.com\/es\/app\/peregrino-online\/id1066050811\">Link Apple<\/a><\/p>\n<\/div>\n<\/div><\/div><\/div><\/div><\/div>","protected":false},"excerpt":{"rendered":"<p>. . Application pour Android et iPhone Application Peregrino Online Disponible pour Android et iPhone, les guides de Peregrino Online. Dans l&rsquo;application, vous avez les chemins suivants disponibles : Chemin Fran\u00e7ais, Chemin Portugais Central, Chemin Portugais C\u00f4tier, Via de la Plata, Chemin Sanabres, Chemin Anglais, Chemin d&rsquo;Hiver et Chemin de Madrid Le guide est gratuit &#8230; <a title=\"Android et Iphone\" class=\"read-more\" href=\"https:\/\/www.peregrino.online\/fr\/application-pour-android-et-iphone\/\">Read more<\/a><\/p>\n","protected":false},"author":1,"featured_media":0,"parent":0,"menu_order":0,"comment_status":"closed","ping_status":"closed","template":"","meta":{"footnotes":""},"class_list":["post-3311","page","type-page","status-publish"],"_links":{"self":[{"href":"https:\/\/www.peregrino.online\/fr\/wp-json\/wp\/v2\/pages\/3311","targetHints":{"allow":["GET"]}}],"collection":[{"href":"https:\/\/www.peregrino.online\/fr\/wp-json\/wp\/v2\/pages"}],"about":[{"href":"https:\/\/www.peregrino.online\/fr\/wp-json\/wp\/v2\/types\/page"}],"author":[{"embeddable":true,"href":"https:\/\/www.peregrino.online\/fr\/wp-json\/wp\/v2\/users\/1"}],"replies":[{"embeddable":true,"href":"https:\/\/www.peregrino.online\/fr\/wp-json\/wp\/v2\/comments?post=3311"}],"version-history":[{"count":0,"href":"https:\/\/www.peregrino.online\/fr\/wp-json\/wp\/v2\/pages\/3311\/revisions"}],"wp:attachment":[{"href":"https:\/\/www.peregrino.online\/fr\/wp-json\/wp\/v2\/media?parent=3311"}],"curies":[{"name":"wp","href":"https:\/\/api.w.org\/{rel}","templated":true}]}}