{"id":3258,"date":"2024-07-20T10:37:50","date_gmt":"2024-07-20T10:37:50","guid":{"rendered":"https:\/\/www.peregrino.online\/bicigrino\/"},"modified":"2026-03-29T06:34:59","modified_gmt":"2026-03-29T06:34:59","slug":"bicigrino","status":"publish","type":"page","link":"https:\/\/www.peregrino.online\/fr\/bicigrino\/","title":{"rendered":"Bicigrino"},"content":{"rendered":"<div id=\"pl-3258\"  class=\"panel-layout\" ><div id=\"pg-3258-0\"  class=\"panel-grid panel-no-style\" ><div id=\"pgc-3258-0-0\"  class=\"panel-grid-cell panel-grid-cell-empty\" ><\/div><\/div><div id=\"pg-3258-1\"  class=\"panel-grid panel-no-style\" ><div id=\"pgc-3258-1-0\"  class=\"panel-grid-cell\" ><div id=\"panel-3258-1-0-0\" class=\"so-panel widget widget_sow-editor panel-first-child panel-last-child widgetopts-SO\" data-index=\"0\" ><div\n\t\t\t\n\t\t\tclass=\"so-widget-sow-editor so-widget-sow-editor-base\"\n\t\t\t\n\t\t>\n<div class=\"siteorigin-widget-tinymce textwidget\">\n\t<p>&nbsp;<\/p>\n<p><img loading=\"lazy\" decoding=\"async\" class=\"alignnone size-full wp-image-3813 aligncenter\" src=\"https:\/\/www.peregrino.online\/wp-content\/uploads\/2024\/07\/bici1web.jpg\" alt=\"\" width=\"450\" height=\"314\" srcset=\"https:\/\/www.peregrino.online\/wp-content\/uploads\/2024\/07\/bici1web.jpg 450w, https:\/\/www.peregrino.online\/wp-content\/uploads\/2024\/07\/bici1web-300x209.jpg 300w\" sizes=\"auto, (max-width: 450px) 100vw, 450px\" \/><\/p>\n<\/div>\n<\/div><\/div><\/div><div id=\"pgc-3258-1-1\"  class=\"panel-grid-cell\" ><div id=\"panel-3258-1-1-0\" class=\"so-panel widget widget_sow-editor panel-first-child panel-last-child widgetopts-SO\" data-index=\"1\" ><div\n\t\t\t\n\t\t\tclass=\"so-widget-sow-editor so-widget-sow-editor-base\"\n\t\t\t\n\t\t>\n<div class=\"siteorigin-widget-tinymce textwidget\">\n\t<p>&nbsp;<\/p>\n<h2 style=\"text-align: center;\">Le chemin pour les cyclistes<\/h2>\n<p style=\"text-align: justify;\">La plupart des guides ne tiennent pas compte des caract\u00e9ristiques particuli\u00e8res du parcours \u00e0 v\u00e9lo.<\/p>\n<p style=\"text-align: justify;\">Dans ce guide, nous avons marqu\u00e9 en orange les alternatives pour les cyclistes. Le crit\u00e8re est subjectif, mais une alternative a \u00e9t\u00e9 choisie lorsque le chemin impliquait de descendre souvent du v\u00e9lo et qu\u2019une meilleure option existait.<\/p>\n<\/div>\n<\/div><\/div><\/div><\/div><div id=\"pg-3258-2\"  class=\"panel-grid panel-no-style\" ><div id=\"pgc-3258-2-0\"  class=\"panel-grid-cell\" ><div id=\"panel-3258-2-0-0\" class=\"so-panel widget widget_sow-editor panel-first-child panel-last-child widgetopts-SO\" data-index=\"2\" ><div\n\t\t\t\n\t\t\tclass=\"so-widget-sow-editor so-widget-sow-editor-base\"\n\t\t\t\n\t\t>\n<div class=\"siteorigin-widget-tinymce textwidget\">\n\t<p><img loading=\"lazy\" decoding=\"async\" class=\"alignnone size-full wp-image-3852 aligncenter\" src=\"https:\/\/www.peregrino.online\/wp-content\/uploads\/2024\/07\/bici450.jpg\" alt=\"\" width=\"450\" height=\"338\" srcset=\"https:\/\/www.peregrino.online\/wp-content\/uploads\/2024\/07\/bici450.jpg 450w, https:\/\/www.peregrino.online\/wp-content\/uploads\/2024\/07\/bici450-300x225.jpg 300w\" sizes=\"auto, (max-width: 450px) 100vw, 450px\" \/><\/p>\n<\/div>\n<\/div><\/div><\/div><div id=\"pgc-3258-2-1\"  class=\"panel-grid-cell\" ><div id=\"panel-3258-2-1-0\" class=\"so-panel widget widget_sow-editor panel-first-child panel-last-child widgetopts-SO\" data-index=\"3\" ><div\n\t\t\t\n\t\t\tclass=\"so-widget-sow-editor so-widget-sow-editor-base\"\n\t\t\t\n\t\t>\n<div class=\"siteorigin-widget-tinymce textwidget\">\n\t<h2 style=\"text-align: center;\">Location de v\u00e9los<\/h2>\n<p style=\"text-align: justify;\">Si vous commencez votre chemin \u00e0 <strong>S\u00e9ville<\/strong>, nous vous recommandons de louer des v\u00e9los \u00e0 l\u2019<a href=\"https:\/\/www.trianahostel.com\/\" target=\"_blank\" rel=\"noopener\">auberge Triana<\/a>.<\/p>\n<p style=\"text-align: justify;\">Pour consulter les prix et les conditions : <a href=\"https:\/\/www.trianahostel.com\/alquiler-bicicletas-camino-de-santiago\" target=\"_blank\" rel=\"noopener\">Location de v\u00e9los pour p\u00e8lerins<\/a><\/p>\n<p style=\"text-align: justify;\">L\u2019avantage est que le v\u00e9lo vous est remis physiquement, ce qui \u00e9vite les probl\u00e8mes d\u2019exp\u00e9dition. Vous b\u00e9n\u00e9ficiez \u00e9galement de la garantie d\u2019un \u00e9tablissement avec pr\u00e8s de 20 ans d\u2019exp\u00e9rience et d\u2019excellentes \u00e9valuations sur <a href=\"https:\/\/maps.app.goo.gl\/f83M6zhsAu9HcNfJA\" target=\"_blank\" rel=\"noopener\">Google Maps<\/a>.<\/p>\n<\/div>\n<\/div><\/div><\/div><\/div><\/div>","protected":false},"excerpt":{"rendered":"<p>&nbsp; &nbsp; Le chemin pour les cyclistes La plupart des guides ne tiennent pas compte des caract\u00e9ristiques particuli\u00e8res du parcours \u00e0 v\u00e9lo. Dans ce guide, nous avons marqu\u00e9 en orange les alternatives pour les cyclistes. Le crit\u00e8re est subjectif, mais une alternative a \u00e9t\u00e9 choisie lorsque le chemin impliquait de descendre souvent du v\u00e9lo et &#8230; <a title=\"Bicigrino\" class=\"read-more\" href=\"https:\/\/www.peregrino.online\/fr\/bicigrino\/\">Read more<\/a><\/p>\n","protected":false},"author":1,"featured_media":0,"parent":0,"menu_order":0,"comment_status":"closed","ping_status":"closed","template":"","meta":{"footnotes":""},"class_list":["post-3258","page","type-page","status-publish"],"_links":{"self":[{"href":"https:\/\/www.peregrino.online\/fr\/wp-json\/wp\/v2\/pages\/3258","targetHints":{"allow":["GET"]}}],"collection":[{"href":"https:\/\/www.peregrino.online\/fr\/wp-json\/wp\/v2\/pages"}],"about":[{"href":"https:\/\/www.peregrino.online\/fr\/wp-json\/wp\/v2\/types\/page"}],"author":[{"embeddable":true,"href":"https:\/\/www.peregrino.online\/fr\/wp-json\/wp\/v2\/users\/1"}],"replies":[{"embeddable":true,"href":"https:\/\/www.peregrino.online\/fr\/wp-json\/wp\/v2\/comments?post=3258"}],"version-history":[{"count":2,"href":"https:\/\/www.peregrino.online\/fr\/wp-json\/wp\/v2\/pages\/3258\/revisions"}],"predecessor-version":[{"id":44719,"href":"https:\/\/www.peregrino.online\/fr\/wp-json\/wp\/v2\/pages\/3258\/revisions\/44719"}],"wp:attachment":[{"href":"https:\/\/www.peregrino.online\/fr\/wp-json\/wp\/v2\/media?parent=3258"}],"curies":[{"name":"wp","href":"https:\/\/api.w.org\/{rel}","templated":true}]}}