{"id":3176,"date":"2024-07-20T08:39:59","date_gmt":"2024-07-20T08:39:59","guid":{"rendered":"https:\/\/www.peregrino.online\/camino-de-invierno\/"},"modified":"2026-02-23T07:32:17","modified_gmt":"2026-02-23T07:32:17","slug":"camino-invierno","status":"publish","type":"page","link":"https:\/\/www.peregrino.online\/fr\/camino-invierno\/","title":{"rendered":"Chemin d&rsquo;hiver"},"content":{"rendered":"<div id=\"pl-3176\"  class=\"panel-layout\" ><div id=\"pg-3176-0\"  class=\"panel-grid panel-no-style\" ><div id=\"pgc-3176-0-0\"  class=\"panel-grid-cell\" ><div id=\"panel-3176-0-0-0\" class=\"so-panel widget widget_sow-editor panel-first-child widgetopts-SO\" data-index=\"0\" ><div\n\t\t\t\n\t\t\tclass=\"so-widget-sow-editor so-widget-sow-editor-base\"\n\t\t\t\n\t\t>\n<div class=\"siteorigin-widget-tinymce textwidget\">\n\t<p>&nbsp;<\/p>\n<h2 class=\"etapa-heading\">Chemin d'hiver \u2013 Guide complet, \u00e9tapes, planification et conseils<\/h2>\n<\/div>\n<\/div><\/div><div id=\"panel-3176-0-0-1\" class=\"so-panel widget widget_sow-editor panel-last-child\" data-index=\"1\" ><div\n\t\t\t\n\t\t\tclass=\"so-widget-sow-editor so-widget-sow-editor-base\"\n\t\t\t\n\t\t>\n<div class=\"siteorigin-widget-tinymce textwidget\">\n\t<p><img loading=\"lazy\" decoding=\"async\" class=\"aligncenter wp-image-42857 size-full\" src=\"https:\/\/www.peregrino.online\/wp-content\/uploads\/2026\/02\/iniciofr.jpg\" alt=\"\" width=\"600\" height=\"400\" srcset=\"https:\/\/www.peregrino.online\/wp-content\/uploads\/2026\/02\/iniciofr.jpg 600w, https:\/\/www.peregrino.online\/wp-content\/uploads\/2026\/02\/iniciofr-300x200.jpg 300w, https:\/\/www.peregrino.online\/wp-content\/uploads\/2026\/02\/iniciofr-272x182.jpg 272w\" sizes=\"auto, (max-width: 600px) 100vw, 600px\" \/><\/p>\n<h2 style=\"text-align: center;\">\u00c9tapes du Chemin d'hiver<\/h2>\n<\/div>\n<\/div><\/div><\/div><\/div><div id=\"pg-3176-1\"  class=\"panel-grid panel-no-style\" ><div id=\"pgc-3176-1-0\"  class=\"panel-grid-cell\" ><div id=\"panel-3176-1-0-0\" class=\"so-panel widget widget_sow-editor panel-first-child panel-last-child\" data-index=\"2\" ><div\n\t\t\t\n\t\t\tclass=\"so-widget-sow-editor so-widget-sow-editor-base\"\n\t\t\t\n\t\t>\n<div class=\"siteorigin-widget-tinymce textwidget\">\n\t<h3><\/h3>\n<h3 style=\"text-align: center;\"><a href=\"https:\/\/www.peregrino.online\/fr\/chemin-hiver\/etapas\/1-ponferrada-las-medulas\/\">1.Ponferrada-Las Medulas<\/a><\/h3>\n<div style=\"text-align: center;\"><a href=\"https:\/\/www.peregrino.online\/fr\/chemin-hiver\/etapas\/1-ponferrada-las-medulas\/\"><br \/>\n<img decoding=\"async\" style=\"width: 300px; height: 145px;\" src=\"https:\/\/peregrino.online\/camino-de-santiago\/invierno\/fotos\/Perfiles\/1.jpg\" alt=\"Profil 1.Ponferrada-Las Medulas\"><br \/>\n<\/a><\/div>\n<\/div>\n<\/div><\/div><\/div><div id=\"pgc-3176-1-1\"  class=\"panel-grid-cell\" ><div id=\"panel-3176-1-1-0\" class=\"so-panel widget widget_sow-editor panel-first-child panel-last-child\" data-index=\"3\" ><div\n\t\t\t\n\t\t\tclass=\"so-widget-sow-editor so-widget-sow-editor-base\"\n\t\t\t\n\t\t>\n<div class=\"siteorigin-widget-tinymce textwidget\">\n\t<h3 style=\"text-align: center;\"><a href=\"https:\/\/www.peregrino.online\/fr\/chemin-hiver\/etapas\/2-las-medulas-puente-de-domingo-florez\/\">2.Las Medulas-Puente de Domingo Florez<\/a><\/h3>\n<div style=\"text-align: center;\"><a href=\"https:\/\/www.peregrino.online\/fr\/chemin-hiver\/etapas\/2-las-medulas-puente-de-domingo-florez\/\"><br \/>\n<img decoding=\"async\" style=\"width: 300px; height: 145px;\" src=\"https:\/\/peregrino.online\/camino-de-santiago\/invierno\/fotos\/Perfiles\/2.jpg\" alt=\"Profil 2.Las Medulas-Puente de Domingo Florez\"><br \/>\n<\/a><\/div>\n<\/div>\n<\/div><\/div><\/div><div id=\"pgc-3176-1-2\"  class=\"panel-grid-cell\" ><div id=\"panel-3176-1-2-0\" class=\"so-panel widget widget_sow-editor panel-first-child panel-last-child\" data-index=\"4\" ><div\n\t\t\t\n\t\t\tclass=\"so-widget-sow-editor so-widget-sow-editor-base\"\n\t\t\t\n\t\t>\n<div class=\"siteorigin-widget-tinymce textwidget\">\n\t<h3 style=\"text-align: center;\"><a href=\"https:\/\/www.peregrino.online\/fr\/chemin-hiver\/etapas\/3-puente-o-barco-de-valdeorras\/\">3.Puente-O Barco de Valdeorras<\/a><\/h3>\n<div style=\"text-align: center;\"><a href=\"https:\/\/www.peregrino.online\/fr\/chemin-hiver\/etapas\/3-puente-o-barco-de-valdeorras\/\"><br \/>\n<img decoding=\"async\" style=\"width: 300px; height: 145px;\" src=\"https:\/\/peregrino.online\/camino-de-santiago\/invierno\/fotos\/Perfiles\/3.jpg\" alt=\"Profil 3.Puente-O Barco de Valdeorras\"><br \/>\n<\/a><\/div>\n<\/div>\n<\/div><\/div><\/div><\/div><div id=\"pg-3176-2\"  class=\"panel-grid panel-no-style\" ><div id=\"pgc-3176-2-0\"  class=\"panel-grid-cell\" ><div id=\"panel-3176-2-0-0\" class=\"so-panel widget widget_sow-editor panel-first-child panel-last-child\" data-index=\"5\" ><div\n\t\t\t\n\t\t\tclass=\"so-widget-sow-editor so-widget-sow-editor-base\"\n\t\t\t\n\t\t>\n<div class=\"siteorigin-widget-tinymce textwidget\">\n\t<h3 style=\"text-align: center;\"><a href=\"https:\/\/www.peregrino.online\/fr\/chemin-hiver\/etapas\/4-o-barco-a-rua\/\">4.O Barco-A Rua<\/a><\/h3>\n<div style=\"text-align: center;\"><a href=\"https:\/\/www.peregrino.online\/fr\/chemin-hiver\/etapas\/4-o-barco-a-rua\/\"><br \/>\n<img decoding=\"async\" style=\"width: 300px; height: 145px;\" src=\"https:\/\/peregrino.online\/camino-de-santiago\/invierno\/fotos\/Perfiles\/4.jpg\" alt=\"Profil 4.O Barco-A Rua\"><br \/>\n<\/a><\/div>\n<\/div>\n<\/div><\/div><\/div><div id=\"pgc-3176-2-1\"  class=\"panel-grid-cell\" ><div id=\"panel-3176-2-1-0\" class=\"so-panel widget widget_sow-editor panel-first-child panel-last-child\" data-index=\"6\" ><div\n\t\t\t\n\t\t\tclass=\"so-widget-sow-editor so-widget-sow-editor-base\"\n\t\t\t\n\t\t>\n<div class=\"siteorigin-widget-tinymce textwidget\">\n\t<h3 style=\"text-align: center;\"><a href=\"https:\/\/www.peregrino.online\/fr\/chemin-hiver\/etapas\/5-a-rua-quiroga\/\">5.A Rua-Quiroga<\/a><\/h3>\n<div style=\"text-align: center;\"><a href=\"https:\/\/www.peregrino.online\/fr\/chemin-hiver\/etapas\/5-a-rua-quiroga\/\"><br \/>\n<img decoding=\"async\" style=\"width: 300px; height: 145px;\" src=\"https:\/\/peregrino.online\/camino-de-santiago\/invierno\/fotos\/Perfiles\/5.jpg\" alt=\"Profil 5.A Rua-Quiroga\"><br \/>\n<\/a><\/div>\n<\/div>\n<\/div><\/div><\/div><div id=\"pgc-3176-2-2\"  class=\"panel-grid-cell\" ><div id=\"panel-3176-2-2-0\" class=\"so-panel widget widget_sow-editor panel-first-child panel-last-child\" data-index=\"7\" ><div\n\t\t\t\n\t\t\tclass=\"so-widget-sow-editor so-widget-sow-editor-base\"\n\t\t\t\n\t\t>\n<div class=\"siteorigin-widget-tinymce textwidget\">\n\t<h3 style=\"text-align: center;\"><a href=\"https:\/\/www.peregrino.online\/fr\/chemin-hiver\/etapas\/6-quiroga-monforte\/\">6.Quiroga-Monforte<\/a><\/h3>\n<div style=\"text-align: center;\"><a href=\"https:\/\/www.peregrino.online\/fr\/chemin-hiver\/etapas\/6-quiroga-monforte\/\"><br \/>\n<img decoding=\"async\" style=\"width: 300px; height: 145px;\" src=\"https:\/\/peregrino.online\/camino-de-santiago\/invierno\/fotos\/Perfiles\/6.jpg\" alt=\"Profil 6.Quiroga-Monforte\"><br \/>\n<\/a><\/div>\n<\/div>\n<\/div><\/div><\/div><\/div><div id=\"pg-3176-3\"  class=\"panel-grid panel-no-style\" ><div id=\"pgc-3176-3-0\"  class=\"panel-grid-cell\" ><div id=\"panel-3176-3-0-0\" class=\"so-panel widget widget_sow-editor panel-first-child panel-last-child\" data-index=\"8\" ><div\n\t\t\t\n\t\t\tclass=\"so-widget-sow-editor so-widget-sow-editor-base\"\n\t\t\t\n\t\t>\n<div class=\"siteorigin-widget-tinymce textwidget\">\n\t<h3 style=\"text-align: center;\"><a href=\"https:\/\/www.peregrino.online\/fr\/chemin-hiver\/etapas\/7-monforte-chantada\/\">7.Monforte-Chantada<\/a><\/h3>\n<div style=\"text-align: center;\"><a href=\"https:\/\/www.peregrino.online\/fr\/chemin-hiver\/etapas\/7-monforte-chantada\/\"><br \/>\n<img decoding=\"async\" style=\"width: 300px; height: 145px;\" src=\"https:\/\/peregrino.online\/camino-de-santiago\/invierno\/fotos\/Perfiles\/7.jpg\" alt=\"Profil 7.Monforte-Chantada\"><br \/>\n<\/a><\/div>\n<\/div>\n<\/div><\/div><\/div><div id=\"pgc-3176-3-1\"  class=\"panel-grid-cell\" ><div id=\"panel-3176-3-1-0\" class=\"so-panel widget widget_sow-editor panel-first-child panel-last-child\" data-index=\"9\" ><div\n\t\t\t\n\t\t\tclass=\"so-widget-sow-editor so-widget-sow-editor-base\"\n\t\t\t\n\t\t>\n<div class=\"siteorigin-widget-tinymce textwidget\">\n\t<h3 style=\"text-align: center;\"><a href=\"https:\/\/www.peregrino.online\/fr\/chemin-hiver\/etapas\/8-chantada-rodeiro\/\">8.Chantada-Rodeiro<\/a><\/h3>\n<div style=\"text-align: center;\"><a href=\"https:\/\/www.peregrino.online\/fr\/chemin-hiver\/etapas\/8-chantada-rodeiro\/\"><br \/>\n<img decoding=\"async\" style=\"width: 300px; height: 145px;\" src=\"https:\/\/peregrino.online\/camino-de-santiago\/invierno\/fotos\/Perfiles\/8.jpg\" alt=\"Profil 8.Chantada-Rodeiro\"><br \/>\n<\/a><\/div>\n<\/div>\n<\/div><\/div><\/div><div id=\"pgc-3176-3-2\"  class=\"panel-grid-cell\" ><div id=\"panel-3176-3-2-0\" class=\"so-panel widget widget_sow-editor panel-first-child panel-last-child\" data-index=\"10\" ><div\n\t\t\t\n\t\t\tclass=\"so-widget-sow-editor so-widget-sow-editor-base\"\n\t\t\t\n\t\t>\n<div class=\"siteorigin-widget-tinymce textwidget\">\n\t<h3 style=\"text-align: center;\"><a href=\"https:\/\/www.peregrino.online\/fr\/chemin-hiver\/etapas\/9-rodeiro-a-laxe\/\">9.Rodeiro-A Laxe<\/a><\/h3>\n<div style=\"text-align: center;\"><a href=\"https:\/\/www.peregrino.online\/fr\/chemin-hiver\/etapas\/9-rodeiro-a-laxe\/\"><br \/>\n<img decoding=\"async\" style=\"width: 300px; height: 145px;\" src=\"https:\/\/peregrino.online\/camino-de-santiago\/invierno\/fotos\/Perfiles\/9.jpg\" alt=\"Profil 9.Rodeiro-A Laxe\"><br \/>\n<\/a><\/div>\n<\/div>\n<\/div><\/div><\/div><\/div><div id=\"pg-3176-4\"  class=\"panel-grid panel-no-style\" ><div id=\"pgc-3176-4-0\"  class=\"panel-grid-cell\" ><div id=\"panel-3176-4-0-0\" class=\"so-panel widget widget_sow-editor panel-first-child panel-last-child\" data-index=\"11\" ><div\n\t\t\t\n\t\t\tclass=\"so-widget-sow-editor so-widget-sow-editor-base\"\n\t\t\t\n\t\t>\n<div class=\"siteorigin-widget-tinymce textwidget\">\n\t<h2 style=\"text-align: center;\">Chemin d'hiver - Camino Sanabres<\/h2>\n<\/div>\n<\/div><\/div><\/div><\/div><div id=\"pg-3176-5\"  class=\"panel-grid panel-no-style\" ><div id=\"pgc-3176-5-0\"  class=\"panel-grid-cell\" ><div id=\"panel-3176-5-0-0\" class=\"so-panel widget widget_sow-editor panel-first-child panel-last-child\" data-index=\"12\" ><div\n\t\t\t\n\t\t\tclass=\"so-widget-sow-editor so-widget-sow-editor-base\"\n\t\t\t\n\t\t>\n<div class=\"siteorigin-widget-tinymce textwidget\">\n\t<p>\t&nbsp;<\/p>\n<h3 style=\"text-align: center;\"><a href=\"https:\/\/www.peregrino.online\/fr\/chemin-sanabres\/etapas\/18-a-laxe-ponte-ulla\/\">18.A Laxe-Ponte Ulla<\/a><\/h3>\n<div style=\"text-align: center;\"><a href=\"https:\/\/www.peregrino.online\/fr\/chemin-sanabres\/etapas\/18-a-laxe-ponte-ulla\/\"><br \/>\n<img decoding=\"async\" style=\"width: 300px; height: 145px;\" src=\"https:\/\/peregrino.online\/camino-de-santiago\/sanabres\/fotos\/Perfiles\/18.jpg\" alt=\"Profil 18.A Laxe-Ponte Ulla\"><br \/>\n<\/a><\/div>\n<\/div>\n<\/div><\/div><\/div><div id=\"pgc-3176-5-1\"  class=\"panel-grid-cell panel-grid-cell-mobile-last\" ><div id=\"panel-3176-5-1-0\" class=\"so-panel widget widget_sow-editor panel-first-child panel-last-child\" data-index=\"13\" ><div\n\t\t\t\n\t\t\tclass=\"so-widget-sow-editor so-widget-sow-editor-base\"\n\t\t\t\n\t\t>\n<div class=\"siteorigin-widget-tinymce textwidget\">\n\t<p>\t&nbsp;<\/p>\n<h3 style=\"text-align: center;\"><a href=\"https:\/\/www.peregrino.online\/fr\/chemin-sanabres\/etapas\/19-ponte-ulla-santiago\/\">19.Ponte Ulla-Santiago<\/a><\/h3>\n<div style=\"text-align: center;\"><a href=\"https:\/\/www.peregrino.online\/fr\/chemin-sanabres\/etapas\/19-ponte-ulla-santiago\/\"><br \/>\n<img decoding=\"async\" style=\"width: 300px; height: 145px;\" src=\"https:\/\/peregrino.online\/camino-de-santiago\/sanabres\/fotos\/Perfiles\/19.jpg\" alt=\"Profil 19.Ponte Ulla-Santiago\"><br \/>\n<\/a><\/div>\n<\/div>\n<\/div><\/div><\/div><div id=\"pgc-3176-5-2\"  class=\"panel-grid-cell panel-grid-cell-empty\" ><\/div><\/div><div id=\"pg-3176-6\"  class=\"panel-grid panel-no-style\" ><div id=\"pgc-3176-6-0\"  class=\"panel-grid-cell\" ><div id=\"panel-3176-6-0-0\" class=\"so-panel widget widget_sow-editor panel-first-child panel-last-child\" data-index=\"14\" ><div\n\t\t\t\n\t\t\tclass=\"so-widget-sow-editor so-widget-sow-editor-base\"\n\t\t\t\n\t\t>\n<div class=\"siteorigin-widget-tinymce textwidget\">\n\t<section id=\"camino-ingles-pilar\" class=\"camino-pilar\">\n<h1>Guide complet du Chemin d'hiver<\/h2>\n<p>Le <strong>Chemin d'hiver<\/strong> est l'une des routes historiques les moins connues du <strong>Chemin de Saint-Jacques<\/strong>. Il est n\u00e9 comme une <strong>alternative au Camino Franc\u00e9s<\/strong> pendant les mois les plus froids de l'ann\u00e9e, lorsque les p\u00e8lerins \u00e9vitaient les dures conditions climatiques et la neige dans les cols de montagne d'<strong>O Cebreiro<\/strong>.<\/p>\n<p>Cet itin\u00e9raire parcourt principalement l'int\u00e9rieur de la Galice, traversant des r\u00e9gions de grande valeur paysag\u00e8re, viticole et patrimoniale, comme <strong>El Bierzo<\/strong>, la <strong>Ribeira Sacra<\/strong> et la vall\u00e9e du fleuve Mi\u00f1o. C'est un chemin plus long, plus solitaire et plus exigeant que d'autres routes jacquaires, id\u00e9al pour les p\u00e8lerins exp\u00e9riment\u00e9s ou pour ceux qui recherchent une exp\u00e9rience authentique, tranquille et profond\u00e9ment li\u00e9e au territoire.<\/p>\n<p>Le Chemin d'hiver offre une exp\u00e9rience diff\u00e9rente : moins de fr\u00e9quentation, plus de contact avec la nature et un caract\u00e8re historique et rural marqu\u00e9.<\/p>\n<hr>\n<h2>D'o\u00f9 commence le Chemin d'hiver ?<\/h2>\n<h3>Chemin d'hiver depuis Ponferrada<\/h3>\n<ul>\n<li><strong>Distance approximative :<\/strong> 260 km<\/li>\n<li><strong>Nombre d'\u00e9tapes :<\/strong> 10\u201312<\/li>\n<li><strong>Droit \u00e0 la Compostela :<\/strong> Oui<\/li>\n<li><strong>Type de parcours :<\/strong> int\u00e9rieur, rural et montagneux<\/li>\n<li><strong>Profil :<\/strong> p\u00e8lerins avec du temps et de l'exp\u00e9rience<\/li>\n<\/ul>\n<hr>\n<h2>\u00c9tapes du Chemin d'hiver<\/h2>\n<p>Le <strong>Chemin d'hiver depuis Ponferrada<\/strong> a une longueur approximative de <strong>260 kilom\u00e8tres<\/strong> et s'organise g\u00e9n\u00e9ralement en <strong>10 \u00e0 12 \u00e9tapes<\/strong>, selon le rythme du p\u00e8lerin et la planification du parcours.<\/p>\n<table style=\"width: 100%; border-collapse: collapse; margin: 20px 0;\" border=\"1\" cellspacing=\"0\" cellpadding=\"8\">\n<thead>\n<tr>\n<th>\u00c9tape<\/th>\n<th>Tron\u00e7on<\/th>\n<th>Distance approx.<\/th>\n<\/tr>\n<\/thead>\n<tbody>\n<tr>\n<td>1<\/td>\n<td><a href=\"https:\/\/www.peregrino.online\/fr\/chemin-hiver\/etapas\/1-ponferrada-las-medulas\/\"><br \/>\nPonferrada \u2013 Las M\u00e9dulas<br \/>\n<\/a><\/td>\n<td>27,9 km<\/td>\n<\/tr>\n<tr>\n<td>2<\/td>\n<td><a href=\"https:\/\/www.peregrino.online\/fr\/chemin-hiver\/etapas\/2-las-medulas-puente-de-domingo-florez\/\"><br \/>\nLas M\u00e9dulas \u2013 Puente de Domingo Fl\u00f3rez<br \/>\n<\/a><\/td>\n<td>10,0 km<\/td>\n<\/tr>\n<tr>\n<td>3<\/td>\n<td><a href=\"https:\/\/www.peregrino.online\/fr\/chemin-hiver\/etapas\/3-puente-o-barco-de-valdeorras\/\"><br \/>\nPuente de Domingo Fl\u00f3rez \u2013 O Barco de Valdeorras<br \/>\n<\/a><\/td>\n<td>17,6 km<\/td>\n<\/tr>\n<tr>\n<td>4<\/td>\n<td><a href=\"https:\/\/www.peregrino.online\/fr\/chemin-hiver\/etapas\/4-o-barco-a-rua\/\"><br \/>\nO Barco de Valdeorras \u2013 A R\u00faa<br \/>\n<\/a><\/td>\n<td>14,2 km<\/td>\n<\/tr>\n<tr>\n<td>5<\/td>\n<td><a href=\"https:\/\/www.peregrino.online\/fr\/chemin-hiver\/etapas\/5-a-rua-quiroga\/\"><br \/>\nA R\u00faa \u2013 Quiroga<br \/>\n<\/a><\/td>\n<td>25,9 km<\/td>\n<\/tr>\n<tr>\n<td>6<\/td>\n<td><a href=\"https:\/\/www.peregrino.online\/fr\/chemin-hiver\/etapas\/6-quiroga-monforte\/\"><br \/>\nQuiroga \u2013 Monforte de Lemos<br \/>\n<\/a><\/td>\n<td>35,5 km<\/td>\n<\/tr>\n<tr>\n<td>7<\/td>\n<td><a href=\"https:\/\/www.peregrino.online\/fr\/chemin-hiver\/etapas\/7-monforte-chantada\/\"><br \/>\nMonforte de Lemos \u2013 Chantada<br \/>\n<\/a><\/td>\n<td>29,3 km<\/td>\n<\/tr>\n<tr>\n<td>8<\/td>\n<td><a href=\"https:\/\/www.peregrino.online\/fr\/chemin-hiver\/etapas\/8-chantada-rodeiro\/\"><br \/>\nChantada \u2013 Rodeiro<br \/>\n<\/a><\/td>\n<td>25,6 km<\/td>\n<\/tr>\n<tr>\n<td>9<\/td>\n<td><a href=\"https:\/\/www.peregrino.online\/fr\/chemin-hiver\/etapas\/9-rodeiro-a-laxe\/\"><br \/>\nRodeiro \u2013 A Laxe<br \/>\n<\/a><\/td>\n<td>27,7 km<\/td>\n<\/tr>\n<tr>\n<td>10<\/td>\n<td><a href=\"https:\/\/www.peregrino.online\/fr\/chemin-sanabres\/etapas\/18-a-laxe-ponte-ulla\/\"><br \/>\nA Laxe \u2013 Ponte Ulla<br \/>\n<\/a><\/td>\n<td>29,9 km<\/td>\n<\/tr>\n<tr>\n<td>11<\/td>\n<td><a href=\"https:\/\/www.peregrino.online\/fr\/chemin-sanabres\/etapas\/19-ponte-ulla-santiago\/\"><br \/>\nPonte Ulla \u2013 Santiago de Compostela<br \/>\n<\/a><\/td>\n<td>20,5 km<\/td>\n<\/tr>\n<tr>\n<td colspan=\"2\"><strong>Distance totale du Chemin d'hiver<\/strong><\/td>\n<td><strong>264,1 km<\/strong><\/td>\n<\/tr>\n<\/tbody>\n<\/table>\n<hr>\n<h2>Questions fr\u00e9quentes sur le Chemin d'hiver<\/h2>\n<h3>Combien de kilom\u00e8tres fait le Chemin d'hiver ?<\/h3>\n<p>Le Chemin d'hiver a une distance approximative de <strong>250 \u00e0 270 kilom\u00e8tres<\/strong>, selon les variantes et les d\u00e9tours.<\/p>\n<h3>Combien de jours faut-il pour faire le Chemin d'hiver ?<\/h3>\n<p>Le plus courant est de le parcourir en <strong>10 \u00e0 12 jours<\/strong>.<\/p>\n<h3>Le Chemin d'hiver est-il difficile ?<\/h3>\n<p>Il est consid\u00e9r\u00e9 de <strong>difficult\u00e9 moyenne-\u00e9lev\u00e9e<\/strong>, avec des d\u00e9nivel\u00e9s importants, des \u00e9tapes longues et des tron\u00e7ons de montagne.<\/p>\n<h3>Peut-on obtenir la Compostela ?<\/h3>\n<p>Oui. Il d\u00e9passe largement les <strong>100 km minimums<\/strong> exig\u00e9s.<\/p>\n<h3>Quelle est la meilleure p\u00e9riode pour le faire ?<\/h3>\n<p>Le printemps et l'automne. L'hiver est possible, mais n\u00e9cessite une bonne planification et de l'exp\u00e9rience.<\/p>\n<hr>\n<h2>Statistiques du Chemin d'hiver<\/h2>\n<p>Le <strong>Chemin d'hiver<\/strong> est l'une des routes les plus r\u00e9centes du <strong>Chemin de Saint-Jacques<\/strong>. Sa r\u00e9cup\u00e9ration et sa signalisation moderne ont commenc\u00e9 en <strong>2009<\/strong> et, bien que sa croissance ait \u00e9t\u00e9 progressive, ces derni\u00e8res ann\u00e9es, il a connu une augmentation constante du nombre de p\u00e8lerins.<\/p>\n<p>En <strong>2025<\/strong>, un total de <strong>2 750 p\u00e8lerins<\/strong> ont parcouru le Chemin d'hiver. Bien que ce chiffre reste modeste par rapport \u00e0 d'autres routes jacquaires plus consolid\u00e9es, il repr\u00e9sente une <strong>augmentation tr\u00e8s significative<\/strong> par rapport aux environ <strong>1 000 p\u00e8lerins enregistr\u00e9s en 2019<\/strong>, ce qui confirme l'int\u00e9r\u00eat croissant pour cette alternative moins fr\u00e9quent\u00e9e.<\/p>\n<h3>Origine des p\u00e8lerins du Chemin d'hiver<\/h3>\n<p>En ce qui concerne la provenance, <strong>66 % des p\u00e8lerins qui ont effectu\u00e9 le Chemin d'hiver en 2025 \u00e9taient espagnols<\/strong>. Cette nette pr\u00e9dominance nationale s'explique en grande partie par le fait qu'il s'agit d'un chemin encore <strong>peu connu \u00e0 l'\u00e9tranger<\/strong>.<\/p>\n<p>Parmi les nationalit\u00e9s internationales les plus pr\u00e9sentes se trouvent, loin derri\u00e8re les Espagnols, le <strong>Portugal, l'Italie, les \u00c9tats-Unis, la Pologne et l'Allemagne<\/strong>, ce qui refl\u00e8te un potentiel de croissance future au niveau international.<\/p>\n<h3>Points de d\u00e9part du Chemin d'hiver<\/h3>\n<p>La <strong>grande majorit\u00e9 des p\u00e8lerins ont commenc\u00e9 le Chemin d'hiver \u00e0 Ponferrada<\/strong>. Concr\u00e8tement, <strong>plus de 1 500 personnes<\/strong> y ont commenc\u00e9 leur p\u00e8lerinage, ce qui repr\u00e9sente <strong>plus de 67 % du total<\/strong>.<\/p>\n<p>Le deuxi\u00e8me point de d\u00e9part le plus important est <strong>Monforte de Lemos<\/strong>, avec <strong>plus de 850 p\u00e8lerins<\/strong>. Monforte se trouvant \u00e0 environ <strong>130 kilom\u00e8tres de Saint-Jacques-de-Compostelle<\/strong>, cela permet de remplir l'exigence de distance minimale pour obtenir la <strong>Compostela<\/strong>. Les autres localit\u00e9s de d\u00e9part pr\u00e9sentent des chiffres clairement minoritaires.<\/p>\n<h3>Mois avec la plus grande affluence de p\u00e8lerins<\/h3>\n<p>Les mois avec la <strong>plus grande affluence de p\u00e8lerins sur le Chemin d'hiver<\/strong> sont <strong>mai, juin et juillet<\/strong>, avec une moyenne approximative de <strong>entre 400 et 500 p\u00e8lerins par mois<\/strong>. Cette plus forte concentration co\u00efncide avec des conditions m\u00e9t\u00e9orologiques plus favorables et des p\u00e9riodes de vacances.<\/p>\n<h3>Modalit\u00e9 de p\u00e8lerinage<\/h3>\n<p>La <strong>quasi-totalit\u00e9 des p\u00e8lerins effectuent le Chemin d'hiver \u00e0 pied<\/strong>. N\u00e9anmoins, en <strong>2025<\/strong>, environ <strong>100 p\u00e8lerins<\/strong> ont compl\u00e9t\u00e9 le parcours <strong>\u00e0 v\u00e9lo<\/strong>, ce qui repr\u00e9sente approximativement <strong>4 % du total<\/strong>.<\/p>\n<hr>\n<h2>Comment se rendre \u00e0 Ponferrada<\/h2>\n<p>Ponferrada est le point de d\u00e9part traditionnel du Chemin d'hiver.<\/p>\n<h3>En train<\/h3>\n<p>Elle dispose d'une gare ferroviaire avec des connexions depuis Le\u00f3n, la Galice et Madrid.<\/p>\n<h3>En bus<\/h3>\n<p>Des lignes r\u00e9guli\u00e8res de bus relient Ponferrada aux principales villes du nord-ouest.<\/p>\n<h3>En voiture<\/h3>\n<p>Bon acc\u00e8s routier depuis Le\u00f3n, la Galice et les Asturies.<\/p>\n<hr>\n<h2>Planifier le Chemin d'hiver<\/h2>\n<h3>Jours n\u00e9cessaires<\/h3>\n<p>Entre 10 et 14 jours.<\/p>\n<h3>Niveau de difficult\u00e9<\/h3>\n<p>Moyen-\u00e9lev\u00e9.<\/p>\n<h3>Infrastructure<\/h3>\n<ul>\n<li>Auberges limit\u00e9es<\/li>\n<li>Services irr\u00e9guliers<\/li>\n<li>Tron\u00e7ons longs sans localit\u00e9s<\/li>\n<\/ul>\n<hr>\n<h2>Pr\u00e9paration du p\u00e8lerin<\/h2>\n<ul>\n<li>Bonne condition physique<\/li>\n<li>Chaussures techniques de montagne<\/li>\n<li>Sac \u00e0 dos l\u00e9ger mais complet<\/li>\n<li>V\u00eatements thermiques et de pluie<\/li>\n<li>Credential du p\u00e8lerin<\/li>\n<\/ul>\n<hr>\n<h2>Pour qui le Chemin d'hiver est-il id\u00e9al ?<\/h2>\n<ul>\n<li>P\u00e8lerins exp\u00e9riment\u00e9s<\/li>\n<li>Amateurs de montagne et de nature<\/li>\n<li>Ceux qui recherchent la solitude et l'authenticit\u00e9<\/li>\n<li>P\u00e8lerins qui \u00e9vitent les routes tr\u00e8s fr\u00e9quent\u00e9es<\/li>\n<\/ul>\n<hr>\n<h2>Avantages du Chemin d'hiver<\/h2>\n<ul>\n<li>Tr\u00e8s faible fr\u00e9quentation<\/li>\n<li>Grande richesse paysag\u00e8re<\/li>\n<li>Valeur historique et culturelle<\/li>\n<li>Contact direct avec le milieu rural<\/li>\n<\/ul>\n<hr>\n<h2>Le Chemin d'hiver dans le Chemin de Saint-Jacques<\/h2>\n<p>Le Chemin d'hiver fait partie du r\u00e9seau officiel des routes jacquaires. C'est une alternative historique au Camino Franc\u00e9s et l'une des routes les plus authentiques et exigeantes du Chemin de Saint-Jacques.<\/p>\n<hr>\n<h2>Le Chemin d'hiver en images<\/h2>\n<div class=\"camino-galeria\">\n<figure><img decoding=\"async\" src=\"https:\/\/peregrino.online\/camino-de-santiago\/invierno\/fotos\/fetap\/1\/2km0,7.jpg\" alt=\"Ponferrada, d\u00e9but du Chemin d'hiver\"><figcaption>Ponferrada, d\u00e9but du Chemin d'hiver<\/figcaption><\/figure>\n<figure><img decoding=\"async\" src=\"https:\/\/peregrino.online\/camino-de-santiago\/invierno\/fotos\/fetap\/1\/15km16,6.jpg\" alt=\"Ch\u00e2teau de Cornatel pr\u00e8s de Las M\u00e9dulas sur le Chemin d'hiver\"><figcaption>Ch\u00e2teau de Cornatel pr\u00e8s de Las M\u00e9dulas sur le Chemin d'hiver<\/figcaption><\/figure>\n<figure><img decoding=\"async\" src=\"https:\/\/peregrino.online\/camino-de-santiago\/invierno\/fotos\/fetap\/2\/5km3,8.jpg\" alt=\"Signalisation officielle du Chemin d'hiver\"><figcaption>Signalisation officielle du Chemin d'hiver<\/figcaption><\/figure>\n<figure><img decoding=\"async\" src=\"https:\/\/peregrino.online\/camino-de-santiago\/invierno\/fotos\/fetap\/3\/3km1,1.jpg\" alt=\"P\u00e8lerin pr\u00e8s de la fronti\u00e8re avec la Galice\"><figcaption>P\u00e8lerin pr\u00e8s de la fronti\u00e8re avec la Galice<\/figcaption><\/figure>\n<figure><img decoding=\"async\" src=\"https:\/\/peregrino.online\/camino-de-santiago\/invierno\/fotos\/fetap\/5\/18km17,9.jpg\" alt=\"Fleuve Mi\u00f1o pr\u00e8s de Quiroga\"><figcaption>Fleuve Mi\u00f1o pr\u00e8s de Quiroga<\/figcaption><\/figure>\n<figure><img decoding=\"async\" src=\"https:\/\/peregrino.online\/camino-de-santiago\/invierno\/fotos\/fetap\/7\/1km0,0.jpg\" alt=\"Fleuve Mi\u00f1o pr\u00e8s de Quiroga\"><figcaption>Monforte de Lemos, n\u0153ud cl\u00e9 du Chemin d'hiver<\/figcaption><\/figure>\n<figure><img decoding=\"async\" src=\"https:\/\/peregrino.online\/camino-de-santiago\/invierno\/fotos\/fetap\/8\/11km15,2.jpg\" alt=\"Paysage rural entre Chantada et Rodeiro\"><figcaption>Paysage rural du Chemin d'hiver entre Chantada et Rodeiro<\/figcaption><\/figure>\n<figure><img decoding=\"async\" src=\"https:\/\/peregrino.online\/camino-de-santiago\/invierno\/fotos\/fetap\/9\/25km27,1.jpg\" alt=\"A Laxe, jonction avec le Camino Sanabr\u00e9s\"><figcaption>A Laxe, point de jonction avec le Camino Sanabr\u00e9s<\/figcaption><\/figure>\n<\/div>\n<\/section>\n<\/div>\n<\/div><\/div><\/div><\/div><\/div>","protected":false},"excerpt":{"rendered":"<p>&nbsp; Chemin d&rsquo;hiver \u2013 Guide complet, \u00e9tapes, planification et conseils \u00c9tapes du Chemin d&rsquo;hiver 1.Ponferrada-Las Medulas 2.Las Medulas-Puente de Domingo Florez 3.Puente-O Barco de Valdeorras<\/p>\n","protected":false},"author":1,"featured_media":0,"parent":0,"menu_order":0,"comment_status":"closed","ping_status":"closed","template":"","meta":{"footnotes":""},"class_list":["post-3176","page","type-page","status-publish"],"_links":{"self":[{"href":"https:\/\/www.peregrino.online\/fr\/wp-json\/wp\/v2\/pages\/3176","targetHints":{"allow":["GET"]}}],"collection":[{"href":"https:\/\/www.peregrino.online\/fr\/wp-json\/wp\/v2\/pages"}],"about":[{"href":"https:\/\/www.peregrino.online\/fr\/wp-json\/wp\/v2\/types\/page"}],"author":[{"embeddable":true,"href":"https:\/\/www.peregrino.online\/fr\/wp-json\/wp\/v2\/users\/1"}],"replies":[{"embeddable":true,"href":"https:\/\/www.peregrino.online\/fr\/wp-json\/wp\/v2\/comments?post=3176"}],"version-history":[{"count":0,"href":"https:\/\/www.peregrino.online\/fr\/wp-json\/wp\/v2\/pages\/3176\/revisions"}],"wp:attachment":[{"href":"https:\/\/www.peregrino.online\/fr\/wp-json\/wp\/v2\/media?parent=3176"}],"curies":[{"name":"wp","href":"https:\/\/api.w.org\/{rel}","templated":true}]}}