{"id":2571,"date":"2020-06-16T15:36:39","date_gmt":"2020-06-16T15:36:39","guid":{"rendered":"https:\/\/www.peregrino.online\/maps-me\/"},"modified":"2024-02-19T06:30:15","modified_gmt":"2024-02-19T06:30:15","slug":"maps-me","status":"publish","type":"page","link":"https:\/\/www.peregrino.online\/fr\/maps-me\/","title":{"rendered":"Maps.me"},"content":{"rendered":"<h2 class=\"etapa-heading\">Maps.me<\/h2>\n<p style=\"text-align: justify;\">L&rsquo;utilisation de Maps.me est tr\u00e8s simple et vous aurez toutes les cartes t\u00e9l\u00e9charg\u00e9es sur votre t\u00e9l\u00e9phone.<\/p>\n<p style=\"text-align: justify;\">La premi\u00e8re chose \u00e0 faire est de t\u00e9l\u00e9charger toutes les \u00e9tapes, une par une, sur votre t\u00e9l\u00e9phone. T\u00e9l\u00e9chargez simplement les fichiers, ne les ouvrez pas encore. Suivez ensuite les instructions sur les images.<\/p>\n<p style=\"text-align: justify;\"><\/p>\n\n\n\n\n\n\n\n\n\n<\/a><\/p>\n\n<p>&nbsp;<\/p>\n\n\n<p>&nbsp;<\/p>\n<h3 style=\"text-align: center;\">Instrucciones Maps.me<\/h3>\n<p>Instalar Maps.me desde Google Play o App Store:<\/p>\n<p><img loading=\"lazy\" decoding=\"async\" class=\"aligncenter wp-image-2000 size-full\" src=\"https:\/\/www.peregrino.online\/wp-content\/uploads\/mapsme\/1.jpg\" alt=\"\" width=\"315\" height=\"560\" \/><\/p>\n<p><img loading=\"lazy\" decoding=\"async\" class=\"aligncenter wp-image-2005 size-full\" src=\"https:\/\/www.peregrino.online\/wp-content\/uploads\/mapsme\/2.jpg\" alt=\"\" width=\"315\" height=\"560\" \/><\/p>\n<p><img loading=\"lazy\" decoding=\"async\" class=\"aligncenter wp-image-2010 size-full\" src=\"https:\/\/www.peregrino.online\/wp-content\/uploads\/mapsme\/3.jpg\" alt=\"\" width=\"315\" height=\"560\" \/><\/p>\n<p><img loading=\"lazy\" decoding=\"async\" class=\"aligncenter wp-image-2015 size-full\" src=\"https:\/\/www.peregrino.online\/wp-content\/uploads\/mapsme\/4.jpg\" alt=\"\" width=\"315\" height=\"560\" \/><\/p>\n<p>Buscar la carpeta de Descargas de tu telefono y abrir:<\/p>\n<p><img loading=\"lazy\" decoding=\"async\" class=\"aligncenter wp-image-2020 size-full\" src=\"https:\/\/www.peregrino.online\/wp-content\/uploads\/mapsme\/5.jpg\" alt=\"\" width=\"315\" height=\"560\" \/><\/p>\n<p><img loading=\"lazy\" decoding=\"async\" class=\"aligncenter wp-image-2025 size-full\" src=\"https:\/\/www.peregrino.online\/wp-content\/uploads\/mapsme\/6.jpg\" alt=\"\" width=\"315\" height=\"560\" \/><\/p>\n<p><img loading=\"lazy\" decoding=\"async\" class=\"aligncenter wp-image-2143 size-full\" src=\"https:\/\/www.peregrino.online\/wp-content\/uploads\/mapsme\/7.jpg\" alt=\"\" width=\"315\" height=\"560\" \/><\/p>\n<p><img loading=\"lazy\" decoding=\"async\" class=\"aligncenter wp-image-2154 size-full\" src=\"https:\/\/www.peregrino.online\/wp-content\/uploads\/mapsme\/8.jpg\" alt=\"\" width=\"315\" height=\"560\" \/><\/p>\n<p><img loading=\"lazy\" decoding=\"async\" class=\"aligncenter wp-image-2056 size-full\" src=\"https:\/\/www.peregrino.online\/wp-content\/uploads\/mapsme\/9.jpg\" alt=\"\" width=\"315\" height=\"560\" \/><\/p>\n<p>Las descargas de mapas apareceran al hacer zoom:<\/p>\n<p><img loading=\"lazy\" decoding=\"async\" class=\"aligncenter wp-image-2159 size-full\" src=\"https:\/\/www.peregrino.online\/wp-content\/uploads\/mapsme\/10.jpg\" alt=\"\" width=\"315\" height=\"560\" \/><\/p>\n<p><img loading=\"lazy\" decoding=\"async\" class=\"aligncenter wp-image-2050 size-full\" src=\"https:\/\/www.peregrino.online\/wp-content\/uploads\/mapsme\/11.jpg\" alt=\"\" width=\"315\" height=\"560\" \/><\/p>\n<p><img loading=\"lazy\" decoding=\"async\" class=\"aligncenter wp-image-2050 size-full\" src=\"https:\/\/www.peregrino.online\/wp-content\/uploads\/mapsme\/12.jpg\" alt=\"\" width=\"315\" height=\"560\" \/><\/p>\n","protected":false},"excerpt":{"rendered":"<p>Maps.me L&rsquo;utilisation de Maps.me est tr\u00e8s simple et vous aurez toutes les cartes t\u00e9l\u00e9charg\u00e9es sur votre t\u00e9l\u00e9phone. La premi\u00e8re chose \u00e0 faire est de t\u00e9l\u00e9charger toutes les \u00e9tapes, une par une, sur votre t\u00e9l\u00e9phone. T\u00e9l\u00e9chargez simplement les fichiers, ne les ouvrez pas encore. Suivez ensuite les instructions sur les images. &nbsp; &nbsp; Instrucciones Maps.me Instalar &#8230; <a title=\"Maps.me\" class=\"read-more\" href=\"https:\/\/www.peregrino.online\/fr\/maps-me\/\">Read more<\/a><\/p>\n","protected":false},"author":1,"featured_media":0,"parent":0,"menu_order":0,"comment_status":"closed","ping_status":"closed","template":"","meta":{"footnotes":""},"class_list":["post-2571","page","type-page","status-publish"],"_links":{"self":[{"href":"https:\/\/www.peregrino.online\/fr\/wp-json\/wp\/v2\/pages\/2571","targetHints":{"allow":["GET"]}}],"collection":[{"href":"https:\/\/www.peregrino.online\/fr\/wp-json\/wp\/v2\/pages"}],"about":[{"href":"https:\/\/www.peregrino.online\/fr\/wp-json\/wp\/v2\/types\/page"}],"author":[{"embeddable":true,"href":"https:\/\/www.peregrino.online\/fr\/wp-json\/wp\/v2\/users\/1"}],"replies":[{"embeddable":true,"href":"https:\/\/www.peregrino.online\/fr\/wp-json\/wp\/v2\/comments?post=2571"}],"version-history":[{"count":0,"href":"https:\/\/www.peregrino.online\/fr\/wp-json\/wp\/v2\/pages\/2571\/revisions"}],"wp:attachment":[{"href":"https:\/\/www.peregrino.online\/fr\/wp-json\/wp\/v2\/media?parent=2571"}],"curies":[{"name":"wp","href":"https:\/\/api.w.org\/{rel}","templated":true}]}}