{"id":21388,"date":"2025-03-13T08:42:19","date_gmt":"2025-03-13T08:42:19","guid":{"rendered":"https:\/\/www.peregrino.online\/?page_id=21388"},"modified":"2026-02-08T13:11:56","modified_gmt":"2026-02-08T13:11:56","slug":"maps-me-chemin-francais","status":"publish","type":"page","link":"https:\/\/www.peregrino.online\/fr\/maps-me-chemin-francais\/","title":{"rendered":"Maps.me Chemin Fran\u00e7ais"},"content":{"rendered":"<div id=\"pl-21388\"  class=\"panel-layout\" ><div id=\"pg-21388-0\"  class=\"panel-grid panel-no-style\" ><div id=\"pgc-21388-0-0\"  class=\"panel-grid-cell\" ><div id=\"panel-21388-0-0-0\" class=\"so-panel widget widget_sow-editor panel-first-child panel-last-child widgetopts-SO\" data-index=\"0\" ><div\n\t\t\t\n\t\t\tclass=\"so-widget-sow-editor so-widget-sow-editor-base\"\n\t\t\t\n\t\t>\n<div class=\"siteorigin-widget-tinymce textwidget\">\n\t<p>&nbsp;<\/p>\n<div class=\"not-ios\">\n<h2 class=\"etapa-heading\">Itin\u00e9raires Maps.me \u2013 Chemin Fran\u00e7ais<\/h2>\n<p style=\"text-align: justify;\">L\u2019utilisation de Maps.me est tr\u00e8s simple et vous aurez toutes les cartes t\u00e9l\u00e9charg\u00e9es sur votre t\u00e9l\u00e9phone.<\/p>\n<p style=\"text-align: justify;\">Suivez ci-dessous les instructions indiqu\u00e9es sur les images.<\/p>\n<p><strong>1.- Installer Maps.me depuis Google Play ou l\u2019App Store :<\/strong><\/p>\n<p><img loading=\"lazy\" decoding=\"async\" class=\"aligncenter wp-image-2000 size-full\" src=\"https:\/\/www.peregrino.online\/wp-content\/uploads\/mapsme\/1.jpg\" alt=\"\" width=\"315\" height=\"560\" \/><\/p>\n<p><img loading=\"lazy\" decoding=\"async\" class=\"aligncenter wp-image-2005 size-full\" src=\"https:\/\/www.peregrino.online\/wp-content\/uploads\/mapsme\/2.jpg\" alt=\"\" width=\"315\" height=\"560\" \/><\/p>\n<p><img loading=\"lazy\" decoding=\"async\" class=\"aligncenter wp-image-2010 size-full\" src=\"https:\/\/www.peregrino.online\/wp-content\/uploads\/mapsme\/3.jpg\" alt=\"\" width=\"315\" height=\"560\" \/><\/p>\n<p><img loading=\"lazy\" decoding=\"async\" class=\"aligncenter wp-image-2015 size-full\" src=\"https:\/\/www.peregrino.online\/wp-content\/uploads\/mapsme\/4.jpg\" alt=\"\" width=\"315\" height=\"560\" \/><\/p>\n<p style=\"text-align: left;\"><strong>2.- T\u00e9l\u00e9charger le fichier suivant :<\/strong><\/p>\n<p style=\"text-align: center; margin: 30px 0;\"><a style=\"display: inline-flex; align-items: center; justify-content: center; height: 56px; padding: 0 32px; background: linear-gradient(135deg, #2fb344, #2b9e3f); color: #ffffff; text-decoration: none; font-size: 18px; font-weight: 600; border-radius: 12px; box-shadow: 0 8px 18px rgba(47,179,68,0.35); line-height: 1; white-space: nowrap;\" href=\"https:\/\/peregrino.online\/camino-de-santiago\/frances\/mapsme\/mapsmefrances1.kml\" download=\"Track Chemin Fran\u00e7ais\"> \u2b07 T\u00e9l\u00e9charger le trac\u00e9 Chemin Fran\u00e7ais <\/a><\/p>\n<p style=\"text-align: left;\"><strong>3.- Ouvrir :<\/strong><\/p>\n<p><img loading=\"lazy\" decoding=\"async\" class=\"wp-image-2735 size-full aligncenter\" src=\"https:\/\/www.peregrino.online\/wp-content\/uploads\/2024\/05\/pantallaabrir1.jpg\" alt=\"\" width=\"270\" height=\"600\" \/><\/p>\n<p><img loading=\"lazy\" decoding=\"async\" class=\"aligncenter size-full wp-image-43047\" src=\"https:\/\/www.peregrino.online\/wp-content\/uploads\/2026\/02\/mapsmefavoritos.jpg\" alt=\"\" width=\"270\" height=\"600\" srcset=\"https:\/\/www.peregrino.online\/wp-content\/uploads\/2026\/02\/mapsmefavoritos.jpg 270w, https:\/\/www.peregrino.online\/wp-content\/uploads\/2026\/02\/mapsmefavoritos-135x300.jpg 135w\" sizes=\"auto, (max-width: 270px) 100vw, 270px\" \/><\/p>\n<p><img loading=\"lazy\" decoding=\"async\" class=\"wp-image-2741 size-full aligncenter\" src=\"https:\/\/www.peregrino.online\/wp-content\/uploads\/2024\/05\/mapsme1.jpg\" alt=\"\" width=\"270\" height=\"600\" \/><\/p>\n<p><strong>4.- T\u00e9l\u00e9charger les cartes : zoomer sur la carte.<\/strong><\/p>\n<p><img loading=\"lazy\" decoding=\"async\" class=\"wp-image-2747 size-full aligncenter\" src=\"https:\/\/www.peregrino.online\/wp-content\/uploads\/2024\/05\/mapsme2.jpg\" alt=\"\" width=\"270\" height=\"600\" \/><\/p>\n<p>&nbsp;<\/p>\n<p><img loading=\"lazy\" decoding=\"async\" class=\"aligncenter wp-image-2050 size-full\" src=\"https:\/\/www.peregrino.online\/wp-content\/uploads\/mapsme\/11.jpg\" alt=\"\" width=\"315\" height=\"560\" \/><\/p>\n<p><img loading=\"lazy\" decoding=\"async\" class=\"aligncenter wp-image-2050 size-full\" src=\"https:\/\/www.peregrino.online\/wp-content\/uploads\/mapsme\/12.jpg\" alt=\"\" width=\"315\" height=\"560\" \/><\/p>\n<p>NOTE : Maps.me ne g\u00e8re pas diff\u00e9rents types d\u2019ic\u00f4nes. Pour cette raison, et afin d\u2019\u00e9viter toute confusion, seuls les ic\u00f4nes des auberges et des h\u00f4tels ont \u00e9t\u00e9 inclus.<\/p>\n<p>&nbsp;<\/p>\n<p>&nbsp;<\/p>\n<\/div>\n<div class=\"only-ios\">\n<h2 class=\"etapa-heading\">Itin\u00e9raires Maps.me \u2013 Chemin Fran\u00e7ais<\/h2>\n<p style=\"text-align: justify;\">L\u2019utilisation de Maps.me est tr\u00e8s simple et vous aurez toutes les cartes t\u00e9l\u00e9charg\u00e9es sur votre t\u00e9l\u00e9phone.<\/p>\n<p style=\"text-align: justify;\">Suivez ci-dessous les instructions indiqu\u00e9es sur les images.<\/p>\n<p><strong>1.- Installer Maps.me depuis l\u2019App Store :<\/strong><\/p>\n<p><img loading=\"lazy\" decoding=\"async\" class=\"aligncenter wp-image-43075 size-full\" src=\"https:\/\/www.peregrino.online\/wp-content\/uploads\/2026\/02\/iphonemaps1.jpg\" alt=\"\" width=\"337\" height=\"600\" srcset=\"https:\/\/www.peregrino.online\/wp-content\/uploads\/2026\/02\/iphonemaps1.jpg 337w, https:\/\/www.peregrino.online\/wp-content\/uploads\/2026\/02\/iphonemaps1-169x300.jpg 169w\" sizes=\"auto, (max-width: 337px) 100vw, 337px\" \/><\/p>\n<p><img loading=\"lazy\" decoding=\"async\" class=\"aligncenter wp-image-43081 size-full\" src=\"https:\/\/www.peregrino.online\/wp-content\/uploads\/2026\/02\/iphonemaps2.jpg\" alt=\"\" width=\"337\" height=\"600\" srcset=\"https:\/\/www.peregrino.online\/wp-content\/uploads\/2026\/02\/iphonemaps2.jpg 337w, https:\/\/www.peregrino.online\/wp-content\/uploads\/2026\/02\/iphonemaps2-169x300.jpg 169w\" sizes=\"auto, (max-width: 337px) 100vw, 337px\" \/><\/p>\n<p><img loading=\"lazy\" decoding=\"async\" class=\"aligncenter wp-image-43087 size-full\" src=\"https:\/\/www.peregrino.online\/wp-content\/uploads\/2026\/02\/iphonemaps3.jpg\" alt=\"\" width=\"337\" height=\"600\" srcset=\"https:\/\/www.peregrino.online\/wp-content\/uploads\/2026\/02\/iphonemaps3.jpg 337w, https:\/\/www.peregrino.online\/wp-content\/uploads\/2026\/02\/iphonemaps3-169x300.jpg 169w\" sizes=\"auto, (max-width: 337px) 100vw, 337px\" \/><\/p>\n<p><img loading=\"lazy\" decoding=\"async\" class=\"aligncenter wp-image-43093 size-full\" src=\"https:\/\/www.peregrino.online\/wp-content\/uploads\/2026\/02\/iphonemaps4.jpg\" alt=\"\" width=\"337\" height=\"600\" srcset=\"https:\/\/www.peregrino.online\/wp-content\/uploads\/2026\/02\/iphonemaps4.jpg 337w, https:\/\/www.peregrino.online\/wp-content\/uploads\/2026\/02\/iphonemaps4-169x300.jpg 169w\" sizes=\"auto, (max-width: 337px) 100vw, 337px\" \/><\/p>\n<p style=\"text-align: left;\"><strong>2.- T\u00e9l\u00e9charger le fichier suivant :<\/strong><\/p>\n<p style=\"text-align: center; margin: 30px 0;\"><a style=\"display: inline-flex; align-items: center; justify-content: center; height: 56px; padding: 0 32px; background: linear-gradient(135deg, #2fb344, #2b9e3f); color: #ffffff; text-decoration: none; font-size: 18px; font-weight: 600; border-radius: 12px; box-shadow: 0 8px 18px rgba(47,179,68,0.35); line-height: 1; white-space: nowrap;\" href=\"https:\/\/peregrino.online\/camino-de-santiago\/frances\/mapsme\/mapsmefrances1.kml\" download=\"Track Chemin Fran\u00e7ais\"> \u2b07 T\u00e9l\u00e9charger le trac\u00e9 Chemin Fran\u00e7ais <\/a><\/p>\n<p><strong>3.- Ouvrir :<\/strong><\/p>\n<p style=\"text-align: justify;\">Aller dans le dossier Fichiers et trouver le fichier que vous venez de t\u00e9l\u00e9charger. Appuyez longuement sur le fichier et, dans la fen\u00eatre qui appara\u00eet, s\u00e9lectionnez <strong>Partager<\/strong>.<\/p>\n<p>&nbsp;<\/p>\n<p><img loading=\"lazy\" decoding=\"async\" class=\"aligncenter size-full wp-image-43055\" src=\"https:\/\/www.peregrino.online\/wp-content\/uploads\/2026\/02\/mapsiphon1.jpg\" alt=\"\" width=\"337\" height=\"600\" srcset=\"https:\/\/www.peregrino.online\/wp-content\/uploads\/2026\/02\/mapsiphon1.jpg 337w, https:\/\/www.peregrino.online\/wp-content\/uploads\/2026\/02\/mapsiphon1-169x300.jpg 169w\" sizes=\"auto, (max-width: 337px) 100vw, 337px\" \/><\/p>\n<p>&nbsp;<\/p>\n<p style=\"text-align: justify;\">Choisir Maps.me.<\/p>\n<p><img loading=\"lazy\" decoding=\"async\" class=\"aligncenter size-full wp-image-43062\" src=\"https:\/\/www.peregrino.online\/wp-content\/uploads\/2026\/02\/mapsiphone2.jpg\" alt=\"\" width=\"337\" height=\"600\" srcset=\"https:\/\/www.peregrino.online\/wp-content\/uploads\/2026\/02\/mapsiphone2.jpg 337w, https:\/\/www.peregrino.online\/wp-content\/uploads\/2026\/02\/mapsiphone2-169x300.jpg 169w\" sizes=\"auto, (max-width: 337px) 100vw, 337px\" \/><\/p>\n<p>&nbsp;<\/p>\n<p style=\"text-align: justify;\">Le trac\u00e9 sera enregistr\u00e9 dans les Favoris.<\/p>\n<p><img loading=\"lazy\" decoding=\"async\" class=\"aligncenter size-full wp-image-43068\" src=\"https:\/\/www.peregrino.online\/wp-content\/uploads\/2026\/02\/mapsiphone3.jpg\" alt=\"\" width=\"337\" height=\"600\" srcset=\"https:\/\/www.peregrino.online\/wp-content\/uploads\/2026\/02\/mapsiphone3.jpg 337w, https:\/\/www.peregrino.online\/wp-content\/uploads\/2026\/02\/mapsiphone3-169x300.jpg 169w\" sizes=\"auto, (max-width: 337px) 100vw, 337px\" \/><\/p>\n<div class=\"only-ios\">\n<p><img loading=\"lazy\" decoding=\"async\" class=\"wp-image-2741 size-full aligncenter\" src=\"https:\/\/www.peregrino.online\/wp-content\/uploads\/2024\/05\/mapsme1.jpg\" alt=\"\" width=\"270\" height=\"600\" \/><\/p>\n<p><strong>4.- T\u00e9l\u00e9charger les cartes : zoomer sur la carte.<\/strong><\/p>\n<p><img loading=\"lazy\" decoding=\"async\" class=\"wp-image-2747 size-full aligncenter\" src=\"https:\/\/www.peregrino.online\/wp-content\/uploads\/2024\/05\/mapsme2.jpg\" alt=\"\" width=\"270\" height=\"600\" \/><\/p>\n<p>&nbsp;<\/p>\n<p><img loading=\"lazy\" decoding=\"async\" class=\"aligncenter wp-image-2050 size-full\" src=\"https:\/\/www.peregrino.online\/wp-content\/uploads\/mapsme\/11.jpg\" alt=\"\" width=\"315\" height=\"560\" \/><\/p>\n<p><img loading=\"lazy\" decoding=\"async\" class=\"aligncenter wp-image-2050 size-full\" src=\"https:\/\/www.peregrino.online\/wp-content\/uploads\/mapsme\/12.jpg\" alt=\"\" width=\"315\" height=\"560\" \/><\/p>\n<p>NOTE : Maps.me ne g\u00e8re pas diff\u00e9rents types d\u2019ic\u00f4nes. Pour cette raison, et afin d\u2019\u00e9viter toute confusion, seuls les ic\u00f4nes des auberges et des h\u00f4tels ont \u00e9t\u00e9 inclus.<\/p>\n<p>&nbsp;<\/p>\n<p>&nbsp;<\/p>\n<\/div>\n<\/div>\n<\/div>\n<\/div><\/div><\/div><\/div><\/div>","protected":false},"excerpt":{"rendered":"<p>&nbsp; Itin\u00e9raires Maps.me \u2013 Chemin Fran\u00e7ais L\u2019utilisation de Maps.me est tr\u00e8s simple et vous aurez toutes les cartes t\u00e9l\u00e9charg\u00e9es sur votre t\u00e9l\u00e9phone. Suivez ci-dessous les instructions indiqu\u00e9es sur les images. 1.- Installer Maps.me depuis Google Play ou l\u2019App Store : 2.- T\u00e9l\u00e9charger le fichier suivant : \u2b07 T\u00e9l\u00e9charger le trac\u00e9 Chemin Fran\u00e7ais 3.- Ouvrir : &#8230; <a title=\"Maps.me Chemin Fran\u00e7ais\" class=\"read-more\" href=\"https:\/\/www.peregrino.online\/fr\/maps-me-chemin-francais\/\">Read more<\/a><\/p>\n","protected":false},"author":1,"featured_media":0,"parent":0,"menu_order":0,"comment_status":"closed","ping_status":"closed","template":"","meta":{"footnotes":""},"class_list":["post-21388","page","type-page","status-publish"],"_links":{"self":[{"href":"https:\/\/www.peregrino.online\/fr\/wp-json\/wp\/v2\/pages\/21388","targetHints":{"allow":["GET"]}}],"collection":[{"href":"https:\/\/www.peregrino.online\/fr\/wp-json\/wp\/v2\/pages"}],"about":[{"href":"https:\/\/www.peregrino.online\/fr\/wp-json\/wp\/v2\/types\/page"}],"author":[{"embeddable":true,"href":"https:\/\/www.peregrino.online\/fr\/wp-json\/wp\/v2\/users\/1"}],"replies":[{"embeddable":true,"href":"https:\/\/www.peregrino.online\/fr\/wp-json\/wp\/v2\/comments?post=21388"}],"version-history":[{"count":0,"href":"https:\/\/www.peregrino.online\/fr\/wp-json\/wp\/v2\/pages\/21388\/revisions"}],"wp:attachment":[{"href":"https:\/\/www.peregrino.online\/fr\/wp-json\/wp\/v2\/media?parent=21388"}],"curies":[{"name":"wp","href":"https:\/\/api.w.org\/{rel}","templated":true}]}}