{"id":1562,"date":"2018-09-24T17:18:06","date_gmt":"2018-09-24T17:18:06","guid":{"rendered":"http:\/\/www.peregrino.online\/android-iphone-camino-de-santiago-alquiler-bicicletas-peregrinos\/"},"modified":"2026-03-11T04:39:33","modified_gmt":"2026-03-11T04:39:33","slug":"android-iphone-camino-de-santiago-alquiler-bicicletas-peregrinos","status":"publish","type":"page","link":"https:\/\/www.peregrino.online\/fr\/","title":{"rendered":"Home"},"content":{"rendered":"<div id=\"pl-1562\"  class=\"panel-layout\" ><div id=\"pg-1562-0\"  class=\"panel-grid panel-no-style\" ><div id=\"pgc-1562-0-0\"  class=\"panel-grid-cell\" ><div id=\"panel-1562-0-0-0\" class=\"so-panel widget widget_sow-editor panel-first-child panel-last-child widgetopts-SO\" data-index=\"0\" ><div\n\t\t\t\n\t\t\tclass=\"so-widget-sow-editor so-widget-sow-editor-base\"\n\t\t\t\n\t\t>\n<div class=\"siteorigin-widget-tinymce textwidget\">\n\t<p>.<br \/>\n.<\/p>\n<h2 class=\"etapa-heading\">Application pour Android et iPhone<\/h2>\n<\/div>\n<\/div><\/div><\/div><\/div><div id=\"pg-1562-1\"  class=\"panel-grid panel-no-style\" ><div id=\"pgc-1562-1-0\"  class=\"panel-grid-cell\" ><div id=\"panel-1562-1-0-0\" class=\"so-panel widget widget_sow-editor panel-first-child panel-last-child widgetopts-SO\" data-index=\"1\" ><div\n\t\t\t\n\t\t\tclass=\"so-widget-sow-editor so-widget-sow-editor-base\"\n\t\t\t\n\t\t>\n<div class=\"siteorigin-widget-tinymce textwidget\">\n\t<p>&nbsp;<\/p>\n<p><img loading=\"lazy\" decoding=\"async\" class=\"alignnone size-full wp-image-3210 aligncenter\" src=\"https:\/\/www.peregrino.online\/wp-content\/uploads\/2024\/07\/cartelperegrino5002.jpg\" alt=\"\" width=\"500\" height=\"500\" \/><\/p>\n<\/div>\n<\/div><\/div><\/div><div id=\"pgc-1562-1-1\"  class=\"panel-grid-cell\" ><div id=\"panel-1562-1-1-0\" class=\"so-panel widget widget_sow-editor panel-first-child panel-last-child widgetopts-SO\" data-index=\"2\" ><div\n\t\t\t\n\t\t\tclass=\"so-widget-sow-editor so-widget-sow-editor-base\"\n\t\t\t\n\t\t>\n<div class=\"siteorigin-widget-tinymce textwidget\">\n\t<h3 style=\"text-align: center;\">Application Peregrino Online<\/h3>\n<p style=\"text-align: justify;\">Disponible pour Android et iPhone, les guides de Peregrino Online. Dans l'application, vous avez les chemins suivants disponibles :<\/p>\n<p style=\"text-align: justify;\"><strong>Chemin Fran\u00e7ais, <\/strong><strong>Chemin Portugais Central, <\/strong><strong>Chemin Portugais C\u00f4tier, <\/strong><strong>Via de la Plata, <\/strong><strong>Chemin Sanabres, <\/strong><strong>Chemin Anglais, <\/strong><strong>Chemin d'Hiver et <\/strong><strong>Chemin de Madrid<\/strong><\/p>\n<p style=\"text-align: justify;\">Le guide est gratuit et vous pouvez l'emporter sur la route. Il dispose de cartes en ligne, d'une option pour t\u00e9l\u00e9charger la carte et l'avoir sur votre t\u00e9l\u00e9phone, de toutes les informations sur les auberges et les h\u00f4tels, ...<\/p>\n<p style=\"text-align: justify;\">Vous pouvez t\u00e9l\u00e9charger le guide \u00e0 partir des QR codes sur l'image ou en utilisant les liens suivants :<\/p>\n<p style=\"text-align: justify;\">Android: <a href=\"https:\/\/play.google.com\/store\/apps\/details?id=com.independentrip.viadelaplata\">Link android<\/a><\/p>\n<p style=\"text-align: justify;\">iPhone: <a href=\"https:\/\/apps.apple.com\/es\/app\/peregrino-online\/id1066050811\">Link Apple<\/a><\/p>\n<\/div>\n<\/div><\/div><\/div><\/div><div id=\"pg-1562-2\"  class=\"panel-grid panel-no-style\" ><div id=\"pgc-1562-2-0\"  class=\"panel-grid-cell\" ><div id=\"panel-1562-2-0-0\" class=\"so-panel widget widget_sow-editor panel-first-child panel-last-child widgetopts-SO\" data-index=\"3\" ><div\n\t\t\t\n\t\t\tclass=\"so-widget-sow-editor so-widget-sow-editor-base\"\n\t\t\t\n\t\t>\n<div class=\"siteorigin-widget-tinymce textwidget\">\n\t<p>&nbsp;<\/p>\n<h2 style=\"text-align: center;\">Guides du Chemin de Saint-Jacques pour planifier votre itin\u00e9raire<\/h2>\n<\/div>\n<\/div><\/div><\/div><\/div><div id=\"pg-1562-3\"  class=\"panel-grid panel-no-style\" ><div id=\"pgc-1562-3-0\"  class=\"panel-grid-cell\" ><div id=\"panel-1562-3-0-0\" class=\"so-panel widget widget_sow-button panel-first-child panel-last-child widgetopts-SO\" data-index=\"4\" ><div\n\t\t\t\n\t\t\tclass=\"so-widget-sow-button so-widget-sow-button-wire-c100ba1edcca-1562\"\n\t\t\t\n\t\t><div class=\"ow-button-base ow-button-align-center\"\n>\n\t\t\t<a\n\t\t\t\t\thref=\"https:\/\/www.peregrino.online\/fr\/camino-frances\/\"\n\t\t\t\t\tclass=\"sowb-button ow-icon-placement-top ow-button-hover\" \t>\n\t\t<span>\n\t\t\t\t\t\t\t<div class=\"sow-icon-image\" style=\"background-image: url(https:\/\/www.peregrino.online\/wp-content\/uploads\/2018\/09\/Concha512x512-150x150.png)\"><\/div>\n\t\t\t\t\n\t\t\tChemin Fran\u00e7ais\t\t<\/span>\n\t\t\t<\/a>\n\t<\/div>\n<\/div><\/div><\/div><div id=\"pgc-1562-3-1\"  class=\"panel-grid-cell\" ><div id=\"panel-1562-3-1-0\" class=\"so-panel widget widget_sow-button panel-first-child panel-last-child widgetopts-SO\" data-index=\"5\" ><div\n\t\t\t\n\t\t\tclass=\"so-widget-sow-button so-widget-sow-button-wire-c100ba1edcca-1562\"\n\t\t\t\n\t\t><div class=\"ow-button-base ow-button-align-center\"\n>\n\t\t\t<a\n\t\t\t\t\thref=\"https:\/\/www.peregrino.online\/fr\/camino-portugues-central-costa\/\"\n\t\t\t\t\tclass=\"sowb-button ow-icon-placement-top ow-button-hover\" \t>\n\t\t<span>\n\t\t\t\t\t\t\t<div class=\"sow-icon-image\" style=\"background-image: url(https:\/\/www.peregrino.online\/wp-content\/uploads\/2018\/09\/Concha512x512-150x150.png)\"><\/div>\n\t\t\t\t\n\t\t\tChemin Portugais \u2013 voie centrale\t\t<\/span>\n\t\t\t<\/a>\n\t<\/div>\n<\/div><\/div><\/div><div id=\"pgc-1562-3-2\"  class=\"panel-grid-cell\" ><div id=\"panel-1562-3-2-0\" class=\"so-panel widget widget_sow-button panel-first-child panel-last-child widgetopts-SO\" data-index=\"6\" ><div\n\t\t\t\n\t\t\tclass=\"so-widget-sow-button so-widget-sow-button-wire-c100ba1edcca-1562\"\n\t\t\t\n\t\t><div class=\"ow-button-base ow-button-align-center\"\n>\n\t\t\t<a\n\t\t\t\t\thref=\"https:\/\/www.peregrino.online\/fr\/camino-portugues-central-costa\/\"\n\t\t\t\t\tclass=\"sowb-button ow-icon-placement-top ow-button-hover\" \t>\n\t\t<span>\n\t\t\t\t\t\t\t<div class=\"sow-icon-image\" style=\"background-image: url(https:\/\/www.peregrino.online\/wp-content\/uploads\/2018\/09\/Concha512x512-150x150.png)\"><\/div>\n\t\t\t\t\n\t\t\tChemin Portugais \u2013 voie de la c\u00f4te\t\t<\/span>\n\t\t\t<\/a>\n\t<\/div>\n<\/div><\/div><\/div><div id=\"pgc-1562-3-3\"  class=\"panel-grid-cell\" ><div id=\"panel-1562-3-3-0\" class=\"so-panel widget widget_sow-button panel-first-child panel-last-child widgetopts-SO\" data-index=\"7\" ><div\n\t\t\t\n\t\t\tclass=\"so-widget-sow-button so-widget-sow-button-wire-c100ba1edcca-1562\"\n\t\t\t\n\t\t><div class=\"ow-button-base ow-button-align-center\"\n>\n\t\t\t<a\n\t\t\t\t\thref=\"https:\/\/www.peregrino.online\/fr\/via-de-la-plata\/\"\n\t\t\t\t\tclass=\"sowb-button ow-icon-placement-top ow-button-hover\" \t>\n\t\t<span>\n\t\t\t\t\t\t\t<div class=\"sow-icon-image\" style=\"background-image: url(https:\/\/www.peregrino.online\/wp-content\/uploads\/2018\/09\/Concha512x512-150x150.png)\"><\/div>\n\t\t\t\t\n\t\t\tVoie de l\u2019Argent\t\t<\/span>\n\t\t\t<\/a>\n\t<\/div>\n<\/div><\/div><\/div><\/div><div id=\"pg-1562-4\"  class=\"panel-grid panel-no-style\" ><div id=\"pgc-1562-4-0\"  class=\"panel-grid-cell\" ><div id=\"panel-1562-4-0-0\" class=\"so-panel widget widget_sow-editor panel-first-child panel-last-child widgetopts-SO\" data-index=\"8\" ><div\n\t\t\t\n\t\t\tclass=\"so-widget-sow-editor so-widget-sow-editor-base\"\n\t\t\t\n\t\t>\n<div class=\"siteorigin-widget-tinymce textwidget\">\n\t<p>&nbsp;<\/p>\n<\/div>\n<\/div><\/div><\/div><\/div><div id=\"pg-1562-5\"  class=\"panel-grid panel-no-style\" ><div id=\"pgc-1562-5-0\"  class=\"panel-grid-cell\" ><div id=\"panel-1562-5-0-0\" class=\"so-panel widget widget_sow-button panel-first-child panel-last-child widgetopts-SO\" data-index=\"9\" ><div\n\t\t\t\n\t\t\tclass=\"so-widget-sow-button so-widget-sow-button-wire-c100ba1edcca-1562\"\n\t\t\t\n\t\t><div class=\"ow-button-base ow-button-align-center\"\n>\n\t\t\t<a\n\t\t\t\t\thref=\"https:\/\/www.peregrino.online\/fr\/camino-sanabres\/\"\n\t\t\t\t\tclass=\"sowb-button ow-icon-placement-top ow-button-hover\" \t>\n\t\t<span>\n\t\t\t\t\t\t\t<div class=\"sow-icon-image\" style=\"background-image: url(https:\/\/www.peregrino.online\/wp-content\/uploads\/2018\/09\/Concha512x512-150x150.png)\"><\/div>\n\t\t\t\t\n\t\t\tChemin Sanabr\u00e9s\t\t<\/span>\n\t\t\t<\/a>\n\t<\/div>\n<\/div><\/div><\/div><div id=\"pgc-1562-5-1\"  class=\"panel-grid-cell\" ><div id=\"panel-1562-5-1-0\" class=\"so-panel widget widget_sow-button panel-first-child panel-last-child widgetopts-SO\" data-index=\"10\" ><div\n\t\t\t\n\t\t\tclass=\"so-widget-sow-button so-widget-sow-button-wire-c100ba1edcca-1562\"\n\t\t\t\n\t\t><div class=\"ow-button-base ow-button-align-center\"\n>\n\t\t\t<a\n\t\t\t\t\thref=\"https:\/\/www.peregrino.online\/fr\/camino-ingles\/\"\n\t\t\t\t\tclass=\"sowb-button ow-icon-placement-top ow-button-hover\" \t>\n\t\t<span>\n\t\t\t\t\t\t\t<div class=\"sow-icon-image\" style=\"background-image: url(https:\/\/www.peregrino.online\/wp-content\/uploads\/2018\/09\/Concha512x512-150x150.png)\"><\/div>\n\t\t\t\t\n\t\t\tChemin Anglais\t\t<\/span>\n\t\t\t<\/a>\n\t<\/div>\n<\/div><\/div><\/div><div id=\"pgc-1562-5-2\"  class=\"panel-grid-cell\" ><div id=\"panel-1562-5-2-0\" class=\"so-panel widget widget_sow-button panel-first-child panel-last-child widgetopts-SO\" data-index=\"11\" ><div\n\t\t\t\n\t\t\tclass=\"so-widget-sow-button so-widget-sow-button-wire-c100ba1edcca-1562\"\n\t\t\t\n\t\t><div class=\"ow-button-base ow-button-align-center\"\n>\n\t\t\t<a\n\t\t\t\t\thref=\"https:\/\/www.peregrino.online\/fr\/camino-invierno\/\"\n\t\t\t\t\tclass=\"sowb-button ow-icon-placement-top ow-button-hover\" \t>\n\t\t<span>\n\t\t\t\t\t\t\t<div class=\"sow-icon-image\" style=\"background-image: url(https:\/\/www.peregrino.online\/wp-content\/uploads\/2018\/09\/Concha512x512-150x150.png)\"><\/div>\n\t\t\t\t\n\t\t\tChemin d\u2019Hiver\t\t<\/span>\n\t\t\t<\/a>\n\t<\/div>\n<\/div><\/div><\/div><div id=\"pgc-1562-5-3\"  class=\"panel-grid-cell\" ><div id=\"panel-1562-5-3-0\" class=\"so-panel widget widget_sow-button panel-first-child panel-last-child widgetopts-SO\" data-index=\"12\" ><div\n\t\t\t\n\t\t\tclass=\"so-widget-sow-button so-widget-sow-button-wire-c100ba1edcca-1562\"\n\t\t\t\n\t\t><div class=\"ow-button-base ow-button-align-center\"\n>\n\t\t\t<a\n\t\t\t\t\thref=\"https:\/\/www.peregrino.online\/fr\/camino-de-madrid\/\"\n\t\t\t\t\tclass=\"sowb-button ow-icon-placement-top ow-button-hover\" \t>\n\t\t<span>\n\t\t\t\t\t\t\t<div class=\"sow-icon-image\" style=\"background-image: url(https:\/\/www.peregrino.online\/wp-content\/uploads\/2018\/09\/Concha512x512-150x150.png)\"><\/div>\n\t\t\t\t\n\t\t\tChemin de Madrid\t\t<\/span>\n\t\t\t<\/a>\n\t<\/div>\n<\/div><\/div><\/div><\/div><div id=\"pg-1562-6\"  class=\"panel-grid panel-no-style\" ><div id=\"pgc-1562-6-0\"  class=\"panel-grid-cell\" ><div id=\"panel-1562-6-0-0\" class=\"so-panel widget widget_sow-editor panel-first-child widgetopts-SO\" data-index=\"13\" ><div\n\t\t\t\n\t\t\tclass=\"so-widget-sow-editor so-widget-sow-editor-base\"\n\t\t\t\n\t\t>\n<div class=\"siteorigin-widget-tinymce textwidget\">\n\t<p>.<\/p>\n<h2 class=\"etapa-heading\">Prix Fitur Meilleure Application Touristique<\/h2>\n<p><img loading=\"lazy\" decoding=\"async\" class=\"aligncenter wp-image-2327 size-full\" src=\"https:\/\/www.peregrino.online\/wp-content\/uploads\/2019\/03\/premio-FITUR-Peregrino-Online.jpg\" alt=\"\" width=\"600\" height=\"436\" srcset=\"https:\/\/www.peregrino.online\/wp-content\/uploads\/2019\/03\/premio-FITUR-Peregrino-Online.jpg 600w, https:\/\/www.peregrino.online\/wp-content\/uploads\/2019\/03\/premio-FITUR-Peregrino-Online-300x218.jpg 300w\" sizes=\"auto, (max-width: 600px) 100vw, 600px\" \/><\/p>\n<\/div>\n<\/div><\/div><div id=\"panel-1562-6-0-1\" class=\"so-panel widget widget_media_image panel-last-child\" data-index=\"14\" ><img loading=\"lazy\" decoding=\"async\" width=\"1000\" height=\"282\" src=\"https:\/\/www.peregrino.online\/wp-content\/uploads\/2018\/09\/muchosmoviles1.jpg\" class=\"image wp-image-385  attachment-full size-full\" alt=\"\" style=\"max-width: 100%; height: auto;\" srcset=\"https:\/\/www.peregrino.online\/wp-content\/uploads\/2018\/09\/muchosmoviles1.jpg 1000w, https:\/\/www.peregrino.online\/wp-content\/uploads\/2018\/09\/muchosmoviles1-300x85.jpg 300w, https:\/\/www.peregrino.online\/wp-content\/uploads\/2018\/09\/muchosmoviles1-768x217.jpg 768w\" sizes=\"auto, (max-width: 1000px) 100vw, 1000px\" \/><\/div><\/div><\/div><\/div>","protected":false},"excerpt":{"rendered":"<p>. . Application pour Android et iPhone &nbsp; Application Peregrino Online Disponible pour Android et iPhone, les guides de Peregrino Online. Dans l&rsquo;application, vous avez les chemins suivants disponibles : Chemin Fran\u00e7ais, Chemin Portugais Central, Chemin Portugais C\u00f4tier, Via de la Plata, Chemin Sanabres, Chemin Anglais, Chemin d&rsquo;Hiver et Chemin de Madrid Le guide est &#8230; <a title=\"Home\" class=\"read-more\" href=\"https:\/\/www.peregrino.online\/fr\/\">Read more<\/a><\/p>\n","protected":false},"author":1,"featured_media":0,"parent":0,"menu_order":0,"comment_status":"closed","ping_status":"closed","template":"","meta":{"footnotes":""},"class_list":["post-1562","page","type-page","status-publish"],"_links":{"self":[{"href":"https:\/\/www.peregrino.online\/fr\/wp-json\/wp\/v2\/pages\/1562","targetHints":{"allow":["GET"]}}],"collection":[{"href":"https:\/\/www.peregrino.online\/fr\/wp-json\/wp\/v2\/pages"}],"about":[{"href":"https:\/\/www.peregrino.online\/fr\/wp-json\/wp\/v2\/types\/page"}],"author":[{"embeddable":true,"href":"https:\/\/www.peregrino.online\/fr\/wp-json\/wp\/v2\/users\/1"}],"replies":[{"embeddable":true,"href":"https:\/\/www.peregrino.online\/fr\/wp-json\/wp\/v2\/comments?post=1562"}],"version-history":[{"count":6,"href":"https:\/\/www.peregrino.online\/fr\/wp-json\/wp\/v2\/pages\/1562\/revisions"}],"predecessor-version":[{"id":44578,"href":"https:\/\/www.peregrino.online\/fr\/wp-json\/wp\/v2\/pages\/1562\/revisions\/44578"}],"wp:attachment":[{"href":"https:\/\/www.peregrino.online\/fr\/wp-json\/wp\/v2\/media?parent=1562"}],"curies":[{"name":"wp","href":"https:\/\/api.w.org\/{rel}","templated":true}]}}