{"id":3312,"date":"2024-07-20T10:42:31","date_gmt":"2024-07-20T10:42:31","guid":{"rendered":"https:\/\/www.peregrino.online\/app-para-android-y-iphone\/"},"modified":"2026-01-10T14:40:31","modified_gmt":"2026-01-10T14:40:31","slug":"app-para-android-y-iphone","status":"publish","type":"page","link":"https:\/\/www.peregrino.online\/de\/app-para-android-y-iphone\/","title":{"rendered":"App Android y Iphone"},"content":{"rendered":"<div id=\"pl-3312\"  class=\"panel-layout\" ><div id=\"pg-3312-0\"  class=\"panel-grid panel-no-style\" ><div id=\"pgc-3312-0-0\"  class=\"panel-grid-cell\" ><div id=\"panel-3312-0-0-0\" class=\"so-panel widget widget_sow-editor panel-first-child panel-last-child widgetopts-SO\" data-index=\"0\" ><div\n\t\t\t\n\t\t\tclass=\"so-widget-sow-editor so-widget-sow-editor-base\"\n\t\t\t\n\t\t>\n<div class=\"siteorigin-widget-tinymce textwidget\">\n\t<p>.<br \/>\n.<\/p>\n<h2 class=\"etapa-heading\">App f\u00fcr Android und iPhone<\/h2>\n<\/div>\n<\/div><\/div><\/div><\/div><div id=\"pg-3312-1\"  class=\"panel-grid panel-no-style\" ><div id=\"pgc-3312-1-0\"  class=\"panel-grid-cell\" ><div id=\"panel-3312-1-0-0\" class=\"so-panel widget widget_sow-editor panel-first-child panel-last-child widgetopts-SO\" data-index=\"1\" ><div\n\t\t\t\n\t\t\tclass=\"so-widget-sow-editor so-widget-sow-editor-base\"\n\t\t\t\n\t\t>\n<div class=\"siteorigin-widget-tinymce textwidget\">\n\t<p><img loading=\"lazy\" decoding=\"async\" class=\"alignnone wp-image-3603 size-full\" src=\"https:\/\/www.peregrino.online\/wp-content\/uploads\/2024\/07\/cartelperegrino5002.jpg\" alt=\"\" width=\"500\" height=\"500\" srcset=\"https:\/\/www.peregrino.online\/wp-content\/uploads\/2024\/07\/cartelperegrino5002.jpg 500w, https:\/\/www.peregrino.online\/wp-content\/uploads\/2024\/07\/cartelperegrino5002-300x300.jpg 300w, https:\/\/www.peregrino.online\/wp-content\/uploads\/2024\/07\/cartelperegrino5002-150x150.jpg 150w\" sizes=\"auto, (max-width: 500px) 100vw, 500px\" \/><\/p>\n<\/div>\n<\/div><\/div><\/div><div id=\"pgc-3312-1-1\"  class=\"panel-grid-cell\" ><div id=\"panel-3312-1-1-0\" class=\"so-panel widget widget_sow-editor panel-first-child panel-last-child widgetopts-SO\" data-index=\"2\" ><div\n\t\t\t\n\t\t\tclass=\"so-widget-sow-editor so-widget-sow-editor-base\"\n\t\t\t\n\t\t>\n<div class=\"siteorigin-widget-tinymce textwidget\">\n\t<h3 style=\"text-align: center;\">Peregrino Online App<\/h3>\n<p style=\"text-align: justify;\">Verf\u00fcgbar f\u00fcr Android und iPhone, die Peregrino Online Guides. In der App stehen Ihnen die folgenden Wege zur Verf\u00fcgung:<\/p>\n<p style=\"text-align: justify;\"><strong>Franz\u00f6sischer Weg, <\/strong><strong>Zentraler Portugiesischer Weg, <\/strong><strong>K\u00fcstenweg Portugiesisch, <\/strong><strong>Via de la Plata, <\/strong><strong>Sanabres Weg, <\/strong><strong>Englischer Weg, <\/strong><strong>Winterweg und <\/strong><strong>Madrid Weg<\/strong><\/p>\n<p style=\"text-align: justify;\">Der Guide ist kostenlos und Sie k\u00f6nnen ihn mit auf den Weg nehmen. Er verf\u00fcgt \u00fcber Online-Karten, eine Option zum Herunterladen der Karte und zum Mitf\u00fchren auf Ihrem Telefon, alle Informationen zu Herbergen und Hotels, ...<\/p>\n<p style=\"text-align: justify;\">Sie k\u00f6nnen den Guide \u00fcber die QR-Codes im Bild oder \u00fcber die folgenden Links herunterladen:<\/p>\n<p style=\"text-align: justify;\">Android: <a href=\"https:\/\/play.google.com\/store\/apps\/details?id=com.independentrip.viadelaplata\">Link android<\/a><\/p>\n<p style=\"text-align: justify;\">iPhone: <a href=\"https:\/\/apps.apple.com\/es\/app\/peregrino-online\/id1066050811\">Link Apple<\/a><\/p>\n<\/div>\n<\/div><\/div><\/div><\/div><\/div>","protected":false},"excerpt":{"rendered":"<p>. . App f\u00fcr Android und iPhone Peregrino Online App Verf\u00fcgbar f\u00fcr Android und iPhone, die Peregrino Online Guides. In der App stehen Ihnen die folgenden Wege zur Verf\u00fcgung: Franz\u00f6sischer Weg, Zentraler Portugiesischer Weg, K\u00fcstenweg Portugiesisch, Via de la Plata, Sanabres Weg, Englischer Weg, Winterweg und Madrid Weg Der Guide ist kostenlos und Sie k\u00f6nnen &#8230; <a title=\"App Android y Iphone\" class=\"read-more\" href=\"https:\/\/www.peregrino.online\/de\/app-para-android-y-iphone\/\">Read more<\/a><\/p>\n","protected":false},"author":1,"featured_media":0,"parent":0,"menu_order":0,"comment_status":"closed","ping_status":"closed","template":"","meta":{"footnotes":""},"class_list":["post-3312","page","type-page","status-publish"],"_links":{"self":[{"href":"https:\/\/www.peregrino.online\/de\/wp-json\/wp\/v2\/pages\/3312","targetHints":{"allow":["GET"]}}],"collection":[{"href":"https:\/\/www.peregrino.online\/de\/wp-json\/wp\/v2\/pages"}],"about":[{"href":"https:\/\/www.peregrino.online\/de\/wp-json\/wp\/v2\/types\/page"}],"author":[{"embeddable":true,"href":"https:\/\/www.peregrino.online\/de\/wp-json\/wp\/v2\/users\/1"}],"replies":[{"embeddable":true,"href":"https:\/\/www.peregrino.online\/de\/wp-json\/wp\/v2\/comments?post=3312"}],"version-history":[{"count":0,"href":"https:\/\/www.peregrino.online\/de\/wp-json\/wp\/v2\/pages\/3312\/revisions"}],"wp:attachment":[{"href":"https:\/\/www.peregrino.online\/de\/wp-json\/wp\/v2\/media?parent=3312"}],"curies":[{"name":"wp","href":"https:\/\/api.w.org\/{rel}","templated":true}]}}