{"id":3259,"date":"2024-07-20T10:37:50","date_gmt":"2024-07-20T10:37:50","guid":{"rendered":"https:\/\/www.peregrino.online\/bicigrino\/"},"modified":"2026-03-29T06:32:30","modified_gmt":"2026-03-29T06:32:30","slug":"bicigrino","status":"publish","type":"page","link":"https:\/\/www.peregrino.online\/de\/bicigrino\/","title":{"rendered":"Bicigrino"},"content":{"rendered":"<div id=\"pl-3259\"  class=\"panel-layout\" ><div id=\"pg-3259-0\"  class=\"panel-grid panel-no-style\" ><div id=\"pgc-3259-0-0\"  class=\"panel-grid-cell panel-grid-cell-empty\" ><\/div><\/div><div id=\"pg-3259-1\"  class=\"panel-grid panel-no-style\" ><div id=\"pgc-3259-1-0\"  class=\"panel-grid-cell\" ><div id=\"panel-3259-1-0-0\" class=\"so-panel widget widget_sow-editor panel-first-child panel-last-child widgetopts-SO\" data-index=\"0\" ><div\n\t\t\t\n\t\t\tclass=\"so-widget-sow-editor so-widget-sow-editor-base\"\n\t\t\t\n\t\t>\n<div class=\"siteorigin-widget-tinymce textwidget\">\n\t<p>&nbsp;<\/p>\n<p><img loading=\"lazy\" decoding=\"async\" class=\"alignnone size-full wp-image-3813 aligncenter\" src=\"https:\/\/www.peregrino.online\/wp-content\/uploads\/2024\/07\/bici1web.jpg\" alt=\"\" width=\"450\" height=\"314\" srcset=\"https:\/\/www.peregrino.online\/wp-content\/uploads\/2024\/07\/bici1web.jpg 450w, https:\/\/www.peregrino.online\/wp-content\/uploads\/2024\/07\/bici1web-300x209.jpg 300w\" sizes=\"auto, (max-width: 450px) 100vw, 450px\" \/><\/p>\n<\/div>\n<\/div><\/div><\/div><div id=\"pgc-3259-1-1\"  class=\"panel-grid-cell\" ><div id=\"panel-3259-1-1-0\" class=\"so-panel widget widget_sow-editor panel-first-child panel-last-child widgetopts-SO\" data-index=\"1\" ><div\n\t\t\t\n\t\t\tclass=\"so-widget-sow-editor so-widget-sow-editor-base\"\n\t\t\t\n\t\t>\n<div class=\"siteorigin-widget-tinymce textwidget\">\n\t<p>&nbsp;<\/p>\n<h2 style=\"text-align: center;\">Der Weg f\u00fcr Radfahrer<\/h2>\n<p style=\"text-align: justify;\">Die meisten Reisef\u00fchrer ber\u00fccksichtigen nicht die besonderen Eigenschaften, den Weg mit dem Fahrrad zu bew\u00e4ltigen.<\/p>\n<p style=\"text-align: justify;\">In diesem F\u00fchrer haben wir Alternativen f\u00fcr Radfahrer in Orange markiert. Die Kriterien sind subjektiv, aber eine Alternative wurde gew\u00e4hlt, wenn der Weg h\u00e4ufiges Absteigen vom Fahrrad erforderte und eine bessere Option vorhanden war.<\/p>\n<\/div>\n<\/div><\/div><\/div><\/div><div id=\"pg-3259-2\"  class=\"panel-grid panel-no-style\" ><div id=\"pgc-3259-2-0\"  class=\"panel-grid-cell\" ><div id=\"panel-3259-2-0-0\" class=\"so-panel widget widget_sow-editor panel-first-child panel-last-child widgetopts-SO\" data-index=\"2\" ><div\n\t\t\t\n\t\t\tclass=\"so-widget-sow-editor so-widget-sow-editor-base\"\n\t\t\t\n\t\t>\n<div class=\"siteorigin-widget-tinymce textwidget\">\n\t<p><img loading=\"lazy\" decoding=\"async\" class=\"alignnone size-full wp-image-3852 aligncenter\" src=\"https:\/\/www.peregrino.online\/wp-content\/uploads\/2024\/07\/bici450.jpg\" alt=\"\" width=\"450\" height=\"338\" srcset=\"https:\/\/www.peregrino.online\/wp-content\/uploads\/2024\/07\/bici450.jpg 450w, https:\/\/www.peregrino.online\/wp-content\/uploads\/2024\/07\/bici450-300x225.jpg 300w\" sizes=\"auto, (max-width: 450px) 100vw, 450px\" \/><\/p>\n<\/div>\n<\/div><\/div><\/div><div id=\"pgc-3259-2-1\"  class=\"panel-grid-cell\" ><div id=\"panel-3259-2-1-0\" class=\"so-panel widget widget_sow-editor panel-first-child panel-last-child widgetopts-SO\" data-index=\"3\" ><div\n\t\t\t\n\t\t\tclass=\"so-widget-sow-editor so-widget-sow-editor-base\"\n\t\t\t\n\t\t>\n<div class=\"siteorigin-widget-tinymce textwidget\">\n\t<h2 style=\"text-align: center;\">Fahrradverleih<\/h2>\n<p style=\"text-align: justify;\">Wenn Sie Ihren Weg in <strong>Sevilla<\/strong> beginnen, empfehlen wir Ihnen, Fahrr\u00e4der im <a href=\"https:\/\/www.trianahostel.com\/\" target=\"_blank\" rel=\"noopener\">Hostel Triana<\/a> zu mieten.<\/p>\n<p style=\"text-align: justify;\">Um Preise und Bedingungen zu pr\u00fcfen: <a href=\"https:\/\/www.trianahostel.com\/alquiler-bicicletas-camino-de-santiago\" target=\"_blank\" rel=\"noopener\">Fahrradverleih f\u00fcr Pilger<\/a><\/p>\n<p style=\"text-align: justify;\">Der Vorteil ist, dass Sie das Fahrrad direkt vor Ort erhalten, wodurch Versandprobleme vermieden werden. Au\u00dferdem haben Sie die Sicherheit eines Betriebs mit fast 20 Jahren Erfahrung und ausgezeichneten Bewertungen auf <a href=\"https:\/\/maps.app.goo.gl\/f83M6zhsAu9HcNfJA\" target=\"_blank\" rel=\"noopener\">Google Maps<\/a>.<\/p>\n<\/div>\n<\/div><\/div><\/div><\/div><\/div>","protected":false},"excerpt":{"rendered":"<p>&nbsp; &nbsp; Der Weg f\u00fcr Radfahrer Die meisten Reisef\u00fchrer ber\u00fccksichtigen nicht die besonderen Eigenschaften, den Weg mit dem Fahrrad zu bew\u00e4ltigen. In diesem F\u00fchrer haben wir Alternativen f\u00fcr Radfahrer in Orange markiert. Die Kriterien sind subjektiv, aber eine Alternative wurde gew\u00e4hlt, wenn der Weg h\u00e4ufiges Absteigen vom Fahrrad erforderte und eine bessere Option vorhanden war.<\/p>\n","protected":false},"author":1,"featured_media":0,"parent":0,"menu_order":0,"comment_status":"closed","ping_status":"closed","template":"","meta":{"footnotes":""},"class_list":["post-3259","page","type-page","status-publish"],"_links":{"self":[{"href":"https:\/\/www.peregrino.online\/de\/wp-json\/wp\/v2\/pages\/3259","targetHints":{"allow":["GET"]}}],"collection":[{"href":"https:\/\/www.peregrino.online\/de\/wp-json\/wp\/v2\/pages"}],"about":[{"href":"https:\/\/www.peregrino.online\/de\/wp-json\/wp\/v2\/types\/page"}],"author":[{"embeddable":true,"href":"https:\/\/www.peregrino.online\/de\/wp-json\/wp\/v2\/users\/1"}],"replies":[{"embeddable":true,"href":"https:\/\/www.peregrino.online\/de\/wp-json\/wp\/v2\/comments?post=3259"}],"version-history":[{"count":2,"href":"https:\/\/www.peregrino.online\/de\/wp-json\/wp\/v2\/pages\/3259\/revisions"}],"predecessor-version":[{"id":44716,"href":"https:\/\/www.peregrino.online\/de\/wp-json\/wp\/v2\/pages\/3259\/revisions\/44716"}],"wp:attachment":[{"href":"https:\/\/www.peregrino.online\/de\/wp-json\/wp\/v2\/media?parent=3259"}],"curies":[{"name":"wp","href":"https:\/\/api.w.org\/{rel}","templated":true}]}}