{"id":3177,"date":"2024-07-20T08:39:59","date_gmt":"2024-07-20T08:39:59","guid":{"rendered":"https:\/\/www.peregrino.online\/camino-de-invierno\/"},"modified":"2026-02-03T09:57:03","modified_gmt":"2026-02-03T09:57:03","slug":"camino-invierno","status":"publish","type":"page","link":"https:\/\/www.peregrino.online\/de\/camino-invierno\/","title":{"rendered":"Camino de Invierno"},"content":{"rendered":"<div id=\"pl-3177\"  class=\"panel-layout\" ><div id=\"pg-3177-0\"  class=\"panel-grid panel-no-style\" ><div id=\"pgc-3177-0-0\"  class=\"panel-grid-cell\" ><div id=\"panel-3177-0-0-0\" class=\"so-panel widget widget_sow-editor panel-first-child\" data-index=\"0\" ><div\n\t\t\t\n\t\t\tclass=\"so-widget-sow-editor so-widget-sow-editor-base\"\n\t\t\t\n\t\t>\n<div class=\"siteorigin-widget-tinymce textwidget\">\n\t<p>&nbsp;<\/p>\n<h2 class=\"etapa-heading\">Camino de Invierno \u2013 Vollst\u00e4ndiger F\u00fchrer, Etappen, Planung und Tipps<\/h2>\n<\/div>\n<\/div><\/div><div id=\"panel-3177-0-0-1\" class=\"so-panel widget widget_sow-editor panel-last-child\" data-index=\"1\" ><div\n\t\t\t\n\t\t\tclass=\"so-widget-sow-editor so-widget-sow-editor-base\"\n\t\t\t\n\t\t>\n<div class=\"siteorigin-widget-tinymce textwidget\">\n\t<p><img loading=\"lazy\" decoding=\"async\" class=\"aligncenter wp-image-42864 size-full\" src=\"https:\/\/www.peregrino.online\/wp-content\/uploads\/2026\/02\/iniciode.jpg\" alt=\"\" width=\"600\" height=\"400\" srcset=\"https:\/\/www.peregrino.online\/wp-content\/uploads\/2026\/02\/iniciode.jpg 600w, https:\/\/www.peregrino.online\/wp-content\/uploads\/2026\/02\/iniciode-300x200.jpg 300w, https:\/\/www.peregrino.online\/wp-content\/uploads\/2026\/02\/iniciode-272x182.jpg 272w\" sizes=\"auto, (max-width: 600px) 100vw, 600px\" \/><\/p>\n<h2 style=\"text-align: center;\">Etappen des Camino de Invierno<\/h2>\n<\/div>\n<\/div><\/div><\/div><\/div><div id=\"pg-3177-1\"  class=\"panel-grid panel-no-style\" ><div id=\"pgc-3177-1-0\"  class=\"panel-grid-cell\" ><div id=\"panel-3177-1-0-0\" class=\"so-panel widget widget_sow-editor panel-first-child panel-last-child\" data-index=\"2\" ><div\n\t\t\t\n\t\t\tclass=\"so-widget-sow-editor so-widget-sow-editor-base\"\n\t\t\t\n\t\t>\n<div class=\"siteorigin-widget-tinymce textwidget\">\n\t<h3><\/h3>\n<h3 style=\"text-align: center;\"><a href=\"https:\/\/www.peregrino.online\/de\/camino-de-invierno\/etapas\/1-ponferrada-las-medulas\/\">1.Ponferrada-Las Medulas<\/a><\/h3>\n<div style=\"text-align: center;\"><a href=\"https:\/\/www.peregrino.online\/de\/camino-de-invierno\/etapas\/1-ponferrada-las-medulas\/\"><br \/>\n<img decoding=\"async\" style=\"width: 300px; height: 145px;\" src=\"https:\/\/peregrino.online\/camino-de-santiago\/invierno\/fotos\/Perfiles\/1.jpg\" alt=\"Profil 1.Ponferrada-Las Medulas\"><br \/>\n<\/a><\/div>\n<\/div>\n<\/div><\/div><\/div><div id=\"pgc-3177-1-1\"  class=\"panel-grid-cell\" ><div id=\"panel-3177-1-1-0\" class=\"so-panel widget widget_sow-editor panel-first-child panel-last-child\" data-index=\"3\" ><div\n\t\t\t\n\t\t\tclass=\"so-widget-sow-editor so-widget-sow-editor-base\"\n\t\t\t\n\t\t>\n<div class=\"siteorigin-widget-tinymce textwidget\">\n\t<h3 style=\"text-align: center;\"><a href=\"https:\/\/www.peregrino.online\/de\/camino-de-invierno\/etapas\/2-las-medulas-puente-de-domingo-florez\/\">2.Las Medulas-Puente de Domingo Florez<\/a><\/h3>\n<div style=\"text-align: center;\"><a href=\"https:\/\/www.peregrino.online\/de\/camino-de-invierno\/etapas\/2-las-medulas-puente-de-domingo-florez\/\"><br \/>\n<img decoding=\"async\" style=\"width: 300px; height: 145px;\" src=\"https:\/\/peregrino.online\/camino-de-santiago\/invierno\/fotos\/Perfiles\/2.jpg\" alt=\"Profil 2.Las Medulas-Puente de Domingo Florez\"><br \/>\n<\/a><\/div>\n<\/div>\n<\/div><\/div><\/div><div id=\"pgc-3177-1-2\"  class=\"panel-grid-cell\" ><div id=\"panel-3177-1-2-0\" class=\"so-panel widget widget_sow-editor panel-first-child panel-last-child\" data-index=\"4\" ><div\n\t\t\t\n\t\t\tclass=\"so-widget-sow-editor so-widget-sow-editor-base\"\n\t\t\t\n\t\t>\n<div class=\"siteorigin-widget-tinymce textwidget\">\n\t<h3 style=\"text-align: center;\"><a href=\"https:\/\/www.peregrino.online\/de\/camino-de-invierno\/etapas\/3-puente-o-barco-de-valdeorras\/\">3.Puente-O Barco de Valdeorras<\/a><\/h3>\n<div style=\"text-align: center;\"><a href=\"https:\/\/www.peregrino.online\/de\/camino-de-invierno\/etapas\/3-puente-o-barco-de-valdeorras\/\"><br \/>\n<img decoding=\"async\" style=\"width: 300px; height: 145px;\" src=\"https:\/\/peregrino.online\/camino-de-santiago\/invierno\/fotos\/Perfiles\/3.jpg\" alt=\"Profil 3.Puente-O Barco de Valdeorras\"><br \/>\n<\/a><\/div>\n<\/div>\n<\/div><\/div><\/div><\/div><div id=\"pg-3177-2\"  class=\"panel-grid panel-no-style\" ><div id=\"pgc-3177-2-0\"  class=\"panel-grid-cell\" ><div id=\"panel-3177-2-0-0\" class=\"so-panel widget widget_sow-editor panel-first-child panel-last-child\" data-index=\"5\" ><div\n\t\t\t\n\t\t\tclass=\"so-widget-sow-editor so-widget-sow-editor-base\"\n\t\t\t\n\t\t>\n<div class=\"siteorigin-widget-tinymce textwidget\">\n\t<h3 style=\"text-align: center;\"><a href=\"https:\/\/www.peregrino.online\/de\/camino-de-invierno\/etapas\/4-o-barco-a-rua\/\">4.O Barco-A Rua<\/a><\/h3>\n<div style=\"text-align: center;\"><a href=\"https:\/\/www.peregrino.online\/de\/camino-de-invierno\/etapas\/4-o-barco-a-rua\/\"><br \/>\n<img decoding=\"async\" style=\"width: 300px; height: 145px;\" src=\"https:\/\/peregrino.online\/camino-de-santiago\/invierno\/fotos\/Perfiles\/4.jpg\" alt=\"Profil 4.O Barco-A Rua\"><br \/>\n<\/a><\/div>\n<\/div>\n<\/div><\/div><\/div><div id=\"pgc-3177-2-1\"  class=\"panel-grid-cell\" ><div id=\"panel-3177-2-1-0\" class=\"so-panel widget widget_sow-editor panel-first-child panel-last-child\" data-index=\"6\" ><div\n\t\t\t\n\t\t\tclass=\"so-widget-sow-editor so-widget-sow-editor-base\"\n\t\t\t\n\t\t>\n<div class=\"siteorigin-widget-tinymce textwidget\">\n\t<h3 style=\"text-align: center;\"><a href=\"https:\/\/www.peregrino.online\/de\/camino-de-invierno\/etapas\/5-a-rua-quiroga\/\">5.A Rua-Quiroga<\/a><\/h3>\n<div style=\"text-align: center;\"><a href=\"https:\/\/www.peregrino.online\/de\/camino-de-invierno\/etapas\/5-a-rua-quiroga\/\"><br \/>\n<img decoding=\"async\" style=\"width: 300px; height: 145px;\" src=\"https:\/\/peregrino.online\/camino-de-santiago\/invierno\/fotos\/Perfiles\/5.jpg\" alt=\"Profil 5.A Rua-Quiroga\"><br \/>\n<\/a><\/div>\n<\/div>\n<\/div><\/div><\/div><div id=\"pgc-3177-2-2\"  class=\"panel-grid-cell\" ><div id=\"panel-3177-2-2-0\" class=\"so-panel widget widget_sow-editor panel-first-child panel-last-child\" data-index=\"7\" ><div\n\t\t\t\n\t\t\tclass=\"so-widget-sow-editor so-widget-sow-editor-base\"\n\t\t\t\n\t\t>\n<div class=\"siteorigin-widget-tinymce textwidget\">\n\t<h3 style=\"text-align: center;\"><a href=\"https:\/\/www.peregrino.online\/de\/camino-de-invierno\/etapas\/6-quiroga-monforte\/\">6.Quiroga-Monforte<\/a><\/h3>\n<div style=\"text-align: center;\"><a href=\"https:\/\/www.peregrino.online\/de\/camino-de-invierno\/etapas\/6-quiroga-monforte\/\"><br \/>\n<img decoding=\"async\" style=\"width: 300px; height: 145px;\" src=\"https:\/\/peregrino.online\/camino-de-santiago\/invierno\/fotos\/Perfiles\/6.jpg\" alt=\"Profil 6.Quiroga-Monforte\"><br \/>\n<\/a><\/div>\n<\/div>\n<\/div><\/div><\/div><\/div><div id=\"pg-3177-3\"  class=\"panel-grid panel-no-style\" ><div id=\"pgc-3177-3-0\"  class=\"panel-grid-cell\" ><div id=\"panel-3177-3-0-0\" class=\"so-panel widget widget_sow-editor panel-first-child panel-last-child\" data-index=\"8\" ><div\n\t\t\t\n\t\t\tclass=\"so-widget-sow-editor so-widget-sow-editor-base\"\n\t\t\t\n\t\t>\n<div class=\"siteorigin-widget-tinymce textwidget\">\n\t<h3 style=\"text-align: center;\"><a href=\"https:\/\/www.peregrino.online\/de\/camino-de-invierno\/etapas\/7-monforte-chantada\/\">7.Monforte-Chantada<\/a><\/h3>\n<div style=\"text-align: center;\"><a href=\"https:\/\/www.peregrino.online\/de\/camino-de-invierno\/etapas\/7-monforte-chantada\/\"><br \/>\n<img decoding=\"async\" style=\"width: 300px; height: 145px;\" src=\"https:\/\/peregrino.online\/camino-de-santiago\/invierno\/fotos\/Perfiles\/7.jpg\" alt=\"Profil 7.Monforte-Chantada\"><br \/>\n<\/a><\/div>\n<\/div>\n<\/div><\/div><\/div><div id=\"pgc-3177-3-1\"  class=\"panel-grid-cell\" ><div id=\"panel-3177-3-1-0\" class=\"so-panel widget widget_sow-editor panel-first-child panel-last-child\" data-index=\"9\" ><div\n\t\t\t\n\t\t\tclass=\"so-widget-sow-editor so-widget-sow-editor-base\"\n\t\t\t\n\t\t>\n<div class=\"siteorigin-widget-tinymce textwidget\">\n\t<h3 style=\"text-align: center;\"><a href=\"https:\/\/www.peregrino.online\/de\/camino-de-invierno\/etapas\/8-chantada-rodeiro\/\">8.Chantada-Rodeiro<\/a><\/h3>\n<div style=\"text-align: center;\"><a href=\"https:\/\/www.peregrino.online\/de\/camino-de-invierno\/etapas\/8-chantada-rodeiro\/\"><br \/>\n<img decoding=\"async\" style=\"width: 300px; height: 145px;\" src=\"https:\/\/peregrino.online\/camino-de-santiago\/invierno\/fotos\/Perfiles\/8.jpg\" alt=\"Profil 8.Chantada-Rodeiro\"><br \/>\n<\/a><\/div>\n<\/div>\n<\/div><\/div><\/div><div id=\"pgc-3177-3-2\"  class=\"panel-grid-cell\" ><div id=\"panel-3177-3-2-0\" class=\"so-panel widget widget_sow-editor panel-first-child panel-last-child\" data-index=\"10\" ><div\n\t\t\t\n\t\t\tclass=\"so-widget-sow-editor so-widget-sow-editor-base\"\n\t\t\t\n\t\t>\n<div class=\"siteorigin-widget-tinymce textwidget\">\n\t<h3 style=\"text-align: center;\"><a href=\"https:\/\/www.peregrino.online\/de\/camino-de-invierno\/etapas\/9-rodeiro-a-laxe\/\">9.Rodeiro-A Laxe<\/a><\/h3>\n<div style=\"text-align: center;\"><a href=\"https:\/\/www.peregrino.online\/de\/camino-de-invierno\/etapas\/9-rodeiro-a-laxe\/\"><br \/>\n<img decoding=\"async\" style=\"width: 300px; height: 145px;\" src=\"https:\/\/peregrino.online\/camino-de-santiago\/invierno\/fotos\/Perfiles\/9.jpg\" alt=\"Profil 9.Rodeiro-A Laxe\"><br \/>\n<\/a><\/div>\n<\/div>\n<\/div><\/div><\/div><\/div><div id=\"pg-3177-4\"  class=\"panel-grid panel-no-style\" ><div id=\"pgc-3177-4-0\"  class=\"panel-grid-cell\" ><div id=\"panel-3177-4-0-0\" class=\"so-panel widget widget_sow-editor panel-first-child panel-last-child\" data-index=\"11\" ><div\n\t\t\t\n\t\t\tclass=\"so-widget-sow-editor so-widget-sow-editor-base\"\n\t\t\t\n\t\t>\n<div class=\"siteorigin-widget-tinymce textwidget\">\n\t<h2 style=\"text-align: center;\">Camino de Invierno - Camino Sanabres<\/h2>\n<\/div>\n<\/div><\/div><\/div><\/div><div id=\"pg-3177-5\"  class=\"panel-grid panel-no-style\" ><div id=\"pgc-3177-5-0\"  class=\"panel-grid-cell\" ><div id=\"panel-3177-5-0-0\" class=\"so-panel widget widget_sow-editor panel-first-child panel-last-child\" data-index=\"12\" ><div\n\t\t\t\n\t\t\tclass=\"so-widget-sow-editor so-widget-sow-editor-base\"\n\t\t\t\n\t\t>\n<div class=\"siteorigin-widget-tinymce textwidget\">\n\t<p>\t&nbsp;<\/p>\n<h3 style=\"text-align: center;\"><a href=\"https:\/\/www.peregrino.online\/de\/sanabres-weg\/etapas\/18-a-laxe-ponte-ulla\/\">18.A Laxe-Ponte Ulla<\/a><\/h3>\n<div style=\"text-align: center;\"><a href=\"https:\/\/www.peregrino.online\/de\/sanabres-weg\/etapas\/18-a-laxe-ponte-ulla\/\"><br \/>\n<img decoding=\"async\" style=\"width: 300px; height: 145px;\" src=\"https:\/\/peregrino.online\/camino-de-santiago\/sanabres\/fotos\/Perfiles\/18.jpg\" alt=\"Profil 18.A Laxe-Ponte Ulla\"><br \/>\n<\/a><\/div>\n<\/div>\n<\/div><\/div><\/div><div id=\"pgc-3177-5-1\"  class=\"panel-grid-cell panel-grid-cell-mobile-last\" ><div id=\"panel-3177-5-1-0\" class=\"so-panel widget widget_sow-editor panel-first-child panel-last-child\" data-index=\"13\" ><div\n\t\t\t\n\t\t\tclass=\"so-widget-sow-editor so-widget-sow-editor-base\"\n\t\t\t\n\t\t>\n<div class=\"siteorigin-widget-tinymce textwidget\">\n\t<p>\t&nbsp;<\/p>\n<h3 style=\"text-align: center;\"><a href=\"https:\/\/www.peregrino.online\/de\/sanabres-weg\/etapas\/19-ponte-ulla-santiago\/\">19.Ponte Ulla-Santiago<\/a><\/h3>\n<div style=\"text-align: center;\"><a href=\"https:\/\/www.peregrino.online\/de\/sanabres-weg\/etapas\/19-ponte-ulla-santiago\/\"><br \/>\n<img decoding=\"async\" style=\"width: 300px; height: 145px;\" src=\"https:\/\/peregrino.online\/camino-de-santiago\/sanabres\/fotos\/Perfiles\/19.jpg\" alt=\"Profil 19.Ponte Ulla-Santiago\"><br \/>\n<\/a><\/div>\n<\/div>\n<\/div><\/div><\/div><div id=\"pgc-3177-5-2\"  class=\"panel-grid-cell panel-grid-cell-empty\" ><\/div><\/div><div id=\"pg-3177-6\"  class=\"panel-grid panel-no-style\" ><div id=\"pgc-3177-6-0\"  class=\"panel-grid-cell\" ><div id=\"panel-3177-6-0-0\" class=\"so-panel widget widget_sow-editor panel-first-child panel-last-child\" data-index=\"14\" ><div\n\t\t\t\n\t\t\tclass=\"so-widget-sow-editor so-widget-sow-editor-base\"\n\t\t\t\n\t\t>\n<div class=\"siteorigin-widget-tinymce textwidget\">\n\t<section id=\"camino-ingles-pilar\" class=\"camino-pilar\">\n<h1>Vollst\u00e4ndiger F\u00fchrer zum Camino de Invierno<\/h2>\n<p>Der <strong>Camino de Invierno<\/strong> ist eine der weniger bekannten historischen Routen des <strong>Jakobswegs<\/strong>. Er entstand als <strong>Alternative zum Camino Franc\u00e9s<\/strong> w\u00e4hrend der k\u00e4ltesten Monate des Jahres, als die Pilger die harten Wetterbedingungen und den Schnee in den Bergp\u00e4ssen von <strong>O Cebreiro<\/strong> vermieden.<\/p>\n<p>Diese Route verl\u00e4uft haupts\u00e4chlich durch das Innere Galiciens und durchquert Regionen von gro\u00dfem landschaftlichen, weinbaulichen und kulturellen Wert, wie <strong>El Bierzo<\/strong>, die <strong>Ribeira Sacra<\/strong> und das Tal des Flusses Mi\u00f1o. Es ist ein l\u00e4ngerer, einsamerer und anspruchsvollerer Weg als andere Jakobswege, ideal f\u00fcr erfahrene Pilger oder f\u00fcr diejenigen, die ein authentisches, ruhiges und tief mit dem Gebiet verbundenes Erlebnis suchen.<\/p>\n<p>Der Camino de Invierno bietet ein anderes Erlebnis: weniger \u00dcberf\u00fcllung, mehr Kontakt mit der Natur und einen starken historischen und l\u00e4ndlichen Charakter.<\/p>\n<hr>\n<h2>Von wo aus beginnt der Camino de Invierno?<\/h2>\n<h3>Camino de Invierno von Ponferrada<\/h3>\n<ul>\n<li><strong>Ungef\u00e4hre Entfernung:<\/strong> 260 km<\/li>\n<li><strong>Anzahl der Etappen:<\/strong> 10\u201312<\/li>\n<li><strong>Anspruch auf Compostela:<\/strong> Ja<\/li>\n<li><strong>Art der Route:<\/strong> inland, l\u00e4ndlich und bergig<\/li>\n<li><strong>Profil:<\/strong> Pilger mit Zeit und Erfahrung<\/li>\n<\/ul>\n<hr>\n<h2>Etappen des Camino de Invierno<\/h2>\n<p>Der <strong>Camino de Invierno von Ponferrada<\/strong> hat eine ungef\u00e4hre L\u00e4nge von <strong>260 Kilometern<\/strong> und wird normalerweise in <strong>10 bis 12 Etappen<\/strong> organisiert, abh\u00e4ngig vom Tempo des Pilgers und der Planung der Route.<\/p>\n<table style=\"width: 100%; border-collapse: collapse; margin: 20px 0;\" border=\"1\" cellspacing=\"0\" cellpadding=\"8\">\n<thead>\n<tr>\n<th>Etappe<\/th>\n<th>Abschnitt<\/th>\n<th>Ungef. Entfernung<\/th>\n<\/tr>\n<\/thead>\n<tbody>\n<tr>\n<td>1<\/td>\n<td><a href=\"https:\/\/www.peregrino.online\/de\/camino-de-invierno\/etapas\/1-ponferrada-las-medulas\/\"><br \/>\nPonferrada \u2013 Las M\u00e9dulas<br \/>\n<\/a><\/td>\n<td>27,9 km<\/td>\n<\/tr>\n<tr>\n<td>2<\/td>\n<td><a href=\"https:\/\/www.peregrino.online\/de\/camino-de-invierno\/etapas\/2-las-medulas-puente-de-domingo-florez\/\"><br \/>\nLas M\u00e9dulas \u2013 Puente de Domingo Fl\u00f3rez<br \/>\n<\/a><\/td>\n<td>10,0 km<\/td>\n<\/tr>\n<tr>\n<td>3<\/td>\n<td><a href=\"https:\/\/www.peregrino.online\/de\/camino-de-invierno\/etapas\/3-puente-o-barco-de-valdeorras\/\"><br \/>\nPuente de Domingo Fl\u00f3rez \u2013 O Barco de Valdeorras<br \/>\n<\/a><\/td>\n<td>17,6 km<\/td>\n<\/tr>\n<tr>\n<td>4<\/td>\n<td><a href=\"https:\/\/www.peregrino.online\/de\/camino-de-invierno\/etapas\/4-o-barco-a-rua\/\"><br \/>\nO Barco de Valdeorras \u2013 A R\u00faa<br \/>\n<\/a><\/td>\n<td>14,2 km<\/td>\n<\/tr>\n<tr>\n<td>5<\/td>\n<td><a href=\"https:\/\/www.peregrino.online\/de\/camino-de-invierno\/etapas\/5-a-rua-quiroga\/\"><br \/>\nA R\u00faa \u2013 Quiroga<br \/>\n<\/a><\/td>\n<td>25,9 km<\/td>\n<\/tr>\n<tr>\n<td>6<\/td>\n<td><a href=\"https:\/\/www.peregrino.online\/de\/camino-de-invierno\/etapas\/6-quiroga-monforte\/\"><br \/>\nQuiroga \u2013 Monforte de Lemos<br \/>\n<\/a><\/td>\n<td>35,5 km<\/td>\n<\/tr>\n<tr>\n<td>7<\/td>\n<td><a href=\"https:\/\/www.peregrino.online\/de\/camino-de-invierno\/etapas\/7-monforte-chantada\/\"><br \/>\nMonforte de Lemos \u2013 Chantada<br \/>\n<\/a><\/td>\n<td>29,3 km<\/td>\n<\/tr>\n<tr>\n<td>8<\/td>\n<td><a href=\"https:\/\/www.peregrino.online\/de\/camino-de-invierno\/etapas\/8-chantada-rodeiro\/\"><br \/>\nChantada \u2013 Rodeiro<br \/>\n<\/a><\/td>\n<td>25,6 km<\/td>\n<\/tr>\n<tr>\n<td>9<\/td>\n<td><a href=\"https:\/\/www.peregrino.online\/de\/camino-de-invierno\/etapas\/9-rodeiro-a-laxe\/\"><br \/>\nRodeiro \u2013 A Laxe<br \/>\n<\/a><\/td>\n<td>27,7 km<\/td>\n<\/tr>\n<tr>\n<td>10<\/td>\n<td><a href=\"https:\/\/www.peregrino.online\/de\/sanabres-weg\/etapas\/18-a-laxe-ponte-ulla\/\"><br \/>\nA Laxe \u2013 Ponte Ulla<br \/>\n<\/a><\/td>\n<td>29,9 km<\/td>\n<\/tr>\n<tr>\n<td>11<\/td>\n<td><a href=\"https:\/\/www.peregrino.online\/de\/sanabres-weg\/etapas\/19-ponte-ulla-santiago\/\"><br \/>\nPonte Ulla \u2013 Santiago de Compostela<br \/>\n<\/a><\/td>\n<td>20,5 km<\/td>\n<\/tr>\n<tr>\n<td colspan=\"2\"><strong>Gesamtentfernung des Camino de Invierno<\/strong><\/td>\n<td><strong>264,1 km<\/strong><\/td>\n<\/tr>\n<\/tbody>\n<\/table>\n<hr>\n<h2>H\u00e4ufig gestellte Fragen zum Camino de Invierno<\/h2>\n<h3>Wie viele Kilometer hat der Camino de Invierno?<\/h3>\n<p>Der Camino de Invierno hat eine ungef\u00e4hre Entfernung von <strong>250 bis 270 Kilometern<\/strong>, je nach Varianten und Umwegen.<\/p>\n<h3>Wie viele Tage dauert der Camino de Invierno?<\/h3>\n<p>Am h\u00e4ufigsten wird er in <strong>10 bis 12 Tagen<\/strong> zur\u00fcckgelegt.<\/p>\n<h3>Ist der Camino de Invierno schwierig?<\/h3>\n<p>Er wird als <strong>mittel bis anspruchsvoll<\/strong> eingestuft, mit bedeutenden H\u00f6henunterschieden, langen Etappen und Bergabschnitten.<\/p>\n<h3>Kann man die Compostela erhalten?<\/h3>\n<p>Ja. Er \u00fcbertrifft bei weitem die erforderlichen <strong>mindestens 100 km<\/strong>.<\/p>\n<h3>Was ist die beste Zeit daf\u00fcr?<\/h3>\n<p>Fr\u00fchling und Herbst. Winter ist m\u00f6glich, erfordert aber gute Planung und Erfahrung.<\/p>\n<hr>\n<h2>Statistiken zum Camino de Invierno<\/h2>\n<p>Der <strong>Camino de Invierno<\/strong> ist eine der neuesten Routen des <strong>Jakobswegs<\/strong>. Seine Wiederherstellung und moderne Beschilderung begann im Jahr <strong>2009<\/strong> und obwohl sein Wachstum progressiv war, hat er in den letzten Jahren einen stetigen Anstieg der Pilgerzahlen erlebt.<\/p>\n<p>Im Jahr <strong>2025<\/strong> haben insgesamt <strong>2.750 Pilger<\/strong> den Camino de Invierno zur\u00fcckgelegt. Obwohl diese Zahl im Vergleich zu anderen etablierteren Jakobswegen noch gering ist, stellt sie eine <strong>sehr bedeutende Steigerung<\/strong> gegen\u00fcber den etwa <strong>1.000 im Jahr 2019 registrierten Pilgern<\/strong> dar, was das wachsende Interesse an dieser weniger \u00fcberf\u00fcllten Alternative best\u00e4tigt.<\/p>\n<h3>Herkunft der Pilger des Camino de Invierno<\/h3>\n<p>In Bezug auf die Herkunft waren <strong>66 % der Pilger, die den Camino de Invierno im Jahr 2025 absolvierten, Spanier<\/strong>. Diese klare nationale Vorherrschaft erkl\u00e4rt sich gr\u00f6\u00dftenteils dadurch, dass es sich um einen Weg handelt, der <strong>im Ausland noch wenig bekannt<\/strong> ist.<\/p>\n<p>Unter den am st\u00e4rksten vertretenen internationalen Nationalit\u00e4ten befinden sich, weit hinter den Spaniern, <strong>Portugal, Italien, die Vereinigten Staaten, Polen und Deutschland<\/strong>, was ein Potenzial f\u00fcr zuk\u00fcnftiges Wachstum auf internationaler Ebene widerspiegelt.<\/p>\n<h3>Startpunkte des Camino de Invierno<\/h3>\n<p>Die <strong>\u00fcberwiegende Mehrheit der Pilger begann den Camino de Invierno in Ponferrada<\/strong>. Konkret begannen <strong>mehr als 1.500 Personen<\/strong> dort ihre Pilgerreise, was <strong>mehr als 67 % der Gesamtzahl<\/strong> entspricht.<\/p>\n<p>Der zweitwichtigste Startpunkt ist <strong>Monforte de Lemos<\/strong> mit <strong>mehr als 850 Pilgern<\/strong>. Da Monforte etwa <strong>130 Kilometer von Santiago de Compostela<\/strong> entfernt liegt, erm\u00f6glicht es die Erf\u00fcllung der Mindestentfernung f\u00fcr den Erhalt der <strong>Compostela<\/strong>. Die \u00fcbrigen Startorte weisen deutlich geringere Zahlen auf.<\/p>\n<h3>Monate mit der h\u00f6chsten Pilgerzahl<\/h3>\n<p>Die Monate mit der <strong>h\u00f6chsten Pilgerzahl auf dem Camino de Invierno<\/strong> sind <strong>Mai, Juni und Juli<\/strong>, mit einem Durchschnitt von etwa <strong>zwischen 400 und 500 Pilgern pro Monat<\/strong>. Diese h\u00f6here Konzentration f\u00e4llt mit g\u00fcnstigeren Wetterbedingungen und Urlaubszeiten zusammen.<\/p>\n<h3>Art der Pilgerreise<\/h3>\n<p><strong>Fast alle Pilger absolvieren den Camino de Invierno zu Fu\u00df<\/strong>. Im Jahr <strong>2025<\/strong> haben jedoch etwa <strong>100 Pilger<\/strong> die Route <strong>mit dem Fahrrad<\/strong> zur\u00fcckgelegt, was ungef\u00e4hr <strong>4 % der Gesamtzahl<\/strong> entspricht.<\/p>\n<hr>\n<h2>Wie kommt man nach Ponferrada<\/h2>\n<p>Ponferrada ist der traditionelle Startpunkt des Camino de Invierno.<\/p>\n<h3>Mit dem Zug<\/h3>\n<p>Es verf\u00fcgt \u00fcber einen Bahnhof mit Verbindungen von Le\u00f3n, Galicien und Madrid.<\/p>\n<h3>Mit dem Bus<\/h3>\n<p>Regelm\u00e4\u00dfige Buslinien verbinden Ponferrada mit den wichtigsten St\u00e4dten im Nordwesten.<\/p>\n<h3>Mit dem Auto<\/h3>\n<p>Gute Stra\u00dfenanbindung von Le\u00f3n, Galicien und Asturien.<\/p>\n<hr>\n<h2>Planung des Camino de Invierno<\/h2>\n<h3>Ben\u00f6tigte Tage<\/h3>\n<p>Zwischen 10 und 14 Tagen.<\/p>\n<h3>Schwierigkeitsgrad<\/h3>\n<p>Mittel bis hoch.<\/p>\n<h3>Infrastruktur<\/h3>\n<ul>\n<li>Begrenzte Herbergen<\/li>\n<li>Unregelm\u00e4\u00dfige Dienstleistungen<\/li>\n<li>Lange Abschnitte ohne Ortschaften<\/li>\n<\/ul>\n<hr>\n<h2>Vorbereitung des Pilgers<\/h2>\n<ul>\n<li>Gute k\u00f6rperliche Verfassung<\/li>\n<li>Technisches Bergschuhwerk<\/li>\n<li>Leichter aber vollst\u00e4ndiger Rucksack<\/li>\n<li>Thermo- und Regenkleidung<\/li>\n<li>Pilgerausweis<\/li>\n<\/ul>\n<hr>\n<h2>F\u00fcr wen ist der Camino de Invierno ideal?<\/h2>\n<ul>\n<li>Erfahrene Pilger<\/li>\n<li>Berg- und Naturliebhaber<\/li>\n<li>Diejenigen, die Einsamkeit und Authentizit\u00e4t suchen<\/li>\n<li>Pilger, die \u00fcberf\u00fcllte Routen meiden<\/li>\n<\/ul>\n<hr>\n<h2>Vorteile des Camino de Invierno<\/h2>\n<ul>\n<li>Sehr geringe \u00dcberf\u00fcllung<\/li>\n<li>Hoher landschaftlicher Reichtum<\/li>\n<li>Historischer und kultureller Wert<\/li>\n<li>Direkter Kontakt mit der l\u00e4ndlichen Umgebung<\/li>\n<\/ul>\n<hr>\n<h2>Der Camino de Invierno innerhalb des Jakobswegs<\/h2>\n<p>Der Camino de Invierno ist Teil des offiziellen Netzwerks der Jakobswege. Er ist eine historische Alternative zum Camino Franc\u00e9s und eine der authentischsten und anspruchsvollsten Routen des Jakobswegs.<\/p>\n<hr>\n<h2>Der Camino de Invierno in Bildern<\/h2>\n<div class=\"camino-galeria\">\n<figure><img decoding=\"async\" src=\"https:\/\/peregrino.online\/camino-de-santiago\/invierno\/fotos\/fetap\/1\/2km0,7.jpg\" alt=\"Ponferrada, Beginn des Camino de Invierno\"><figcaption>Ponferrada, Beginn des Camino de Invierno<\/figcaption><\/figure>\n<figure><img decoding=\"async\" src=\"https:\/\/peregrino.online\/camino-de-santiago\/invierno\/fotos\/fetap\/1\/15km16,6.jpg\" alt=\"Burg Cornatel in der N\u00e4he von Las M\u00e9dulas am Camino de Invierno\"><figcaption>Burg Cornatel in der N\u00e4he von Las M\u00e9dulas am Camino de Invierno<\/figcaption><\/figure>\n<figure><img decoding=\"async\" src=\"https:\/\/peregrino.online\/camino-de-santiago\/invierno\/fotos\/fetap\/2\/5km3,8.jpg\" alt=\"Offizielle Beschilderung des Camino de Invierno\"><figcaption>Offizielle Beschilderung des Camino de Invierno<\/figcaption><\/figure>\n<figure><img decoding=\"async\" src=\"https:\/\/peregrino.online\/camino-de-santiago\/invierno\/fotos\/fetap\/3\/3km1,1.jpg\" alt=\"Pilger nahe der Grenze zu Galicien\"><figcaption>Pilger nahe der Grenze zu Galicien<\/figcaption><\/figure>\n<figure><img decoding=\"async\" src=\"https:\/\/peregrino.online\/camino-de-santiago\/invierno\/fotos\/fetap\/5\/18km17,9.jpg\" alt=\"Fluss Mi\u00f1o in der N\u00e4he von Quiroga\"><figcaption>Fluss Mi\u00f1o in der N\u00e4he von Quiroga<\/figcaption><\/figure>\n<figure><img decoding=\"async\" src=\"https:\/\/peregrino.online\/camino-de-santiago\/invierno\/fotos\/fetap\/7\/1km0,0.jpg\" alt=\"Fluss Mi\u00f1o in der N\u00e4he von Quiroga\"><figcaption>Monforte de Lemos, wichtiger Knotenpunkt des Camino de Invierno<\/figcaption><\/figure>\n<figure><img decoding=\"async\" src=\"https:\/\/peregrino.online\/camino-de-santiago\/invierno\/fotos\/fetap\/8\/11km15,2.jpg\" alt=\"L\u00e4ndliche Landschaft zwischen Chantada und Rodeiro\"><figcaption>L\u00e4ndliche Landschaft des Camino de Invierno zwischen Chantada und Rodeiro<\/figcaption><\/figure>\n<figure><img decoding=\"async\" src=\"https:\/\/peregrino.online\/camino-de-santiago\/invierno\/fotos\/fetap\/9\/25km27,1.jpg\" alt=\"A Laxe, Verbindung mit dem Camino Sanabr\u00e9s\"><figcaption>A Laxe, Verbindungspunkt mit dem Camino Sanabr\u00e9s<\/figcaption><\/figure>\n<\/div>\n<\/section>\n<\/div>\n<\/div><\/div><\/div><\/div><\/div>","protected":false},"excerpt":{"rendered":"<p>&nbsp; Camino de Invierno \u2013 Vollst\u00e4ndiger F\u00fchrer, Etappen, Planung und Tipps Etappen des Camino de Invierno 1.Ponferrada-Las Medulas 2.Las Medulas-Puente de Domingo Florez 3.Puente-O Barco de Valdeorras<\/p>\n","protected":false},"author":1,"featured_media":0,"parent":0,"menu_order":0,"comment_status":"closed","ping_status":"closed","template":"","meta":{"footnotes":""},"class_list":["post-3177","page","type-page","status-publish"],"_links":{"self":[{"href":"https:\/\/www.peregrino.online\/de\/wp-json\/wp\/v2\/pages\/3177","targetHints":{"allow":["GET"]}}],"collection":[{"href":"https:\/\/www.peregrino.online\/de\/wp-json\/wp\/v2\/pages"}],"about":[{"href":"https:\/\/www.peregrino.online\/de\/wp-json\/wp\/v2\/types\/page"}],"author":[{"embeddable":true,"href":"https:\/\/www.peregrino.online\/de\/wp-json\/wp\/v2\/users\/1"}],"replies":[{"embeddable":true,"href":"https:\/\/www.peregrino.online\/de\/wp-json\/wp\/v2\/comments?post=3177"}],"version-history":[{"count":0,"href":"https:\/\/www.peregrino.online\/de\/wp-json\/wp\/v2\/pages\/3177\/revisions"}],"wp:attachment":[{"href":"https:\/\/www.peregrino.online\/de\/wp-json\/wp\/v2\/media?parent=3177"}],"curies":[{"name":"wp","href":"https:\/\/api.w.org\/{rel}","templated":true}]}}