{"id":1584,"date":"2018-09-24T17:18:06","date_gmt":"2018-09-24T17:18:06","guid":{"rendered":"http:\/\/www.peregrino.online\/android-iphone-camino-de-santiago-alquiler-bicicletas-peregrinos\/"},"modified":"2026-03-11T04:51:49","modified_gmt":"2026-03-11T04:51:49","slug":"android-iphone-camino-de-santiago-alquiler-bicicletas-peregrinos","status":"publish","type":"page","link":"https:\/\/www.peregrino.online\/de\/","title":{"rendered":"Home"},"content":{"rendered":"<div id=\"pl-1584\"  class=\"panel-layout\" ><div id=\"pg-1584-0\"  class=\"panel-grid panel-no-style\" ><div id=\"pgc-1584-0-0\"  class=\"panel-grid-cell\" ><div id=\"panel-1584-0-0-0\" class=\"so-panel widget widget_sow-editor panel-first-child panel-last-child widgetopts-SO\" data-index=\"0\" ><div\n\t\t\t\n\t\t\tclass=\"so-widget-sow-editor so-widget-sow-editor-base\"\n\t\t\t\n\t\t>\n<div class=\"siteorigin-widget-tinymce textwidget\">\n\t<p>.<br \/>\n.<\/p>\n<h2 class=\"etapa-heading\">App f\u00fcr Android und iPhone<\/h2>\n<\/div>\n<\/div><\/div><\/div><\/div><div id=\"pg-1584-1\"  class=\"panel-grid panel-no-style\" ><div id=\"pgc-1584-1-0\"  class=\"panel-grid-cell\" ><div id=\"panel-1584-1-0-0\" class=\"so-panel widget widget_sow-editor panel-first-child panel-last-child widgetopts-SO\" data-index=\"1\" ><div\n\t\t\t\n\t\t\tclass=\"so-widget-sow-editor so-widget-sow-editor-base\"\n\t\t\t\n\t\t>\n<div class=\"siteorigin-widget-tinymce textwidget\">\n\t<p>&nbsp;<\/p>\n<p><img loading=\"lazy\" decoding=\"async\" class=\"alignnone size-full wp-image-3210 aligncenter\" src=\"https:\/\/www.peregrino.online\/wp-content\/uploads\/2024\/07\/cartelperegrino5002.jpg\" alt=\"\" width=\"500\" height=\"500\" \/><\/p>\n<\/div>\n<\/div><\/div><\/div><div id=\"pgc-1584-1-1\"  class=\"panel-grid-cell\" ><div id=\"panel-1584-1-1-0\" class=\"so-panel widget widget_sow-editor panel-first-child panel-last-child widgetopts-SO\" data-index=\"2\" ><div\n\t\t\t\n\t\t\tclass=\"so-widget-sow-editor so-widget-sow-editor-base\"\n\t\t\t\n\t\t>\n<div class=\"siteorigin-widget-tinymce textwidget\">\n\t<h3 style=\"text-align: center;\">Peregrino Online App<\/h3>\n<p style=\"text-align: justify;\">Verf\u00fcgbar f\u00fcr Android und iPhone, die Peregrino Online Guides. In der App stehen Ihnen die folgenden Wege zur Verf\u00fcgung:<\/p>\n<p style=\"text-align: justify;\"><strong>Franz\u00f6sischer Weg, <\/strong><strong>Zentraler Portugiesischer Weg, <\/strong><strong>K\u00fcstenweg Portugiesisch, <\/strong><strong>Via de la Plata, <\/strong><strong>Sanabres Weg, <\/strong><strong>Englischer Weg, <\/strong><strong>Winterweg und <\/strong><strong>Madrid Weg<\/strong><\/p>\n<p style=\"text-align: justify;\">Der Guide ist kostenlos und Sie k\u00f6nnen ihn mit auf den Weg nehmen. Er verf\u00fcgt \u00fcber Online-Karten, eine Option zum Herunterladen der Karte und zum Mitf\u00fchren auf Ihrem Telefon, alle Informationen zu Herbergen und Hotels, ...<\/p>\n<p style=\"text-align: justify;\">Sie k\u00f6nnen den Guide \u00fcber die QR-Codes im Bild oder \u00fcber die folgenden Links herunterladen:<\/p>\n<p style=\"text-align: justify;\">Android: <a href=\"https:\/\/play.google.com\/store\/apps\/details?id=com.independentrip.viadelaplata\">Link android<\/a><\/p>\n<p style=\"text-align: justify;\">iPhone: <a href=\"https:\/\/apps.apple.com\/es\/app\/peregrino-online\/id1066050811\">Link Apple<\/a><\/p>\n<\/div>\n<\/div><\/div><\/div><\/div><div id=\"pg-1584-2\"  class=\"panel-grid panel-no-style\" ><div id=\"pgc-1584-2-0\"  class=\"panel-grid-cell\" ><div id=\"panel-1584-2-0-0\" class=\"so-panel widget widget_sow-editor panel-first-child panel-last-child widgetopts-SO\" data-index=\"3\" ><div\n\t\t\t\n\t\t\tclass=\"so-widget-sow-editor so-widget-sow-editor-base\"\n\t\t\t\n\t\t>\n<div class=\"siteorigin-widget-tinymce textwidget\">\n\t<p>&nbsp;<\/p>\n<h2 style=\"text-align: center;\">Jakobsweg-Reisef\u00fchrer zur Planung deiner Route<\/h2>\n<\/div>\n<\/div><\/div><\/div><\/div><div id=\"pg-1584-3\"  class=\"panel-grid panel-no-style\" ><div id=\"pgc-1584-3-0\"  class=\"panel-grid-cell\" ><div id=\"panel-1584-3-0-0\" class=\"so-panel widget widget_sow-button panel-first-child panel-last-child widgetopts-SO\" data-index=\"4\" ><div\n\t\t\t\n\t\t\tclass=\"so-widget-sow-button so-widget-sow-button-wire-c100ba1edcca-1584\"\n\t\t\t\n\t\t><div class=\"ow-button-base ow-button-align-center\"\n>\n\t\t\t<a\n\t\t\t\t\thref=\"https:\/\/www.peregrino.online\/de\/camino-frances\/\"\n\t\t\t\t\tclass=\"sowb-button ow-icon-placement-top ow-button-hover\" \t>\n\t\t<span>\n\t\t\t\t\t\t\t<div class=\"sow-icon-image\" style=\"background-image: url(https:\/\/www.peregrino.online\/wp-content\/uploads\/2018\/09\/Concha512x512-150x150.png)\"><\/div>\n\t\t\t\t\n\t\t\tFranz\u00f6sischer Jakobsweg\t\t<\/span>\n\t\t\t<\/a>\n\t<\/div>\n<\/div><\/div><\/div><div id=\"pgc-1584-3-1\"  class=\"panel-grid-cell\" ><div id=\"panel-1584-3-1-0\" class=\"so-panel widget widget_sow-button panel-first-child panel-last-child widgetopts-SO\" data-index=\"5\" ><div\n\t\t\t\n\t\t\tclass=\"so-widget-sow-button so-widget-sow-button-wire-c100ba1edcca-1584\"\n\t\t\t\n\t\t><div class=\"ow-button-base ow-button-align-center\"\n>\n\t\t\t<a\n\t\t\t\t\thref=\"https:\/\/www.peregrino.online\/de\/camino-portugues-central-costa\/\"\n\t\t\t\t\tclass=\"sowb-button ow-icon-placement-top ow-button-hover\" \t>\n\t\t<span>\n\t\t\t\t\t\t\t<div class=\"sow-icon-image\" style=\"background-image: url(https:\/\/www.peregrino.online\/wp-content\/uploads\/2018\/09\/Concha512x512-150x150.png)\"><\/div>\n\t\t\t\t\n\t\t\tPortugiesischer Jakobsweg Zentral\t\t<\/span>\n\t\t\t<\/a>\n\t<\/div>\n<\/div><\/div><\/div><div id=\"pgc-1584-3-2\"  class=\"panel-grid-cell\" ><div id=\"panel-1584-3-2-0\" class=\"so-panel widget widget_sow-button panel-first-child panel-last-child widgetopts-SO\" data-index=\"6\" ><div\n\t\t\t\n\t\t\tclass=\"so-widget-sow-button so-widget-sow-button-wire-c100ba1edcca-1584\"\n\t\t\t\n\t\t><div class=\"ow-button-base ow-button-align-center\"\n>\n\t\t\t<a\n\t\t\t\t\thref=\"https:\/\/www.peregrino.online\/camino-portugues-central-costa\/\"\n\t\t\t\t\tclass=\"sowb-button ow-icon-placement-top ow-button-hover\" \t>\n\t\t<span>\n\t\t\t\t\t\t\t<div class=\"sow-icon-image\" style=\"background-image: url(https:\/\/www.peregrino.online\/wp-content\/uploads\/2018\/09\/Concha512x512-150x150.png)\"><\/div>\n\t\t\t\t\n\t\t\tPortugiesischer Jakobsweg  K\u00fcste\t\t<\/span>\n\t\t\t<\/a>\n\t<\/div>\n<\/div><\/div><\/div><div id=\"pgc-1584-3-3\"  class=\"panel-grid-cell\" ><div id=\"panel-1584-3-3-0\" class=\"so-panel widget widget_sow-button panel-first-child panel-last-child widgetopts-SO\" data-index=\"7\" ><div\n\t\t\t\n\t\t\tclass=\"so-widget-sow-button so-widget-sow-button-wire-c100ba1edcca-1584\"\n\t\t\t\n\t\t><div class=\"ow-button-base ow-button-align-center\"\n>\n\t\t\t<a\n\t\t\t\t\thref=\"https:\/\/www.peregrino.online\/de\/via-de-la-plata\/\"\n\t\t\t\t\tclass=\"sowb-button ow-icon-placement-top ow-button-hover\" \t>\n\t\t<span>\n\t\t\t\t\t\t\t<div class=\"sow-icon-image\" style=\"background-image: url(https:\/\/www.peregrino.online\/wp-content\/uploads\/2018\/09\/Concha512x512-150x150.png)\"><\/div>\n\t\t\t\t\n\t\t\tVia de la Plata\t\t<\/span>\n\t\t\t<\/a>\n\t<\/div>\n<\/div><\/div><\/div><\/div><div id=\"pg-1584-4\"  class=\"panel-grid panel-no-style\" ><div id=\"pgc-1584-4-0\"  class=\"panel-grid-cell\" ><div id=\"panel-1584-4-0-0\" class=\"so-panel widget widget_sow-editor panel-first-child panel-last-child widgetopts-SO\" data-index=\"8\" ><div\n\t\t\t\n\t\t\tclass=\"so-widget-sow-editor so-widget-sow-editor-base\"\n\t\t\t\n\t\t>\n<div class=\"siteorigin-widget-tinymce textwidget\">\n\t<p>&nbsp;<\/p>\n<\/div>\n<\/div><\/div><\/div><\/div><div id=\"pg-1584-5\"  class=\"panel-grid panel-no-style\" ><div id=\"pgc-1584-5-0\"  class=\"panel-grid-cell\" ><div id=\"panel-1584-5-0-0\" class=\"so-panel widget widget_sow-button panel-first-child panel-last-child widgetopts-SO\" data-index=\"9\" ><div\n\t\t\t\n\t\t\tclass=\"so-widget-sow-button so-widget-sow-button-wire-c100ba1edcca-1584\"\n\t\t\t\n\t\t><div class=\"ow-button-base ow-button-align-center\"\n>\n\t\t\t<a\n\t\t\t\t\thref=\"https:\/\/www.peregrino.online\/de\/camino-sanabres\/\"\n\t\t\t\t\tclass=\"sowb-button ow-icon-placement-top ow-button-hover\" \t>\n\t\t<span>\n\t\t\t\t\t\t\t<div class=\"sow-icon-image\" style=\"background-image: url(https:\/\/www.peregrino.online\/wp-content\/uploads\/2018\/09\/Concha512x512-150x150.png)\"><\/div>\n\t\t\t\t\n\t\t\tSanabr\u00e9s-Weg\t\t<\/span>\n\t\t\t<\/a>\n\t<\/div>\n<\/div><\/div><\/div><div id=\"pgc-1584-5-1\"  class=\"panel-grid-cell\" ><div id=\"panel-1584-5-1-0\" class=\"so-panel widget widget_sow-button panel-first-child panel-last-child widgetopts-SO\" data-index=\"10\" ><div\n\t\t\t\n\t\t\tclass=\"so-widget-sow-button so-widget-sow-button-wire-c100ba1edcca-1584\"\n\t\t\t\n\t\t><div class=\"ow-button-base ow-button-align-center\"\n>\n\t\t\t<a\n\t\t\t\t\thref=\"https:\/\/www.peregrino.online\/de\/camino-ingles\/\"\n\t\t\t\t\tclass=\"sowb-button ow-icon-placement-top ow-button-hover\" \t>\n\t\t<span>\n\t\t\t\t\t\t\t<div class=\"sow-icon-image\" style=\"background-image: url(https:\/\/www.peregrino.online\/wp-content\/uploads\/2018\/09\/Concha512x512-150x150.png)\"><\/div>\n\t\t\t\t\n\t\t\tEnglischer Weg\t\t<\/span>\n\t\t\t<\/a>\n\t<\/div>\n<\/div><\/div><\/div><div id=\"pgc-1584-5-2\"  class=\"panel-grid-cell\" ><div id=\"panel-1584-5-2-0\" class=\"so-panel widget widget_sow-button panel-first-child panel-last-child widgetopts-SO\" data-index=\"11\" ><div\n\t\t\t\n\t\t\tclass=\"so-widget-sow-button so-widget-sow-button-wire-c100ba1edcca-1584\"\n\t\t\t\n\t\t><div class=\"ow-button-base ow-button-align-center\"\n>\n\t\t\t<a\n\t\t\t\t\thref=\"https:\/\/www.peregrino.online\/de\/camino-invierno\/\"\n\t\t\t\t\tclass=\"sowb-button ow-icon-placement-top ow-button-hover\" \t>\n\t\t<span>\n\t\t\t\t\t\t\t<div class=\"sow-icon-image\" style=\"background-image: url(https:\/\/www.peregrino.online\/wp-content\/uploads\/2018\/09\/Concha512x512-150x150.png)\"><\/div>\n\t\t\t\t\n\t\t\tWinterweg\t\t<\/span>\n\t\t\t<\/a>\n\t<\/div>\n<\/div><\/div><\/div><div id=\"pgc-1584-5-3\"  class=\"panel-grid-cell\" ><div id=\"panel-1584-5-3-0\" class=\"so-panel widget widget_sow-button panel-first-child panel-last-child widgetopts-SO\" data-index=\"12\" ><div\n\t\t\t\n\t\t\tclass=\"so-widget-sow-button so-widget-sow-button-wire-c100ba1edcca-1584\"\n\t\t\t\n\t\t><div class=\"ow-button-base ow-button-align-center\"\n>\n\t\t\t<a\n\t\t\t\t\thref=\"https:\/\/www.peregrino.online\/de\/camino-de-madrid\/\"\n\t\t\t\t\tclass=\"sowb-button ow-icon-placement-top ow-button-hover\" \t>\n\t\t<span>\n\t\t\t\t\t\t\t<div class=\"sow-icon-image\" style=\"background-image: url(https:\/\/www.peregrino.online\/wp-content\/uploads\/2018\/09\/Concha512x512-150x150.png)\"><\/div>\n\t\t\t\t\n\t\t\tMadrid Weg\t\t<\/span>\n\t\t\t<\/a>\n\t<\/div>\n<\/div><\/div><\/div><\/div><div id=\"pg-1584-6\"  class=\"panel-grid panel-no-style\" ><div id=\"pgc-1584-6-0\"  class=\"panel-grid-cell\" ><div id=\"panel-1584-6-0-0\" class=\"so-panel widget widget_sow-editor panel-first-child widgetopts-SO\" data-index=\"13\" ><div\n\t\t\t\n\t\t\tclass=\"so-widget-sow-editor so-widget-sow-editor-base\"\n\t\t\t\n\t\t>\n<div class=\"siteorigin-widget-tinymce textwidget\">\n\t<p>.<\/p>\n<h2 class=\"etapa-heading\">Fitur-Preis Beste Touristische App<\/h2>\n<p><img loading=\"lazy\" decoding=\"async\" class=\"aligncenter wp-image-2327 size-full\" src=\"https:\/\/www.peregrino.online\/wp-content\/uploads\/2019\/03\/premio-FITUR-Peregrino-Online.jpg\" alt=\"\" width=\"600\" height=\"436\" srcset=\"https:\/\/www.peregrino.online\/wp-content\/uploads\/2019\/03\/premio-FITUR-Peregrino-Online.jpg 600w, https:\/\/www.peregrino.online\/wp-content\/uploads\/2019\/03\/premio-FITUR-Peregrino-Online-300x218.jpg 300w\" sizes=\"auto, (max-width: 600px) 100vw, 600px\" \/><\/p>\n<\/div>\n<\/div><\/div><div id=\"panel-1584-6-0-1\" class=\"so-panel widget widget_media_image panel-last-child\" data-index=\"14\" ><img loading=\"lazy\" decoding=\"async\" width=\"1000\" height=\"282\" src=\"https:\/\/www.peregrino.online\/wp-content\/uploads\/2018\/09\/muchosmoviles1.jpg\" class=\"image wp-image-385  attachment-full size-full\" alt=\"\" style=\"max-width: 100%; height: auto;\" srcset=\"https:\/\/www.peregrino.online\/wp-content\/uploads\/2018\/09\/muchosmoviles1.jpg 1000w, https:\/\/www.peregrino.online\/wp-content\/uploads\/2018\/09\/muchosmoviles1-300x85.jpg 300w, https:\/\/www.peregrino.online\/wp-content\/uploads\/2018\/09\/muchosmoviles1-768x217.jpg 768w\" sizes=\"auto, (max-width: 1000px) 100vw, 1000px\" \/><\/div><\/div><\/div><\/div>","protected":false},"excerpt":{"rendered":"<p>. . App f\u00fcr Android und iPhone &nbsp; Peregrino Online App Verf\u00fcgbar f\u00fcr Android und iPhone, die Peregrino Online Guides. In der App stehen Ihnen die folgenden Wege zur Verf\u00fcgung: Franz\u00f6sischer Weg, Zentraler Portugiesischer Weg, K\u00fcstenweg Portugiesisch, Via de la Plata, Sanabres Weg, Englischer Weg, Winterweg und Madrid Weg Der Guide ist kostenlos und Sie &#8230; <a title=\"Home\" class=\"read-more\" href=\"https:\/\/www.peregrino.online\/de\/\">Read more<\/a><\/p>\n","protected":false},"author":1,"featured_media":0,"parent":0,"menu_order":0,"comment_status":"closed","ping_status":"closed","template":"","meta":{"footnotes":""},"class_list":["post-1584","page","type-page","status-publish"],"_links":{"self":[{"href":"https:\/\/www.peregrino.online\/de\/wp-json\/wp\/v2\/pages\/1584","targetHints":{"allow":["GET"]}}],"collection":[{"href":"https:\/\/www.peregrino.online\/de\/wp-json\/wp\/v2\/pages"}],"about":[{"href":"https:\/\/www.peregrino.online\/de\/wp-json\/wp\/v2\/types\/page"}],"author":[{"embeddable":true,"href":"https:\/\/www.peregrino.online\/de\/wp-json\/wp\/v2\/users\/1"}],"replies":[{"embeddable":true,"href":"https:\/\/www.peregrino.online\/de\/wp-json\/wp\/v2\/comments?post=1584"}],"version-history":[{"count":6,"href":"https:\/\/www.peregrino.online\/de\/wp-json\/wp\/v2\/pages\/1584\/revisions"}],"predecessor-version":[{"id":44580,"href":"https:\/\/www.peregrino.online\/de\/wp-json\/wp\/v2\/pages\/1584\/revisions\/44580"}],"wp:attachment":[{"href":"https:\/\/www.peregrino.online\/de\/wp-json\/wp\/v2\/media?parent=1584"}],"curies":[{"name":"wp","href":"https:\/\/api.w.org\/{rel}","templated":true}]}}